{"id":9333,"date":"2026-04-01T07:58:12","date_gmt":"2026-04-01T07:58:12","guid":{"rendered":"https:\/\/electrobennjima.tn\/?post_type=product&#038;p=9333"},"modified":"2026-04-01T07:58:12","modified_gmt":"2026-04-01T07:58:12","slug":"t-v-c-tcl-55-qled55p7k-qled-uhd-4k","status":"publish","type":"product","link":"https:\/\/electrobennjima.tn\/en\/t-v-c-tcl-55-qled55p7k-qled-uhd-4k\/","title":{"rendered":"T.V.C TCL 55 \/ QLED55P7K &#8211; QLED UHD 4K"},"content":{"rendered":"<table id=\"product-attribute-specs-table\" class=\"data table additional-attributes\">\n<tbody>\n<tr>\n<th class=\"col label\" scope=\"row\">R\u00e9f\u00e9rence<\/th>\n<td class=\"col data\" data-th=\"gtin\">TVTCLQLED55P7K<\/td>\n<\/tr>\n<tr>\n<th class=\"col label\" scope=\"row\">Marque<\/th>\n<td class=\"col data\" data-th=\"Marque\">TCL<\/td>\n<\/tr>\n<tr>\n<th class=\"col label\" scope=\"row\">S\u00e9ries TV<\/th>\n<td class=\"col data\" data-th=\"S\u00e9ries TV\">P7K<\/td>\n<\/tr>\n<tr>\n<th class=\"col label\" scope=\"row\">Syst\u00e8me d&rsquo;exploitation<\/th>\n<td class=\"col data\" data-th=\"Syst\u00e8me d'exploitation\">Google TV<\/td>\n<\/tr>\n<tr>\n<th class=\"col label\" scope=\"row\">Taille de l&rsquo;\u00e9cran<\/th>\n<td class=\"col data\" data-th=\"Taille de l'\u00e9cran\">55 Pouces<\/td>\n<\/tr>\n<tr>\n<th class=\"col label\" scope=\"row\">Ecran Incurv\u00e9<\/th>\n<td class=\"col data\" data-th=\"Ecran Incurv\u00e9\">Non<\/td>\n<\/tr>\n<tr>\n<th class=\"col label\" scope=\"row\">Ecran<\/th>\n<td class=\"col data\" data-th=\"Ecran\">UHD (4K)<\/td>\n<\/tr>\n<tr>\n<th class=\"col label\" scope=\"row\">R\u00e9solution d&rsquo;\u00e9crans<\/th>\n<td class=\"col data\" data-th=\"R\u00e9solution d'\u00e9crans\">3840 x 2160 pixels<\/td>\n<\/tr>\n<tr>\n<th class=\"col label\" scope=\"row\">Norme HD<\/th>\n<td class=\"col data\" data-th=\"Norme HD\">4K UHD<\/td>\n<\/tr>\n<tr>\n<th class=\"col label\" scope=\"row\">R\u00e9cepteur Int\u00e9gr\u00e9<\/th>\n<td class=\"col data\" data-th=\"R\u00e9cepteur Int\u00e9gr\u00e9\">Non<\/td>\n<\/tr>\n<tr>\n<th class=\"col label\" scope=\"row\">Smart TV<\/th>\n<td class=\"col data\" data-th=\"Smart TV\">Oui<\/td>\n<\/tr>\n<tr>\n<th class=\"col label\" scope=\"row\">Compatible HDR<\/th>\n<td class=\"col data\" data-th=\"Compatible HDR\">Oui<\/td>\n<\/tr>\n<tr>\n<th class=\"col label\" scope=\"row\">TV 3D<\/th>\n<td class=\"col data\" data-th=\"TV 3D\">Non<\/td>\n<\/tr>\n<tr>\n<th class=\"col label\" scope=\"row\">Interface R\u00e9seau<\/th>\n<td class=\"col data\" data-th=\"Interface R\u00e9seau\">RJ45<\/td>\n<\/tr>\n<tr>\n<th class=\"col label\" scope=\"row\">Bluetooth<\/th>\n<td class=\"col data\" data-th=\"Bluetooth\">Oui<\/td>\n<\/tr>\n<tr>\n<th class=\"col label\" scope=\"row\">Audio<\/th>\n<td class=\"col data\" data-th=\"Audio\">Dolby Atmos<\/td>\n<\/tr>\n<tr>\n<th class=\"col label\" scope=\"row\">Puissance de haut-parleur<\/th>\n<td class=\"col data\" data-th=\"Puissance de haut-parleur\">2x10W+15W<\/td>\n<\/tr>\n<tr>\n<th class=\"col label\" scope=\"row\">Connecteurs<\/th>\n<td class=\"col data\" data-th=\"Connecteurs\">3 x HDMI | 2 x USB | 1 x Ethernet (LAN)<\/td>\n<\/tr>\n<tr>\n<th class=\"col label\" scope=\"row\">Dimensions<\/th>\n<td class=\"col data\" data-th=\"Dimensions\">1224 x 708 x 69.5 mm (sans support)<\/td>\n<\/tr>\n<tr>\n<th class=\"col label\" scope=\"row\">Poids<\/th>\n<td class=\"col data\" data-th=\"Poids\">10.5 Kg (sans support)<\/td>\n<\/tr>\n<tr>\n<th class=\"col label\" scope=\"row\">Couleur<\/th>\n<td class=\"col data\" data-th=\"Couleur\">Noir<\/td>\n<\/tr>\n<tr>\n<th class=\"col label\" scope=\"row\">Garantie<\/th>\n<td class=\"col data\" data-th=\"Garantie\">2 ans<\/td>\n<\/tr>\n<\/tbody>\n<\/table>","protected":false},"excerpt":{"rendered":"<p>R\u00e9f\u00e9rence TVTCLQLED55P7K Marque TCL S\u00e9ries TV P7K Syst\u00e8me d&rsquo;exploitation Google TV Taille de l&rsquo;\u00e9cran 55 Pouces Ecran Incurv\u00e9 Non Ecran UHD (4K) R\u00e9solution d&rsquo;\u00e9crans 3840 x 2160 pixels Norme HD 4K UHD R\u00e9cepteur Int\u00e9gr\u00e9 Non Smart TV Oui Compatible HDR Oui TV 3D Non Interface R\u00e9seau RJ45 Bluetooth Oui Audio Dolby Atmos Puissance de haut-parleur [&hellip;]<\/p>","protected":false},"featured_media":9334,"comment_status":"open","ping_status":"closed","template":"","meta":[],"product_brand":[182],"product_cat":[145,180,144],"product_tag":[],"class_list":{"0":"post-9333","1":"product","2":"type-product","3":"status-publish","4":"has-post-thumbnail","6":"product_brand-tcl","7":"product_cat-televiseurs","8":"product_cat-televiseurs-tcl","9":"product_cat-tv-image-et-son","11":"first","12":"instock","13":"shipping-taxable","14":"purchasable","15":"product-type-simple"},"_links":{"self":[{"href":"https:\/\/electrobennjima.tn\/en\/wp-json\/wp\/v2\/product\/9333","targetHints":{"allow":["GET"]}}],"collection":[{"href":"https:\/\/electrobennjima.tn\/en\/wp-json\/wp\/v2\/product"}],"about":[{"href":"https:\/\/electrobennjima.tn\/en\/wp-json\/wp\/v2\/types\/product"}],"replies":[{"embeddable":true,"href":"https:\/\/electrobennjima.tn\/en\/wp-json\/wp\/v2\/comments?post=9333"}],"wp:featuredmedia":[{"embeddable":true,"href":"https:\/\/electrobennjima.tn\/en\/wp-json\/wp\/v2\/media\/9334"}],"wp:attachment":[{"href":"https:\/\/electrobennjima.tn\/en\/wp-json\/wp\/v2\/media?parent=9333"}],"wp:term":[{"taxonomy":"product_brand","embeddable":true,"href":"https:\/\/electrobennjima.tn\/en\/wp-json\/wp\/v2\/product_brand?post=9333"},{"taxonomy":"product_cat","embeddable":true,"href":"https:\/\/electrobennjima.tn\/en\/wp-json\/wp\/v2\/product_cat?post=9333"},{"taxonomy":"product_tag","embeddable":true,"href":"https:\/\/electrobennjima.tn\/en\/wp-json\/wp\/v2\/product_tag?post=9333"}],"curies":[{"name":"wp","href":"https:\/\/api.w.org\/{rel}","templated":true}]}}