{"id":9339,"date":"2026-04-01T08:02:49","date_gmt":"2026-04-01T08:02:49","guid":{"rendered":"https:\/\/electrobennjima.tn\/?post_type=product&#038;p=9339"},"modified":"2026-04-01T08:02:49","modified_gmt":"2026-04-01T08:02:49","slug":"t-v-c-tcl-65-p755-uhd-google-tv","status":"publish","type":"product","link":"https:\/\/electrobennjima.tn\/en\/t-v-c-tcl-65-p755-uhd-google-tv\/","title":{"rendered":"T.V.C TCL 65 \/ P755 &#8211; UHD GOOGLE TV"},"content":{"rendered":"<table id=\"product-attribute-specs-table\" class=\"data table additional-attributes\">\n<tbody>\n<tr>\n<th class=\"col label\" scope=\"row\">R\u00e9f\u00e9rence<\/th>\n<td class=\"col data\" data-th=\"Prix\">TVTCL65P755<\/td>\n<\/tr>\n<tr>\n<th class=\"col label\" scope=\"row\">Marque<\/th>\n<td class=\"col data\" data-th=\"R\u00e9f\u00e9rence:\">Tcl<\/td>\n<\/tr>\n<tr>\n<th class=\"col label\" scope=\"row\">Garantie<\/th>\n<td class=\"col data\" data-th=\"Garantie:\">1 an<\/td>\n<\/tr>\n<tr>\n<th class=\"col label\" scope=\"row\">Taille Ecran<\/th>\n<td class=\"col data\" data-th=\"Taille Ecran:\">65\u2033<\/td>\n<\/tr>\n<tr>\n<th class=\"col label\" scope=\"row\">R\u00e9solution<\/th>\n<td class=\"col data\" data-th=\"R\u00e9solution:\">(3840\u00d72160) Pixels<\/td>\n<\/tr>\n<tr>\n<th class=\"col label\" scope=\"row\">Technologie d&rsquo;affichage<\/th>\n<td class=\"col data\" data-th=\"Technologie d'affichage :\">LED<\/td>\n<\/tr>\n<tr>\n<th class=\"col label\" scope=\"row\">Smart TV<\/th>\n<td class=\"col data\" data-th=\"Smart TV\">Oui<\/td>\n<\/tr>\n<tr>\n<th class=\"col label\" scope=\"row\">R\u00e9solution Image<\/th>\n<td class=\"col data\" data-th=\"R\u00e9solution Image\">UHD (4K)<\/td>\n<\/tr>\n<tr>\n<th class=\"col label\" scope=\"row\">R\u00e9cepteur Int\u00e9gr\u00e9<\/th>\n<td class=\"col data\" data-th=\"R\u00e9cepteur Int\u00e9gr\u00e9 \">Oui<\/td>\n<\/tr>\n<tr>\n<th class=\"col label\" scope=\"row\">Syst\u00e8me D\u2019exploitation:<\/th>\n<td class=\"col data\" data-th=\"Syst\u00e8me D\u2019exploitation:\">Android 14<\/td>\n<\/tr>\n<tr>\n<th class=\"col label\" scope=\"row\">HDR<\/th>\n<td class=\"col data\" data-th=\"HDR\">10+<\/td>\n<\/tr>\n<tr>\n<th class=\"col label\" scope=\"row\">Connecteurs<\/th>\n<td class=\"col data\" data-th=\"Connecteurs\">3x HDMI<\/td>\n<\/tr>\n<tr>\n<th class=\"col label\" scope=\"row\">Sortie Audio<\/th>\n<td class=\"col data\" data-th=\"Sortie Audio\">2 x 15 W<\/td>\n<\/tr>\n<tr>\n<th class=\"col label\" scope=\"row\">Wifi<\/th>\n<td class=\"col data\" data-th=\"Wifi\">Oui<\/td>\n<\/tr>\n<tr>\n<th class=\"col label\" scope=\"row\">Bluetooth<\/th>\n<td class=\"col data\" data-th=\"Bluetooth:\">5.1<\/td>\n<\/tr>\n<tr>\n<th class=\"col label\" scope=\"row\">Couleur<\/th>\n<td class=\"col data\" data-th=\"Couleur:\">Noir<\/td>\n<\/tr>\n<\/tbody>\n<\/table>","protected":false},"excerpt":{"rendered":"<p>R\u00e9f\u00e9rence TVTCL65P755 Marque Tcl Garantie 1 an Taille Ecran 65\u2033 R\u00e9solution (3840\u00d72160) Pixels Technologie d&rsquo;affichage LED Smart TV Oui R\u00e9solution Image UHD (4K) R\u00e9cepteur Int\u00e9gr\u00e9 Oui Syst\u00e8me D\u2019exploitation: Android 14 HDR 10+ Connecteurs 3x HDMI Sortie Audio 2 x 15 W Wifi Oui Bluetooth 5.1 Couleur Noir<\/p>","protected":false},"featured_media":9340,"comment_status":"open","ping_status":"closed","template":"","meta":[],"product_brand":[182],"product_cat":[145,180,144],"product_tag":[],"class_list":{"0":"post-9339","1":"product","2":"type-product","3":"status-publish","4":"has-post-thumbnail","6":"product_brand-tcl","7":"product_cat-televiseurs","8":"product_cat-televiseurs-tcl","9":"product_cat-tv-image-et-son","11":"first","12":"instock","13":"shipping-taxable","14":"purchasable","15":"product-type-simple"},"_links":{"self":[{"href":"https:\/\/electrobennjima.tn\/en\/wp-json\/wp\/v2\/product\/9339","targetHints":{"allow":["GET"]}}],"collection":[{"href":"https:\/\/electrobennjima.tn\/en\/wp-json\/wp\/v2\/product"}],"about":[{"href":"https:\/\/electrobennjima.tn\/en\/wp-json\/wp\/v2\/types\/product"}],"replies":[{"embeddable":true,"href":"https:\/\/electrobennjima.tn\/en\/wp-json\/wp\/v2\/comments?post=9339"}],"wp:featuredmedia":[{"embeddable":true,"href":"https:\/\/electrobennjima.tn\/en\/wp-json\/wp\/v2\/media\/9340"}],"wp:attachment":[{"href":"https:\/\/electrobennjima.tn\/en\/wp-json\/wp\/v2\/media?parent=9339"}],"wp:term":[{"taxonomy":"product_brand","embeddable":true,"href":"https:\/\/electrobennjima.tn\/en\/wp-json\/wp\/v2\/product_brand?post=9339"},{"taxonomy":"product_cat","embeddable":true,"href":"https:\/\/electrobennjima.tn\/en\/wp-json\/wp\/v2\/product_cat?post=9339"},{"taxonomy":"product_tag","embeddable":true,"href":"https:\/\/electrobennjima.tn\/en\/wp-json\/wp\/v2\/product_tag?post=9339"}],"curies":[{"name":"wp","href":"https:\/\/api.w.org\/{rel}","templated":true}]}}