{"id":9341,"date":"2026-04-01T08:10:20","date_gmt":"2026-04-01T08:10:20","guid":{"rendered":"https:\/\/electrobennjima.tn\/?post_type=product&#038;p=9341"},"modified":"2026-04-01T08:10:20","modified_gmt":"2026-04-01T08:10:20","slug":"t-v-c-tcl-65-qled65p8k","status":"publish","type":"product","link":"https:\/\/electrobennjima.tn\/en\/t-v-c-tcl-65-qled65p8k\/","title":{"rendered":"T.V.C TCL 65 \/ QLED65P8K"},"content":{"rendered":"<table id=\"product-attribute-specs-table\" class=\"data table additional-attributes\">\n<tbody>\n<tr>\n<th class=\"col label\" scope=\"row\">R\u00e9f\u00e9rence<\/th>\n<td class=\"col data\" data-th=\"gtin\">TVQLEDD65P8K<\/td>\n<\/tr>\n<tr>\n<th class=\"col label\" scope=\"row\">Marque<\/th>\n<td class=\"col data\" data-th=\"Marque\">TCL<\/td>\n<\/tr>\n<tr>\n<th class=\"col label\" scope=\"row\">Syst\u00e8me d&rsquo;exploitation<\/th>\n<td class=\"col data\" data-th=\"S\u00e9ries TV\">Google TV<\/td>\n<\/tr>\n<tr>\n<th class=\"col label\" scope=\"row\">Taille de l&rsquo;\u00e9cran<\/th>\n<td class=\"col data\" data-th=\"Syst\u00e8me d'exploitation\">65<\/td>\n<\/tr>\n<tr>\n<th class=\"col label\" scope=\"row\">R\u00e9solution Ecran<\/th>\n<td class=\"col data\" data-th=\"Taille de l'\u00e9cran\">3840 \u00d7 2160 px<\/td>\n<\/tr>\n<tr>\n<th class=\"col label\" scope=\"row\">Connectivit\u00e9<\/th>\n<td class=\"col data\" data-th=\"Ecran Incurv\u00e9\">Wifi, Bluetooth, Ethernet<\/td>\n<\/tr>\n<tr>\n<th class=\"col label\" scope=\"row\">Couleurs<\/th>\n<td class=\"col data\" data-th=\"Ecran\">Noir<\/td>\n<\/tr>\n<tr>\n<th class=\"col label\" scope=\"row\">Dimensions \/ Poids<\/th>\n<td class=\"col data\" data-th=\"R\u00e9solution d'\u00e9crans\">sans support : 1444 x 893 x 295 mm \/ avec support : 1444*893*295<\/td>\n<\/tr>\n<tr>\n<th class=\"col label\" scope=\"row\">Garantie<\/th>\n<td class=\"col data\" data-th=\"Norme HD\">2 ans<\/td>\n<\/tr>\n<\/tbody>\n<\/table>","protected":false},"excerpt":{"rendered":"<p>R\u00e9f\u00e9rence TVQLEDD65P8K Marque TCL Syst\u00e8me d&rsquo;exploitation Google TV Taille de l&rsquo;\u00e9cran 65 R\u00e9solution Ecran 3840 \u00d7 2160 px Connectivit\u00e9 Wifi, Bluetooth, Ethernet Couleurs Noir Dimensions \/ Poids sans support : 1444 x 893 x 295 mm \/ avec support : 1444*893*295 Garantie 2 ans<\/p>","protected":false},"featured_media":9342,"comment_status":"open","ping_status":"closed","template":"","meta":[],"product_brand":[182],"product_cat":[145,180,144],"product_tag":[],"class_list":{"0":"post-9341","1":"product","2":"type-product","3":"status-publish","4":"has-post-thumbnail","6":"product_brand-tcl","7":"product_cat-televiseurs","8":"product_cat-televiseurs-tcl","9":"product_cat-tv-image-et-son","11":"first","12":"instock","13":"shipping-taxable","14":"purchasable","15":"product-type-simple"},"_links":{"self":[{"href":"https:\/\/electrobennjima.tn\/en\/wp-json\/wp\/v2\/product\/9341","targetHints":{"allow":["GET"]}}],"collection":[{"href":"https:\/\/electrobennjima.tn\/en\/wp-json\/wp\/v2\/product"}],"about":[{"href":"https:\/\/electrobennjima.tn\/en\/wp-json\/wp\/v2\/types\/product"}],"replies":[{"embeddable":true,"href":"https:\/\/electrobennjima.tn\/en\/wp-json\/wp\/v2\/comments?post=9341"}],"wp:featuredmedia":[{"embeddable":true,"href":"https:\/\/electrobennjima.tn\/en\/wp-json\/wp\/v2\/media\/9342"}],"wp:attachment":[{"href":"https:\/\/electrobennjima.tn\/en\/wp-json\/wp\/v2\/media?parent=9341"}],"wp:term":[{"taxonomy":"product_brand","embeddable":true,"href":"https:\/\/electrobennjima.tn\/en\/wp-json\/wp\/v2\/product_brand?post=9341"},{"taxonomy":"product_cat","embeddable":true,"href":"https:\/\/electrobennjima.tn\/en\/wp-json\/wp\/v2\/product_cat?post=9341"},{"taxonomy":"product_tag","embeddable":true,"href":"https:\/\/electrobennjima.tn\/en\/wp-json\/wp\/v2\/product_tag?post=9341"}],"curies":[{"name":"wp","href":"https:\/\/api.w.org\/{rel}","templated":true}]}}