{"id":9364,"date":"2026-04-01T08:49:06","date_gmt":"2026-04-01T08:49:06","guid":{"rendered":"https:\/\/electrobennjima.tn\/?post_type=product&#038;p=9364"},"modified":"2026-04-01T08:49:06","modified_gmt":"2026-04-01T08:49:06","slug":"t-v-c-telefunken-c6-fhd-recepteur","status":"publish","type":"product","link":"https:\/\/electrobennjima.tn\/en\/t-v-c-telefunken-c6-fhd-recepteur\/","title":{"rendered":"T.V.C TELEFUNKEN C6 FHD + RECEPTEUR"},"content":{"rendered":"<table id=\"product-attribute-specs-table\" class=\"data table additional-attributes\">\n<tbody>\n<tr>\n<th class=\"col label\" scope=\"row\">r\u00e9f\u00e9rence<\/th>\n<td class=\"col data\" data-th=\"gtin\">TVTF40C6<\/td>\n<\/tr>\n<tr>\n<th class=\"col label\" scope=\"row\">Marque<\/th>\n<td class=\"col data\" data-th=\"Marque\">TELEFUNKEN<\/td>\n<\/tr>\n<tr>\n<th class=\"col label\" scope=\"row\">Dimensions<\/th>\n<td class=\"col data\" data-th=\"S\u00e9ries TV\">88 x 51<\/td>\n<\/tr>\n<tr>\n<th class=\"col label\" scope=\"row\">Taille de l&rsquo;\u00e9cran<\/th>\n<td class=\"col data\" data-th=\"Taille de l'\u00e9cran\">40 pouces<\/td>\n<\/tr>\n<tr>\n<th class=\"col label\" scope=\"row\">Type d&rsquo;\u00e9cran<\/th>\n<td class=\"col data\" data-th=\"Ecran Incurv\u00e9\">FHD<\/td>\n<\/tr>\n<tr>\n<th class=\"col label\" scope=\"row\">R\u00e9solution de l&rsquo;\u00e9cran<\/th>\n<td class=\"col data\" data-th=\"Ecran\">1080 x 1920 pixels<\/td>\n<\/tr>\n<tr>\n<th class=\"col label\" scope=\"row\">R\u00e9cepteur Int\u00e9gr\u00e9<\/th>\n<td class=\"col data\" data-th=\"R\u00e9solution d'\u00e9crans\">Oui<\/td>\n<\/tr>\n<tr>\n<th class=\"col label\" scope=\"row\">HDMI<\/th>\n<td class=\"col data\" data-th=\"Norme HD\">2<\/td>\n<\/tr>\n<tr>\n<th class=\"col label\" scope=\"row\">USB<\/th>\n<td class=\"col data\" data-th=\"R\u00e9cepteur Int\u00e9gr\u00e9\">2<\/td>\n<\/tr>\n<tr>\n<th class=\"col label\" scope=\"row\">Smart TV<\/th>\n<td class=\"col data\" data-th=\"Smart TV\">Non<\/td>\n<\/tr>\n<tr>\n<th class=\"col label\" scope=\"row\">Garantie<\/th>\n<td class=\"col data\" data-th=\"Compatible HDR\">3 ans<\/td>\n<\/tr>\n<\/tbody>\n<\/table>","protected":false},"excerpt":{"rendered":"<p>r\u00e9f\u00e9rence TVTF40C6 Marque TELEFUNKEN Dimensions 88 x 51 Taille de l&rsquo;\u00e9cran 40 pouces Type d&rsquo;\u00e9cran FHD R\u00e9solution de l&rsquo;\u00e9cran 1080 x 1920 pixels R\u00e9cepteur Int\u00e9gr\u00e9 Oui HDMI 2 USB 2 Smart TV Non Garantie 3 ans<\/p>","protected":false},"featured_media":9365,"comment_status":"open","ping_status":"closed","template":"","meta":[],"product_brand":[],"product_cat":[548,145,144],"product_tag":[],"class_list":{"0":"post-9364","1":"product","2":"type-product","3":"status-publish","4":"has-post-thumbnail","6":"product_cat-televiseur-telefunken","7":"product_cat-televiseurs","8":"product_cat-tv-image-et-son","10":"first","11":"instock","12":"shipping-taxable","13":"purchasable","14":"product-type-simple"},"_links":{"self":[{"href":"https:\/\/electrobennjima.tn\/en\/wp-json\/wp\/v2\/product\/9364","targetHints":{"allow":["GET"]}}],"collection":[{"href":"https:\/\/electrobennjima.tn\/en\/wp-json\/wp\/v2\/product"}],"about":[{"href":"https:\/\/electrobennjima.tn\/en\/wp-json\/wp\/v2\/types\/product"}],"replies":[{"embeddable":true,"href":"https:\/\/electrobennjima.tn\/en\/wp-json\/wp\/v2\/comments?post=9364"}],"wp:featuredmedia":[{"embeddable":true,"href":"https:\/\/electrobennjima.tn\/en\/wp-json\/wp\/v2\/media\/9365"}],"wp:attachment":[{"href":"https:\/\/electrobennjima.tn\/en\/wp-json\/wp\/v2\/media?parent=9364"}],"wp:term":[{"taxonomy":"product_brand","embeddable":true,"href":"https:\/\/electrobennjima.tn\/en\/wp-json\/wp\/v2\/product_brand?post=9364"},{"taxonomy":"product_cat","embeddable":true,"href":"https:\/\/electrobennjima.tn\/en\/wp-json\/wp\/v2\/product_cat?post=9364"},{"taxonomy":"product_tag","embeddable":true,"href":"https:\/\/electrobennjima.tn\/en\/wp-json\/wp\/v2\/product_tag?post=9364"}],"curies":[{"name":"wp","href":"https:\/\/api.w.org\/{rel}","templated":true}]}}