{"id":9387,"date":"2026-04-01T10:18:11","date_gmt":"2026-04-01T10:18:11","guid":{"rendered":"https:\/\/electrobennjima.tn\/?post_type=product&#038;p=9387"},"modified":"2026-04-01T10:18:51","modified_gmt":"2026-04-01T10:18:51","slug":"micro-onde-focus-encastrable-20l","status":"publish","type":"product","link":"https:\/\/electrobennjima.tn\/en\/micro-onde-focus-encastrable-20l\/","title":{"rendered":"MICRO-ONDE FOCUS &#8211; ENCASTRABLE 20L"},"content":{"rendered":"<table id=\"product-attribute-specs-table\" class=\"data table additional-attributes\">\n<tbody>\n<tr>\n<th class=\"col label\" scope=\"row\">R\u00e9f\u00e9rence<\/th>\n<td class=\"col data\" data-th=\"gtin\">F.23X<\/td>\n<\/tr>\n<tr>\n<th class=\"col label\" scope=\"row\">Marque<\/th>\n<td class=\"col data\" data-th=\"Marque\">FOCUS<\/td>\n<\/tr>\n<tr>\n<th class=\"col label\" scope=\"row\">Type de Micro Onde<\/th>\n<td class=\"col data\" data-th=\"Type de Micro Onde\">Four \u00e0 Micro-onde<\/td>\n<\/tr>\n<tr>\n<th class=\"col label\" scope=\"row\">Type de Pose<\/th>\n<td class=\"col data\" data-th=\"Type de Pose\">Encastrable<\/td>\n<\/tr>\n<tr>\n<th class=\"col label\" scope=\"row\">Volume<\/th>\n<td class=\"col data\" data-th=\"Volume\">20 Litres<\/td>\n<\/tr>\n<tr>\n<th class=\"col label\" scope=\"row\">Puissance<\/th>\n<td class=\"col data\" data-th=\"Puissance\">800 Watts<\/td>\n<\/tr>\n<tr>\n<th class=\"col label\" scope=\"row\">Largeur<\/th>\n<td class=\"col data\" data-th=\"Largeur\">39 cm<\/td>\n<\/tr>\n<tr>\n<th class=\"col label\" scope=\"row\">Dimensions<\/th>\n<td class=\"col data\" data-th=\"Dimensions\">38.3 x 59.5 cm<\/td>\n<\/tr>\n<tr>\n<th class=\"col label\" scope=\"row\">Couleur<\/th>\n<td class=\"col data\" data-th=\"Couleur\">Inox<\/td>\n<\/tr>\n<tr>\n<th class=\"col label\" scope=\"row\">Garantie<\/th>\n<td class=\"col data\" data-th=\"Garantie\">2 ans<\/td>\n<\/tr>\n<\/tbody>\n<\/table>","protected":false},"excerpt":{"rendered":"<p>R\u00e9f\u00e9rence F.23X Marque FOCUS Type de Micro Onde Four \u00e0 Micro-onde Type de Pose Encastrable Volume 20 Litres Puissance 800 Watts Largeur 39 cm Dimensions 38.3 x 59.5 cm Couleur Inox Garantie 2 ans<\/p>","protected":false},"featured_media":9388,"comment_status":"open","ping_status":"closed","template":"","meta":[],"product_brand":[63],"product_cat":[68,69],"product_tag":[],"class_list":{"0":"post-9387","1":"product","2":"type-product","3":"status-publish","4":"has-post-thumbnail","6":"product_brand-focus","7":"product_cat-cuisine","8":"product_cat-micro-ondes","10":"first","11":"instock","12":"shipping-taxable","13":"purchasable","14":"product-type-simple"},"_links":{"self":[{"href":"https:\/\/electrobennjima.tn\/en\/wp-json\/wp\/v2\/product\/9387","targetHints":{"allow":["GET"]}}],"collection":[{"href":"https:\/\/electrobennjima.tn\/en\/wp-json\/wp\/v2\/product"}],"about":[{"href":"https:\/\/electrobennjima.tn\/en\/wp-json\/wp\/v2\/types\/product"}],"replies":[{"embeddable":true,"href":"https:\/\/electrobennjima.tn\/en\/wp-json\/wp\/v2\/comments?post=9387"}],"wp:featuredmedia":[{"embeddable":true,"href":"https:\/\/electrobennjima.tn\/en\/wp-json\/wp\/v2\/media\/9388"}],"wp:attachment":[{"href":"https:\/\/electrobennjima.tn\/en\/wp-json\/wp\/v2\/media?parent=9387"}],"wp:term":[{"taxonomy":"product_brand","embeddable":true,"href":"https:\/\/electrobennjima.tn\/en\/wp-json\/wp\/v2\/product_brand?post=9387"},{"taxonomy":"product_cat","embeddable":true,"href":"https:\/\/electrobennjima.tn\/en\/wp-json\/wp\/v2\/product_cat?post=9387"},{"taxonomy":"product_tag","embeddable":true,"href":"https:\/\/electrobennjima.tn\/en\/wp-json\/wp\/v2\/product_tag?post=9387"}],"curies":[{"name":"wp","href":"https:\/\/api.w.org\/{rel}","templated":true}]}}