{"id":9436,"date":"2026-04-01T14:42:18","date_gmt":"2026-04-01T14:42:18","guid":{"rendered":"https:\/\/electrobennjima.tn\/?post_type=product&#038;p=9436"},"modified":"2026-04-01T14:46:57","modified_gmt":"2026-04-01T14:46:57","slug":"mini-bar-acer-t-1001-lx-d-dark","status":"publish","type":"product","link":"https:\/\/electrobennjima.tn\/en\/mini-bar-acer-t-1001-lx-d-dark\/","title":{"rendered":"MINI-BAR ACER T 1001 LX\/D &#8211; DARK"},"content":{"rendered":"<table class=\"woocommerce-product-attributes shop_attributes\" aria-label=\"D\u00e9tails du produit\">\n<tbody>\n<tr class=\"woocommerce-product-attributes-item woocommerce-product-attributes-item--attribute_pa_fabricant-refrigerateur\">\n<th class=\"woocommerce-product-attributes-item__label\" scope=\"row\">R\u00e9f\u00e9rence<\/th>\n<td class=\"woocommerce-product-attributes-item__value\">FGGT1001LX\/D DARK<\/td>\n<\/tr>\n<tr class=\"woocommerce-product-attributes-item woocommerce-product-attributes-item--attribute_pa_capacite-du-refrigerateur\">\n<th class=\"woocommerce-product-attributes-item__label\" scope=\"row\">Capacit\u00e9 du R\u00e9frig\u00e9rateur<\/th>\n<td class=\"woocommerce-product-attributes-item__value\">89 L<\/td>\n<\/tr>\n<tr class=\"woocommerce-product-attributes-item woocommerce-product-attributes-item--attribute_pa_systeme-de-refroidissement\">\n<th class=\"woocommerce-product-attributes-item__label\" scope=\"row\">Syst\u00e8me de Refroidissement<\/th>\n<td class=\"woocommerce-product-attributes-item__value\">DeFrost<\/td>\n<\/tr>\n<tr class=\"woocommerce-product-attributes-item woocommerce-product-attributes-item--attribute_pa_type-refrigerateur\">\n<th class=\"woocommerce-product-attributes-item__label\" scope=\"row\">Type r\u00e9frig\u00e9rateur<\/th>\n<td class=\"woocommerce-product-attributes-item__value\">Mini-Bar<\/td>\n<\/tr>\n<tr class=\"woocommerce-product-attributes-item woocommerce-product-attributes-item--attribute_pa_couleur-refrigerateur\">\n<th class=\"woocommerce-product-attributes-item__label\" scope=\"row\">Couleur r\u00e9frig\u00e9rateur<\/th>\n<td class=\"woocommerce-product-attributes-item__value\">Gris Fonc\u00e9<\/td>\n<\/tr>\n<tr class=\"woocommerce-product-attributes-item woocommerce-product-attributes-item--attribute_pa_garantie-refrigerateur\">\n<th class=\"woocommerce-product-attributes-item__label\" scope=\"row\">Garantie r\u00e9frig\u00e9rateur<\/th>\n<td class=\"woocommerce-product-attributes-item__value\">2 ans<\/td>\n<\/tr>\n<\/tbody>\n<\/table>","protected":false},"excerpt":{"rendered":"<p>R\u00e9f\u00e9rence FGGT1001LX\/D DARK Capacit\u00e9 du R\u00e9frig\u00e9rateur 89 L Syst\u00e8me de Refroidissement DeFrost Type r\u00e9frig\u00e9rateur Mini-Bar Couleur r\u00e9frig\u00e9rateur Gris Fonc\u00e9 Garantie r\u00e9frig\u00e9rateur 2 ans<\/p>","protected":false},"featured_media":9437,"comment_status":"open","ping_status":"closed","template":"","meta":[],"product_brand":[95],"product_cat":[20,19],"product_tag":[],"class_list":{"0":"post-9436","1":"product","2":"type-product","3":"status-publish","4":"has-post-thumbnail","6":"product_brand-acer","7":"product_cat-mini-bar","8":"product_cat-refrigerateur","10":"first","11":"instock","12":"shipping-taxable","13":"purchasable","14":"product-type-simple"},"_links":{"self":[{"href":"https:\/\/electrobennjima.tn\/en\/wp-json\/wp\/v2\/product\/9436","targetHints":{"allow":["GET"]}}],"collection":[{"href":"https:\/\/electrobennjima.tn\/en\/wp-json\/wp\/v2\/product"}],"about":[{"href":"https:\/\/electrobennjima.tn\/en\/wp-json\/wp\/v2\/types\/product"}],"replies":[{"embeddable":true,"href":"https:\/\/electrobennjima.tn\/en\/wp-json\/wp\/v2\/comments?post=9436"}],"wp:featuredmedia":[{"embeddable":true,"href":"https:\/\/electrobennjima.tn\/en\/wp-json\/wp\/v2\/media\/9437"}],"wp:attachment":[{"href":"https:\/\/electrobennjima.tn\/en\/wp-json\/wp\/v2\/media?parent=9436"}],"wp:term":[{"taxonomy":"product_brand","embeddable":true,"href":"https:\/\/electrobennjima.tn\/en\/wp-json\/wp\/v2\/product_brand?post=9436"},{"taxonomy":"product_cat","embeddable":true,"href":"https:\/\/electrobennjima.tn\/en\/wp-json\/wp\/v2\/product_cat?post=9436"},{"taxonomy":"product_tag","embeddable":true,"href":"https:\/\/electrobennjima.tn\/en\/wp-json\/wp\/v2\/product_tag?post=9436"}],"curies":[{"name":"wp","href":"https:\/\/api.w.org\/{rel}","templated":true}]}}