{"id":9442,"date":"2026-04-01T15:02:31","date_gmt":"2026-04-01T15:02:31","guid":{"rendered":"https:\/\/electrobennjima.tn\/?post_type=product&#038;p=9442"},"modified":"2026-04-01T15:02:31","modified_gmt":"2026-04-01T15:02:31","slug":"mini-bar-auxstar-blanc","status":"publish","type":"product","link":"https:\/\/electrobennjima.tn\/en\/mini-bar-auxstar-blanc\/","title":{"rendered":"MINI BAR AUXSTAR &#8211; BLANC"},"content":{"rendered":"<table id=\"product-attribute-specs-table\" class=\"data table additional-attributes\">\n<tbody>\n<tr>\n<th class=\"col label\" scope=\"row\">R\u00e9f\u00e9rence<\/th>\n<td class=\"col data\" data-th=\"gtin\">FGBC101W<\/td>\n<\/tr>\n<tr>\n<th class=\"col label\" scope=\"row\">Marque<\/th>\n<td class=\"col data\" data-th=\"Marque\">Auxtar<\/td>\n<\/tr>\n<tr>\n<th class=\"col label\" scope=\"row\">Dimensions<\/th>\n<td class=\"col data\" data-th=\"Type de Pose\">86 x 46.3 x 49.4 cm<\/td>\n<\/tr>\n<tr>\n<th class=\"col label\" scope=\"row\">Type de r\u00e9frig\u00e9rateur<\/th>\n<td class=\"col data\" data-th=\"Syst\u00e8me de Refroidissement\">Mini Bar<\/td>\n<\/tr>\n<tr>\n<th class=\"col label\" scope=\"row\">Nombre de portes<\/th>\n<td class=\"col data\" data-th=\"Inverter\">Mono porte<\/td>\n<\/tr>\n<tr>\n<th class=\"col label\" scope=\"row\">Syst\u00e8me de refroidissement<\/th>\n<td class=\"col data\" data-th=\"Classe \u00c9nerg\u00e9tique\">De Frost<\/td>\n<\/tr>\n<tr>\n<th class=\"col label\" scope=\"row\">Volume brut<\/th>\n<td class=\"col data\" data-th=\"Avec Distributeur\">51 &#8211; 100 Litres<\/td>\n<\/tr>\n<tr>\n<th class=\"col label\" scope=\"row\">Classe \u00e9nerg\u00e9tique<\/th>\n<td class=\"col data\" data-th=\"Afficheur \">A++<\/td>\n<\/tr>\n<tr>\n<th class=\"col label\" scope=\"row\">Couleur<\/th>\n<td class=\"col data\" data-th=\"Ecran\">Blanc<\/td>\n<\/tr>\n<tr>\n<th class=\"col label\" scope=\"row\">Garantie<\/th>\n<td class=\"col data\" data-th=\"Volume Brut\">1 ans<\/td>\n<\/tr>\n<\/tbody>\n<\/table>","protected":false},"excerpt":{"rendered":"<p>R\u00e9f\u00e9rence FGBC101W Marque Auxtar Dimensions 86 x 46.3 x 49.4 cm Type de r\u00e9frig\u00e9rateur Mini Bar Nombre de portes Mono porte Syst\u00e8me de refroidissement De Frost Volume brut 51 &#8211; 100 Litres Classe \u00e9nerg\u00e9tique A++ Couleur Blanc Garantie 1 ans<\/p>","protected":false},"featured_media":9443,"comment_status":"open","ping_status":"closed","template":"","meta":[],"product_brand":[21],"product_cat":[20,19],"product_tag":[],"class_list":{"0":"post-9442","1":"product","2":"type-product","3":"status-publish","4":"has-post-thumbnail","6":"product_brand-auxstar","7":"product_cat-mini-bar","8":"product_cat-refrigerateur","10":"first","11":"instock","12":"shipping-taxable","13":"purchasable","14":"product-type-simple"},"_links":{"self":[{"href":"https:\/\/electrobennjima.tn\/en\/wp-json\/wp\/v2\/product\/9442","targetHints":{"allow":["GET"]}}],"collection":[{"href":"https:\/\/electrobennjima.tn\/en\/wp-json\/wp\/v2\/product"}],"about":[{"href":"https:\/\/electrobennjima.tn\/en\/wp-json\/wp\/v2\/types\/product"}],"replies":[{"embeddable":true,"href":"https:\/\/electrobennjima.tn\/en\/wp-json\/wp\/v2\/comments?post=9442"}],"wp:featuredmedia":[{"embeddable":true,"href":"https:\/\/electrobennjima.tn\/en\/wp-json\/wp\/v2\/media\/9443"}],"wp:attachment":[{"href":"https:\/\/electrobennjima.tn\/en\/wp-json\/wp\/v2\/media?parent=9442"}],"wp:term":[{"taxonomy":"product_brand","embeddable":true,"href":"https:\/\/electrobennjima.tn\/en\/wp-json\/wp\/v2\/product_brand?post=9442"},{"taxonomy":"product_cat","embeddable":true,"href":"https:\/\/electrobennjima.tn\/en\/wp-json\/wp\/v2\/product_cat?post=9442"},{"taxonomy":"product_tag","embeddable":true,"href":"https:\/\/electrobennjima.tn\/en\/wp-json\/wp\/v2\/product_tag?post=9442"}],"curies":[{"name":"wp","href":"https:\/\/api.w.org\/{rel}","templated":true}]}}