{"id":9471,"date":"2026-04-02T07:55:35","date_gmt":"2026-04-02T07:55:35","guid":{"rendered":"https:\/\/electrobennjima.tn\/?post_type=product&#038;p=9471"},"modified":"2026-04-02T07:55:36","modified_gmt":"2026-04-02T07:55:36","slug":"plaque-chauffante-caltronic-1-feux","status":"publish","type":"product","link":"https:\/\/electrobennjima.tn\/en\/plaque-chauffante-caltronic-1-feux\/","title":{"rendered":"PLAQUE CHAUFFANTE CALTRONIC &#8211; 1 FEUX"},"content":{"rendered":"<table id=\"product-attribute-specs-table\" class=\"data table additional-attributes\">\n<tbody>\n<tr>\n<th class=\"col label\" scope=\"row\">R\u00e9f\u00e9rence<\/th>\n<td class=\"col data\" data-th=\"gtin\">PLEKP3582<\/td>\n<\/tr>\n<tr>\n<th class=\"col label\" scope=\"row\">Puissance<\/th>\n<td class=\"col data\" data-th=\"Marque\">1500 W<\/td>\n<\/tr>\n<tr>\n<th class=\"col label\" scope=\"row\">Nombre de foyer<\/th>\n<td class=\"col data\" data-th=\"Afficheur \">1 \u00e9lectrique<\/td>\n<\/tr>\n<tr>\n<th class=\"col label\" scope=\"row\">Alimentation<\/th>\n<td class=\"col data\" data-th=\"Autonettoyant\">230 V \/ 50 Hz<\/td>\n<\/tr>\n<tr>\n<th class=\"col label\" scope=\"row\">Dimensions<\/th>\n<td class=\"col data\" data-th=\"Chaleur Tournante\">\u00a0L x P x H (mm) : 320 x 285 x 95<\/td>\n<\/tr>\n<tr>\n<th class=\"col label\" scope=\"row\">Garantie<\/th>\n<td class=\"col data\" data-th=\"Volume\">1 ans<\/td>\n<\/tr>\n<tr>\n<th class=\"col label\" scope=\"row\">Indicateurs LED<\/th>\n<td class=\"col data\" data-th=\"Classe \u00c9nerg\u00e9tique\">Oui<\/td>\n<\/tr>\n<\/tbody>\n<\/table>","protected":false},"excerpt":{"rendered":"<p>R\u00e9f\u00e9rence PLEKP3582 Puissance 1500 W Nombre de foyer 1 \u00e9lectrique Alimentation 230 V \/ 50 Hz Dimensions \u00a0L x P x H (mm) : 320 x 285 x 95 Garantie 1 ans Indicateurs LED Oui<\/p>","protected":false},"featured_media":9472,"comment_status":"open","ping_status":"closed","template":"","meta":[],"product_brand":[552],"product_cat":[62],"product_tag":[],"class_list":{"0":"post-9471","1":"product","2":"type-product","3":"status-publish","4":"has-post-thumbnail","6":"product_brand-caltronic","7":"product_cat-plaques-de-cuisson","9":"first","10":"instock","11":"shipping-taxable","12":"purchasable","13":"product-type-simple"},"_links":{"self":[{"href":"https:\/\/electrobennjima.tn\/en\/wp-json\/wp\/v2\/product\/9471","targetHints":{"allow":["GET"]}}],"collection":[{"href":"https:\/\/electrobennjima.tn\/en\/wp-json\/wp\/v2\/product"}],"about":[{"href":"https:\/\/electrobennjima.tn\/en\/wp-json\/wp\/v2\/types\/product"}],"replies":[{"embeddable":true,"href":"https:\/\/electrobennjima.tn\/en\/wp-json\/wp\/v2\/comments?post=9471"}],"wp:featuredmedia":[{"embeddable":true,"href":"https:\/\/electrobennjima.tn\/en\/wp-json\/wp\/v2\/media\/9472"}],"wp:attachment":[{"href":"https:\/\/electrobennjima.tn\/en\/wp-json\/wp\/v2\/media?parent=9471"}],"wp:term":[{"taxonomy":"product_brand","embeddable":true,"href":"https:\/\/electrobennjima.tn\/en\/wp-json\/wp\/v2\/product_brand?post=9471"},{"taxonomy":"product_cat","embeddable":true,"href":"https:\/\/electrobennjima.tn\/en\/wp-json\/wp\/v2\/product_cat?post=9471"},{"taxonomy":"product_tag","embeddable":true,"href":"https:\/\/electrobennjima.tn\/en\/wp-json\/wp\/v2\/product_tag?post=9471"}],"curies":[{"name":"wp","href":"https:\/\/api.w.org\/{rel}","templated":true}]}}