{"id":9494,"date":"2026-04-02T08:41:06","date_gmt":"2026-04-02T08:41:06","guid":{"rendered":"https:\/\/electrobennjima.tn\/?post_type=product&#038;p=9494"},"modified":"2026-04-02T08:41:06","modified_gmt":"2026-04-02T08:41:06","slug":"plaque-galaxy-4-feux-inox","status":"publish","type":"product","link":"https:\/\/electrobennjima.tn\/en\/plaque-galaxy-4-feux-inox\/","title":{"rendered":"PLAQUE GALAXY 4 FEUX &#8211; INOX"},"content":{"rendered":"<table class=\"ce-product-features\">\n<tbody>\n<tr class=\"ce-product-features__row\">\n<th class=\"ce-product-features__label\">R\u00e9f\u00e9rence<\/th>\n<td class=\"ce-product-features__value\">PLF6220<\/td>\n<\/tr>\n<tr class=\"ce-product-features__row\">\n<th class=\"ce-product-features__label\">GARANTIE<\/th>\n<td class=\"ce-product-features__value\">1 an<\/td>\n<\/tr>\n<tr class=\"ce-product-features__row\">\n<th class=\"ce-product-features__label\">Dimension trou<\/th>\n<td class=\"ce-product-features__value\">56* 49 cm<\/td>\n<\/tr>\n<tr class=\"ce-product-features__row\">\n<th class=\"ce-product-features__label\">Fonte<\/th>\n<td class=\"ce-product-features__value\">grille<\/td>\n<\/tr>\n<tr class=\"ce-product-features__row\">\n<th class=\"ce-product-features__label\">Syst\u00e8me d Allumage<\/th>\n<td class=\"ce-product-features__value\">Automatique<\/td>\n<\/tr>\n<\/tbody>\n<\/table>","protected":false},"excerpt":{"rendered":"<p>R\u00e9f\u00e9rence PLF6220 GARANTIE 1 an Dimension trou 56* 49 cm Fonte grille Syst\u00e8me d Allumage Automatique<\/p>","protected":false},"featured_media":9495,"comment_status":"open","ping_status":"closed","template":"","meta":[],"product_brand":[553],"product_cat":[62],"product_tag":[],"class_list":{"0":"post-9494","1":"product","2":"type-product","3":"status-publish","4":"has-post-thumbnail","6":"product_brand-galaxy","7":"product_cat-plaques-de-cuisson","9":"first","10":"instock","11":"shipping-taxable","12":"purchasable","13":"product-type-simple"},"_links":{"self":[{"href":"https:\/\/electrobennjima.tn\/en\/wp-json\/wp\/v2\/product\/9494","targetHints":{"allow":["GET"]}}],"collection":[{"href":"https:\/\/electrobennjima.tn\/en\/wp-json\/wp\/v2\/product"}],"about":[{"href":"https:\/\/electrobennjima.tn\/en\/wp-json\/wp\/v2\/types\/product"}],"replies":[{"embeddable":true,"href":"https:\/\/electrobennjima.tn\/en\/wp-json\/wp\/v2\/comments?post=9494"}],"wp:featuredmedia":[{"embeddable":true,"href":"https:\/\/electrobennjima.tn\/en\/wp-json\/wp\/v2\/media\/9495"}],"wp:attachment":[{"href":"https:\/\/electrobennjima.tn\/en\/wp-json\/wp\/v2\/media?parent=9494"}],"wp:term":[{"taxonomy":"product_brand","embeddable":true,"href":"https:\/\/electrobennjima.tn\/en\/wp-json\/wp\/v2\/product_brand?post=9494"},{"taxonomy":"product_cat","embeddable":true,"href":"https:\/\/electrobennjima.tn\/en\/wp-json\/wp\/v2\/product_cat?post=9494"},{"taxonomy":"product_tag","embeddable":true,"href":"https:\/\/electrobennjima.tn\/en\/wp-json\/wp\/v2\/product_tag?post=9494"}],"curies":[{"name":"wp","href":"https:\/\/api.w.org\/{rel}","templated":true}]}}