{"id":9502,"date":"2026-04-02T09:05:54","date_gmt":"2026-04-02T09:05:54","guid":{"rendered":"https:\/\/electrobennjima.tn\/?post_type=product&#038;p=9502"},"modified":"2026-04-02T09:05:54","modified_gmt":"2026-04-02T09:05:54","slug":"plaque-mont-blanc-4-feux-noir-vitro","status":"publish","type":"product","link":"https:\/\/electrobennjima.tn\/en\/plaque-mont-blanc-4-feux-noir-vitro\/","title":{"rendered":"PLAQUE MONT BLANC 4 FEUX &#8211; NOIR VITRO"},"content":{"rendered":"<table id=\"product-attribute-specs-table\" class=\"data table additional-attributes\">\n<tbody>\n<tr>\n<th class=\"col label\" scope=\"row\">R\u00e9f\u00e9rence<\/th>\n<td class=\"col data\" data-th=\"gtin\">PLPNR-4<\/td>\n<\/tr>\n<tr>\n<th class=\"col label\" scope=\"row\">Marque<\/th>\n<td class=\"col data\" data-th=\"Marque\">MONTBLANC<\/td>\n<\/tr>\n<tr>\n<th class=\"col label\" scope=\"row\">Type de Pose<\/th>\n<td class=\"col data\" data-th=\"Type de Pose\">Encastrable<\/td>\n<\/tr>\n<tr>\n<th class=\"col label\" scope=\"row\">Nombre de Foyers<\/th>\n<td class=\"col data\" data-th=\"Nombre de Foyers\">4 foyers<\/td>\n<\/tr>\n<tr>\n<th class=\"col label\" scope=\"row\">\u00c9nergie Utilis\u00e9e<\/th>\n<td class=\"col data\" data-th=\"\u00c9nergie Utilis\u00e9e\">Gaz<\/td>\n<\/tr>\n<tr>\n<th class=\"col label\" scope=\"row\">Type de Plaque<\/th>\n<td class=\"col data\" data-th=\"Type de Plaque\">Gaz<\/td>\n<\/tr>\n<tr>\n<th class=\"col label\" scope=\"row\">Thermocouple<\/th>\n<td class=\"col data\" data-th=\"Thermocouple\">Non<\/td>\n<\/tr>\n<tr>\n<th class=\"col label\" scope=\"row\">Grilles<\/th>\n<td class=\"col data\" data-th=\"Grilles\">Fonte<\/td>\n<\/tr>\n<tr>\n<th class=\"col label\" scope=\"row\">Largeur<\/th>\n<td class=\"col data\" data-th=\"Largeur\">60 cm<\/td>\n<\/tr>\n<tr>\n<th class=\"col label\" scope=\"row\">Revetement<\/th>\n<td class=\"col data\" data-th=\"Revetement\">vitro Noir<\/td>\n<\/tr>\n<tr>\n<th class=\"col label\" scope=\"row\">Syst\u00e8me d Allumage<\/th>\n<td class=\"col data\" data-th=\"Syst\u00e8me d Allumage\">Automatique<\/td>\n<\/tr>\n<tr>\n<th class=\"col label\" scope=\"row\">Puissance<\/th>\n<td class=\"col data\" data-th=\"Puissance\">Autres<\/td>\n<\/tr>\n<tr>\n<th class=\"col label\" scope=\"row\">Couleur<\/th>\n<td class=\"col data\" data-th=\"Couleur\">Noir<\/td>\n<\/tr>\n<tr>\n<th class=\"col label\" scope=\"row\">Garantie<\/th>\n<td class=\"col data\" data-th=\"Garantie\">2 ans<\/td>\n<\/tr>\n<\/tbody>\n<\/table>","protected":false},"excerpt":{"rendered":"<p>R\u00e9f\u00e9rence PLPNR-4 Marque MONTBLANC Type de Pose Encastrable Nombre de Foyers 4 foyers \u00c9nergie Utilis\u00e9e Gaz Type de Plaque Gaz Thermocouple Non Grilles Fonte Largeur 60 cm Revetement vitro Noir Syst\u00e8me d Allumage Automatique Puissance Autres Couleur Noir Garantie 2 ans<\/p>","protected":false},"featured_media":9503,"comment_status":"open","ping_status":"closed","template":"","meta":[],"product_brand":[201],"product_cat":[62],"product_tag":[],"class_list":{"0":"post-9502","1":"product","2":"type-product","3":"status-publish","4":"has-post-thumbnail","6":"product_brand-premium","7":"product_cat-plaques-de-cuisson","9":"first","10":"instock","11":"shipping-taxable","12":"purchasable","13":"product-type-simple"},"_links":{"self":[{"href":"https:\/\/electrobennjima.tn\/en\/wp-json\/wp\/v2\/product\/9502","targetHints":{"allow":["GET"]}}],"collection":[{"href":"https:\/\/electrobennjima.tn\/en\/wp-json\/wp\/v2\/product"}],"about":[{"href":"https:\/\/electrobennjima.tn\/en\/wp-json\/wp\/v2\/types\/product"}],"replies":[{"embeddable":true,"href":"https:\/\/electrobennjima.tn\/en\/wp-json\/wp\/v2\/comments?post=9502"}],"wp:featuredmedia":[{"embeddable":true,"href":"https:\/\/electrobennjima.tn\/en\/wp-json\/wp\/v2\/media\/9503"}],"wp:attachment":[{"href":"https:\/\/electrobennjima.tn\/en\/wp-json\/wp\/v2\/media?parent=9502"}],"wp:term":[{"taxonomy":"product_brand","embeddable":true,"href":"https:\/\/electrobennjima.tn\/en\/wp-json\/wp\/v2\/product_brand?post=9502"},{"taxonomy":"product_cat","embeddable":true,"href":"https:\/\/electrobennjima.tn\/en\/wp-json\/wp\/v2\/product_cat?post=9502"},{"taxonomy":"product_tag","embeddable":true,"href":"https:\/\/electrobennjima.tn\/en\/wp-json\/wp\/v2\/product_tag?post=9502"}],"curies":[{"name":"wp","href":"https:\/\/api.w.org\/{rel}","templated":true}]}}