{"id":9509,"date":"2026-04-02T09:22:22","date_gmt":"2026-04-02T09:22:22","guid":{"rendered":"https:\/\/electrobennjima.tn\/?post_type=product&#038;p=9509"},"modified":"2026-04-02T09:22:22","modified_gmt":"2026-04-02T09:22:22","slug":"plaque-techwood-deux-feux-noir-2500w","status":"publish","type":"product","link":"https:\/\/electrobennjima.tn\/en\/plaque-techwood-deux-feux-noir-2500w\/","title":{"rendered":"PLAQUE TECHWOOD DEUX FEUX &#8211; NOIR 2500W"},"content":{"rendered":"<table id=\"product-attribute-specs-table\" class=\"data table additional-attributes\">\n<tbody>\n<tr>\n<th class=\"col label\" scope=\"row\">R\u00e9f\u00e9rence<\/th>\n<td class=\"col data\" data-th=\"gtin\">PETPE-2516<\/td>\n<\/tr>\n<tr>\n<th class=\"col label\" scope=\"row\">Marque<\/th>\n<td class=\"col data\" data-th=\"Marque\">Techwood<\/td>\n<\/tr>\n<tr>\n<th class=\"col label\" scope=\"row\">Nombre de feux<\/th>\n<td class=\"col data\" data-th=\"Type de Pose\">2 feux<\/td>\n<\/tr>\n<tr>\n<th class=\"col label\" scope=\"row\">Puissance<\/th>\n<td class=\"col data\" data-th=\"Nombre de Foyers\">2500W<\/td>\n<\/tr>\n<tr>\n<th class=\"col label\" scope=\"row\">Protection<\/th>\n<td class=\"col data\" data-th=\"\u00c9nergie Utilis\u00e9e\">anti surchauffe<\/td>\n<\/tr>\n<tr>\n<th class=\"col label\" scope=\"row\">Diam\u00e8tre<\/th>\n<td class=\"col data\" data-th=\"Type de Plaque\">\u00d8 185 mm + 155 mm<\/td>\n<\/tr>\n<tr>\n<th class=\"col label\" scope=\"row\">Couleur<\/th>\n<td class=\"col data\" data-th=\"Thermocouple\">Noir<\/td>\n<\/tr>\n<tr>\n<th class=\"col label\" scope=\"row\">Garantie<\/th>\n<td class=\"col data\" data-th=\"Grilles\">1 ans<\/td>\n<\/tr>\n<tr>\n<th class=\"col label\" scope=\"row\">Poign\u00e9es<\/th>\n<td class=\"col data\" data-th=\"Largeur\">d\u00e9montables<\/td>\n<\/tr>\n<\/tbody>\n<\/table>","protected":false},"excerpt":{"rendered":"<p>R\u00e9f\u00e9rence PETPE-2516 Marque Techwood Nombre de feux 2 feux Puissance 2500W Protection anti surchauffe Diam\u00e8tre \u00d8 185 mm + 155 mm Couleur Noir Garantie 1 ans Poign\u00e9es d\u00e9montables<\/p>","protected":false},"featured_media":9510,"comment_status":"open","ping_status":"closed","template":"","meta":[],"product_brand":[253],"product_cat":[62],"product_tag":[],"class_list":{"0":"post-9509","1":"product","2":"type-product","3":"status-publish","4":"has-post-thumbnail","6":"product_brand-techwood","7":"product_cat-plaques-de-cuisson","9":"first","10":"instock","11":"shipping-taxable","12":"purchasable","13":"product-type-simple"},"_links":{"self":[{"href":"https:\/\/electrobennjima.tn\/en\/wp-json\/wp\/v2\/product\/9509","targetHints":{"allow":["GET"]}}],"collection":[{"href":"https:\/\/electrobennjima.tn\/en\/wp-json\/wp\/v2\/product"}],"about":[{"href":"https:\/\/electrobennjima.tn\/en\/wp-json\/wp\/v2\/types\/product"}],"replies":[{"embeddable":true,"href":"https:\/\/electrobennjima.tn\/en\/wp-json\/wp\/v2\/comments?post=9509"}],"wp:featuredmedia":[{"embeddable":true,"href":"https:\/\/electrobennjima.tn\/en\/wp-json\/wp\/v2\/media\/9510"}],"wp:attachment":[{"href":"https:\/\/electrobennjima.tn\/en\/wp-json\/wp\/v2\/media?parent=9509"}],"wp:term":[{"taxonomy":"product_brand","embeddable":true,"href":"https:\/\/electrobennjima.tn\/en\/wp-json\/wp\/v2\/product_brand?post=9509"},{"taxonomy":"product_cat","embeddable":true,"href":"https:\/\/electrobennjima.tn\/en\/wp-json\/wp\/v2\/product_cat?post=9509"},{"taxonomy":"product_tag","embeddable":true,"href":"https:\/\/electrobennjima.tn\/en\/wp-json\/wp\/v2\/product_tag?post=9509"}],"curies":[{"name":"wp","href":"https:\/\/api.w.org\/{rel}","templated":true}]}}