{"id":9531,"date":"2026-04-02T10:22:09","date_gmt":"2026-04-02T10:22:09","guid":{"rendered":"https:\/\/electrobennjima.tn\/?post_type=product&#038;p=9531"},"modified":"2026-04-02T10:22:31","modified_gmt":"2026-04-02T10:22:31","slug":"radiateur-a-bain-dhuile-13-elements-condor-2600w","status":"publish","type":"product","link":"https:\/\/electrobennjima.tn\/en\/radiateur-a-bain-dhuile-13-elements-condor-2600w\/","title":{"rendered":"RADIATEUR A BAIN D&rsquo;HUILE &#8211; 13 \u00c9l\u00c9MENTS CONDOR 2600W"},"content":{"rendered":"<table id=\"product-attribute-specs-table\" class=\"data table additional-attributes\">\n<tbody>\n<tr>\n<th class=\"col label\" scope=\"row\">R\u00e9f\u00e9rence<\/th>\n<td class=\"col data\" data-th=\"gtin\">RDCBH1326C2NB<\/td>\n<\/tr>\n<tr>\n<th class=\"col label\" scope=\"row\">Marque<\/th>\n<td class=\"col data\" data-th=\"Marque\">Condor<\/td>\n<\/tr>\n<tr>\n<th class=\"col label\" scope=\"row\">Type<\/th>\n<td class=\"col data\" data-th=\"Type de Pose\">Radiateur Bain d&rsquo;huile<\/td>\n<\/tr>\n<tr>\n<th class=\"col label\" scope=\"row\">Garantie<\/th>\n<td class=\"col data\" data-th=\"Nombre de Foyers\">1 ans<\/td>\n<\/tr>\n<tr>\n<th class=\"col label\" scope=\"row\">Puissance<\/th>\n<td class=\"col data\" data-th=\"\u00c9nergie Utilis\u00e9e\">2600W<\/td>\n<\/tr>\n<tr>\n<th class=\"col label\" scope=\"row\">Couleur<\/th>\n<td class=\"col data\" data-th=\"Type de Plaque\">Blanc<\/td>\n<\/tr>\n<tr>\n<th class=\"col label\" scope=\"row\">Nombre d&rsquo;\u00e9l\u00e9ments<\/th>\n<td class=\"col data\" data-th=\"Thermocouple\">13 \u00c9l\u00e9ments<\/td>\n<\/tr>\n<\/tbody>\n<\/table>","protected":false},"excerpt":{"rendered":"<p>R\u00e9f\u00e9rence RDCBH1326C2NB Marque Condor Type Radiateur Bain d&rsquo;huile Garantie 1 ans Puissance 2600W Couleur Blanc Nombre d&rsquo;\u00e9l\u00e9ments 13 \u00c9l\u00e9ments<\/p>","protected":false},"featured_media":9532,"comment_status":"open","ping_status":"closed","template":"","meta":[],"product_brand":[52],"product_cat":[89],"product_tag":[],"class_list":{"0":"post-9531","1":"product","2":"type-product","3":"status-publish","4":"has-post-thumbnail","6":"product_brand-condor","7":"product_cat-chauffage-bain-dhuile","9":"first","10":"instock","11":"shipping-taxable","12":"purchasable","13":"product-type-simple"},"_links":{"self":[{"href":"https:\/\/electrobennjima.tn\/en\/wp-json\/wp\/v2\/product\/9531","targetHints":{"allow":["GET"]}}],"collection":[{"href":"https:\/\/electrobennjima.tn\/en\/wp-json\/wp\/v2\/product"}],"about":[{"href":"https:\/\/electrobennjima.tn\/en\/wp-json\/wp\/v2\/types\/product"}],"replies":[{"embeddable":true,"href":"https:\/\/electrobennjima.tn\/en\/wp-json\/wp\/v2\/comments?post=9531"}],"wp:featuredmedia":[{"embeddable":true,"href":"https:\/\/electrobennjima.tn\/en\/wp-json\/wp\/v2\/media\/9532"}],"wp:attachment":[{"href":"https:\/\/electrobennjima.tn\/en\/wp-json\/wp\/v2\/media?parent=9531"}],"wp:term":[{"taxonomy":"product_brand","embeddable":true,"href":"https:\/\/electrobennjima.tn\/en\/wp-json\/wp\/v2\/product_brand?post=9531"},{"taxonomy":"product_cat","embeddable":true,"href":"https:\/\/electrobennjima.tn\/en\/wp-json\/wp\/v2\/product_cat?post=9531"},{"taxonomy":"product_tag","embeddable":true,"href":"https:\/\/electrobennjima.tn\/en\/wp-json\/wp\/v2\/product_tag?post=9531"}],"curies":[{"name":"wp","href":"https:\/\/api.w.org\/{rel}","templated":true}]}}