{"id":9535,"date":"2026-04-02T10:31:27","date_gmt":"2026-04-02T10:31:27","guid":{"rendered":"https:\/\/electrobennjima.tn\/?post_type=product&#038;p=9535"},"modified":"2026-04-02T10:31:27","modified_gmt":"2026-04-02T10:31:27","slug":"radiateur-a-bain-dhuile-1500w-compact","status":"publish","type":"product","link":"https:\/\/electrobennjima.tn\/en\/radiateur-a-bain-dhuile-1500w-compact\/","title":{"rendered":"RADIATEUR A BAIN D&rsquo;HUILE 1500W COMPACT"},"content":{"rendered":"<table id=\"product-attribute-specs-table\" class=\"data table additional-attributes\">\n<tbody>\n<tr>\n<th class=\"col label\" scope=\"row\">R\u00e9f\u00e9rence<\/th>\n<td class=\"col data\" data-th=\"gtin\">CHBH15NCO<\/td>\n<\/tr>\n<tr>\n<th class=\"col label\" scope=\"row\">Puissance<\/th>\n<td class=\"col data\" data-th=\"Marque\">1500W<\/td>\n<\/tr>\n<tr>\n<th class=\"col label\" scope=\"row\">Nombre d&rsquo;\u00e9l\u00e9ments<\/th>\n<td class=\"col data\" data-th=\"Type de Pose\">7 \u00e9l\u00e9ments<\/td>\n<\/tr>\n<tr>\n<th class=\"col label\" scope=\"row\">Dimensions<\/th>\n<td class=\"col data\" data-th=\"Nombre de Foyers\">39.5 x 17.5 x6.5cm<\/td>\n<\/tr>\n<tr>\n<th class=\"col label\" scope=\"row\">Garantie<\/th>\n<td class=\"col data\" data-th=\"\u00c9nergie Utilis\u00e9e\">1 ans<\/td>\n<\/tr>\n<tr>\n<th class=\"col label\" scope=\"row\">Protection contre la surchauffe<\/th>\n<td class=\"col data\" data-th=\"Type de Plaque\">Oui<\/td>\n<\/tr>\n<\/tbody>\n<\/table>","protected":false},"excerpt":{"rendered":"<p>R\u00e9f\u00e9rence CHBH15NCO Puissance 1500W Nombre d&rsquo;\u00e9l\u00e9ments 7 \u00e9l\u00e9ments Dimensions 39.5 x 17.5 x6.5cm Garantie 1 ans Protection contre la surchauffe Oui<\/p>","protected":false},"featured_media":9536,"comment_status":"open","ping_status":"closed","template":"","meta":[],"product_brand":[90],"product_cat":[89],"product_tag":[],"class_list":{"0":"post-9535","1":"product","2":"type-product","3":"status-publish","4":"has-post-thumbnail","6":"product_brand-coala","7":"product_cat-chauffage-bain-dhuile","9":"first","10":"instock","11":"shipping-taxable","12":"purchasable","13":"product-type-simple"},"_links":{"self":[{"href":"https:\/\/electrobennjima.tn\/en\/wp-json\/wp\/v2\/product\/9535","targetHints":{"allow":["GET"]}}],"collection":[{"href":"https:\/\/electrobennjima.tn\/en\/wp-json\/wp\/v2\/product"}],"about":[{"href":"https:\/\/electrobennjima.tn\/en\/wp-json\/wp\/v2\/types\/product"}],"replies":[{"embeddable":true,"href":"https:\/\/electrobennjima.tn\/en\/wp-json\/wp\/v2\/comments?post=9535"}],"wp:featuredmedia":[{"embeddable":true,"href":"https:\/\/electrobennjima.tn\/en\/wp-json\/wp\/v2\/media\/9536"}],"wp:attachment":[{"href":"https:\/\/electrobennjima.tn\/en\/wp-json\/wp\/v2\/media?parent=9535"}],"wp:term":[{"taxonomy":"product_brand","embeddable":true,"href":"https:\/\/electrobennjima.tn\/en\/wp-json\/wp\/v2\/product_brand?post=9535"},{"taxonomy":"product_cat","embeddable":true,"href":"https:\/\/electrobennjima.tn\/en\/wp-json\/wp\/v2\/product_cat?post=9535"},{"taxonomy":"product_tag","embeddable":true,"href":"https:\/\/electrobennjima.tn\/en\/wp-json\/wp\/v2\/product_tag?post=9535"}],"curies":[{"name":"wp","href":"https:\/\/api.w.org\/{rel}","templated":true}]}}