{"id":9537,"date":"2026-04-02T10:39:44","date_gmt":"2026-04-02T10:39:44","guid":{"rendered":"https:\/\/electrobennjima.tn\/?post_type=product&#038;p=9537"},"modified":"2026-04-02T10:39:45","modified_gmt":"2026-04-02T10:39:45","slug":"radiateur-a-bain-dhuile-delonghi-trrs1225","status":"publish","type":"product","link":"https:\/\/electrobennjima.tn\/en\/radiateur-a-bain-dhuile-delonghi-trrs1225\/","title":{"rendered":"RADIATEUR A BAIN D&rsquo;HUILE DELONGHI \/ TRRS1225"},"content":{"rendered":"<table id=\"product-attribute-specs-table\" class=\"data table additional-attributes\">\n<tbody>\n<tr>\n<th class=\"col label\" scope=\"row\">R\u00e9f\u00e9rence<\/th>\n<td class=\"col data\" data-th=\"gtin\">CHTRRS1225<\/td>\n<\/tr>\n<tr>\n<th class=\"col label\" scope=\"row\">Marque<\/th>\n<td class=\"col data\" data-th=\"Marque\">Delonghi<\/td>\n<\/tr>\n<tr>\n<th class=\"col label\" scope=\"row\">Couleur<\/th>\n<td class=\"col data\" data-th=\"Type de Pose\">Blanc<\/td>\n<\/tr>\n<tr>\n<th class=\"col label\" scope=\"row\">Puissance<\/th>\n<td class=\"col data\" data-th=\"Nombre de Foyers\">2500W<\/td>\n<\/tr>\n<tr>\n<th class=\"col label\" scope=\"row\">Nombre d\u2019\u00e9l\u00e9ments<\/th>\n<td class=\"col data\" data-th=\"\u00c9nergie Utilis\u00e9e\">12 \u00e9l\u00e9ments<\/td>\n<\/tr>\n<tr>\n<th class=\"col label\" scope=\"row\">Niveau de Chaleur<\/th>\n<td class=\"col data\" data-th=\"Type de Plaque\">3 niveaux<\/td>\n<\/tr>\n<tr>\n<th class=\"col label\" scope=\"row\">Type de Chauffage<\/th>\n<td class=\"col data\" data-th=\"Thermocouple\">\u00c9lectrique<\/td>\n<\/tr>\n<tr>\n<th class=\"col label\" scope=\"row\">Nombre des \u00e9l\u00e9ments<\/th>\n<td class=\"col data\" data-th=\"Grilles\">12 \u00e9l\u00e9ments<\/td>\n<\/tr>\n<tr>\n<th class=\"col label\" scope=\"row\">Dimensions<\/th>\n<td class=\"col data\" data-th=\"Largeur\">16 x 59.2 x 65 cm<\/td>\n<\/tr>\n<\/tbody>\n<\/table>","protected":false},"excerpt":{"rendered":"<p>R\u00e9f\u00e9rence CHTRRS1225 Marque Delonghi Couleur Blanc Puissance 2500W Nombre d\u2019\u00e9l\u00e9ments 12 \u00e9l\u00e9ments Niveau de Chaleur 3 niveaux Type de Chauffage \u00c9lectrique Nombre des \u00e9l\u00e9ments 12 \u00e9l\u00e9ments Dimensions 16 x 59.2 x 65 cm<\/p>","protected":false},"featured_media":9538,"comment_status":"open","ping_status":"closed","template":"","meta":[],"product_brand":[67],"product_cat":[89],"product_tag":[],"class_list":{"0":"post-9537","1":"product","2":"type-product","3":"status-publish","4":"has-post-thumbnail","6":"product_brand-delonghi","7":"product_cat-chauffage-bain-dhuile","9":"first","10":"instock","11":"shipping-taxable","12":"purchasable","13":"product-type-simple"},"_links":{"self":[{"href":"https:\/\/electrobennjima.tn\/en\/wp-json\/wp\/v2\/product\/9537","targetHints":{"allow":["GET"]}}],"collection":[{"href":"https:\/\/electrobennjima.tn\/en\/wp-json\/wp\/v2\/product"}],"about":[{"href":"https:\/\/electrobennjima.tn\/en\/wp-json\/wp\/v2\/types\/product"}],"replies":[{"embeddable":true,"href":"https:\/\/electrobennjima.tn\/en\/wp-json\/wp\/v2\/comments?post=9537"}],"wp:featuredmedia":[{"embeddable":true,"href":"https:\/\/electrobennjima.tn\/en\/wp-json\/wp\/v2\/media\/9538"}],"wp:attachment":[{"href":"https:\/\/electrobennjima.tn\/en\/wp-json\/wp\/v2\/media?parent=9537"}],"wp:term":[{"taxonomy":"product_brand","embeddable":true,"href":"https:\/\/electrobennjima.tn\/en\/wp-json\/wp\/v2\/product_brand?post=9537"},{"taxonomy":"product_cat","embeddable":true,"href":"https:\/\/electrobennjima.tn\/en\/wp-json\/wp\/v2\/product_cat?post=9537"},{"taxonomy":"product_tag","embeddable":true,"href":"https:\/\/electrobennjima.tn\/en\/wp-json\/wp\/v2\/product_tag?post=9537"}],"curies":[{"name":"wp","href":"https:\/\/api.w.org\/{rel}","templated":true}]}}