{"id":9541,"date":"2026-04-02T10:49:38","date_gmt":"2026-04-02T10:49:38","guid":{"rendered":"https:\/\/electrobennjima.tn\/?post_type=product&#038;p=9541"},"modified":"2026-04-02T10:49:39","modified_gmt":"2026-04-02T10:49:39","slug":"moto-viper-124-cc-numerique","status":"publish","type":"product","link":"https:\/\/electrobennjima.tn\/en\/moto-viper-124-cc-numerique\/","title":{"rendered":"MOTO VIPER 124 CC &#8211; NUM\u00c9RIQUE"},"content":{"rendered":"<table id=\"product-attribute-specs-table\" class=\"data table additional-attributes\">\n<tbody>\n<tr>\n<th class=\"col label\" scope=\"row\">R\u00e9f\u00e9rence<\/th>\n<td class=\"col data\" data-th=\"gtin\">MOTO VIPER-124<\/td>\n<\/tr>\n<tr>\n<th class=\"col label\" scope=\"row\">Marque<\/th>\n<td class=\"col data\" data-th=\"Marque\">FORZA<\/td>\n<\/tr>\n<tr>\n<th class=\"col label\" scope=\"row\">Cylindr\u00e9e<\/th>\n<td class=\"col data\" data-th=\"Cylindr\u00e9e\">125 cc<\/td>\n<\/tr>\n<tr>\n<th class=\"col label\" scope=\"row\">Moteur<\/th>\n<td class=\"col data\" data-th=\"Moteur\">Monocylindre 4 Temps<\/td>\n<\/tr>\n<tr>\n<th class=\"col label\" scope=\"row\">Vitesse Maximale<\/th>\n<td class=\"col data\" data-th=\"Vitesse Maximale\">Autres<\/td>\n<\/tr>\n<tr>\n<th class=\"col label\" scope=\"row\">Type de Moteur<\/th>\n<td class=\"col data\" data-th=\"Type de Moteur\">\u00e0 Essence<\/td>\n<\/tr>\n<tr>\n<th class=\"col label\" scope=\"row\">Syst\u00e8me de Refroidissement<\/th>\n<td class=\"col data\" data-th=\"Syst\u00e8me de Refroidissement\">Autres<\/td>\n<\/tr>\n<tr>\n<th class=\"col label\" scope=\"row\">Capacit\u00e9 du R\u00e9servoir<\/th>\n<td class=\"col data\" data-th=\"Capacit\u00e9 du R\u00e9servoir\">Autres<\/td>\n<\/tr>\n<tr>\n<th class=\"col label\" scope=\"row\">Couleur<\/th>\n<td class=\"col data\" data-th=\"Couleur\">Noir Brillant<\/td>\n<\/tr>\n<\/tbody>\n<\/table>","protected":false},"excerpt":{"rendered":"<p>R\u00e9f\u00e9rence MOTO VIPER-124 Marque FORZA Cylindr\u00e9e 125 cc Moteur Monocylindre 4 Temps Vitesse Maximale Autres Type de Moteur \u00e0 Essence Syst\u00e8me de Refroidissement Autres Capacit\u00e9 du R\u00e9servoir Autres Couleur Noir Brillant<\/p>","protected":false},"featured_media":9542,"comment_status":"open","ping_status":"closed","template":"","meta":[],"product_brand":[556],"product_cat":[229,263],"product_tag":[],"class_list":{"0":"post-9541","1":"product","2":"type-product","3":"status-publish","4":"has-post-thumbnail","6":"product_brand-viper","7":"product_cat-loisir","8":"product_cat-motos","10":"first","11":"instock","12":"shipping-taxable","13":"purchasable","14":"product-type-simple"},"_links":{"self":[{"href":"https:\/\/electrobennjima.tn\/en\/wp-json\/wp\/v2\/product\/9541","targetHints":{"allow":["GET"]}}],"collection":[{"href":"https:\/\/electrobennjima.tn\/en\/wp-json\/wp\/v2\/product"}],"about":[{"href":"https:\/\/electrobennjima.tn\/en\/wp-json\/wp\/v2\/types\/product"}],"replies":[{"embeddable":true,"href":"https:\/\/electrobennjima.tn\/en\/wp-json\/wp\/v2\/comments?post=9541"}],"wp:featuredmedia":[{"embeddable":true,"href":"https:\/\/electrobennjima.tn\/en\/wp-json\/wp\/v2\/media\/9542"}],"wp:attachment":[{"href":"https:\/\/electrobennjima.tn\/en\/wp-json\/wp\/v2\/media?parent=9541"}],"wp:term":[{"taxonomy":"product_brand","embeddable":true,"href":"https:\/\/electrobennjima.tn\/en\/wp-json\/wp\/v2\/product_brand?post=9541"},{"taxonomy":"product_cat","embeddable":true,"href":"https:\/\/electrobennjima.tn\/en\/wp-json\/wp\/v2\/product_cat?post=9541"},{"taxonomy":"product_tag","embeddable":true,"href":"https:\/\/electrobennjima.tn\/en\/wp-json\/wp\/v2\/product_tag?post=9541"}],"curies":[{"name":"wp","href":"https:\/\/api.w.org\/{rel}","templated":true}]}}