{"id":9555,"date":"2026-04-02T13:23:06","date_gmt":"2026-04-02T13:23:06","guid":{"rendered":"https:\/\/electrobennjima.tn\/?post_type=product&#038;p=9555"},"modified":"2026-04-02T13:23:06","modified_gmt":"2026-04-02T13:23:06","slug":"ventilateur-sur-pied-kumtel-ktf-285-noir","status":"publish","type":"product","link":"https:\/\/electrobennjima.tn\/en\/ventilateur-sur-pied-kumtel-ktf-285-noir\/","title":{"rendered":"VENTILATEUR SUR PIED KUMTEL KTF-285 NOIR"},"content":{"rendered":"<table id=\"product-attribute-specs-table\" class=\"data table additional-attributes\">\n<tbody>\n<tr>\n<th class=\"col label\" scope=\"row\">R\u00e9f\u00e9rence<\/th>\n<td class=\"col data\" data-th=\"gtin\">KTF-285<\/td>\n<\/tr>\n<tr>\n<th class=\"col label\" scope=\"row\">Marque<\/th>\n<td class=\"col data\" data-th=\"Marque\">LUXELL<\/td>\n<\/tr>\n<tr>\n<th class=\"col label\" scope=\"row\">Type<\/th>\n<td class=\"col data\" data-th=\"Type\">Sur Pied<\/td>\n<\/tr>\n<tr>\n<th class=\"col label\" scope=\"row\">Mode<\/th>\n<td class=\"col data\" data-th=\"Mode\">Froid<\/td>\n<\/tr>\n<tr>\n<th class=\"col label\" scope=\"row\">Rafraichisseur d air<\/th>\n<td class=\"col data\" data-th=\"Rafraichisseur d air\">Ventilateur<\/td>\n<\/tr>\n<tr>\n<th class=\"col label\" scope=\"row\">Capacit\u00e9<\/th>\n<td class=\"col data\" data-th=\"Capacit\u00e9\">Autres<\/td>\n<\/tr>\n<tr>\n<th class=\"col label\" scope=\"row\">Nombre de vitesses<\/th>\n<td class=\"col data\" data-th=\"Nombre de vitesses\">3 Vitesse<\/td>\n<\/tr>\n<tr>\n<th class=\"col label\" scope=\"row\">Vitesse de Rotation<\/th>\n<td class=\"col data\" data-th=\"Vitesse de Rotation\">1320 Rpm<\/td>\n<\/tr>\n<tr>\n<th class=\"col label\" scope=\"row\">Puissance<\/th>\n<td class=\"col data\" data-th=\"Puissance\">45 Watts<\/td>\n<\/tr>\n<tr>\n<th class=\"col label\" scope=\"row\">Hauteurs<\/th>\n<td class=\"col data\" data-th=\"Hauteurs\">Autre<\/td>\n<\/tr>\n<tr>\n<th class=\"col label\" scope=\"row\">Couleur<\/th>\n<td class=\"col data\" data-th=\"Couleur\">Noir<\/td>\n<\/tr>\n<tr>\n<th class=\"col label\" scope=\"row\">Garantie<\/th>\n<td class=\"col data\" data-th=\"Garantie\">1 an<\/td>\n<\/tr>\n<\/tbody>\n<\/table>","protected":false},"excerpt":{"rendered":"<p>R\u00e9f\u00e9rence KTF-285 Marque LUXELL Type Sur Pied Mode Froid Rafraichisseur d air Ventilateur Capacit\u00e9 Autres Nombre de vitesses 3 Vitesse Vitesse de Rotation 1320 Rpm Puissance 45 Watts Hauteurs Autre Couleur Noir Garantie 1 an<\/p>","protected":false},"featured_media":9556,"comment_status":"open","ping_status":"closed","template":"","meta":[],"product_brand":[143],"product_cat":[211],"product_tag":[],"class_list":{"0":"post-9555","1":"product","2":"type-product","3":"status-publish","4":"has-post-thumbnail","6":"product_brand-kumtel","7":"product_cat-ventilateurs","9":"first","10":"instock","11":"shipping-taxable","12":"purchasable","13":"product-type-simple"},"_links":{"self":[{"href":"https:\/\/electrobennjima.tn\/en\/wp-json\/wp\/v2\/product\/9555","targetHints":{"allow":["GET"]}}],"collection":[{"href":"https:\/\/electrobennjima.tn\/en\/wp-json\/wp\/v2\/product"}],"about":[{"href":"https:\/\/electrobennjima.tn\/en\/wp-json\/wp\/v2\/types\/product"}],"replies":[{"embeddable":true,"href":"https:\/\/electrobennjima.tn\/en\/wp-json\/wp\/v2\/comments?post=9555"}],"wp:featuredmedia":[{"embeddable":true,"href":"https:\/\/electrobennjima.tn\/en\/wp-json\/wp\/v2\/media\/9556"}],"wp:attachment":[{"href":"https:\/\/electrobennjima.tn\/en\/wp-json\/wp\/v2\/media?parent=9555"}],"wp:term":[{"taxonomy":"product_brand","embeddable":true,"href":"https:\/\/electrobennjima.tn\/en\/wp-json\/wp\/v2\/product_brand?post=9555"},{"taxonomy":"product_cat","embeddable":true,"href":"https:\/\/electrobennjima.tn\/en\/wp-json\/wp\/v2\/product_cat?post=9555"},{"taxonomy":"product_tag","embeddable":true,"href":"https:\/\/electrobennjima.tn\/en\/wp-json\/wp\/v2\/product_tag?post=9555"}],"curies":[{"name":"wp","href":"https:\/\/api.w.org\/{rel}","templated":true}]}}