{"id":9580,"date":"2026-04-02T14:24:07","date_gmt":"2026-04-02T14:24:07","guid":{"rendered":"https:\/\/electrobennjima.tn\/?post_type=product&#038;p=9580"},"modified":"2026-04-02T14:24:08","modified_gmt":"2026-04-02T14:24:08","slug":"seche-ligne-hoover-hlec10de-80-10kg-blanc","status":"publish","type":"product","link":"https:\/\/electrobennjima.tn\/en\/seche-ligne-hoover-hlec10de-80-10kg-blanc\/","title":{"rendered":"SECHE LIGNE HOOVER HLEC10DE-80 \/ 10KG -BLANC"},"content":{"rendered":"<table id=\"product-attribute-specs-table\" class=\"data table additional-attributes\">\n<tbody>\n<tr>\n<th class=\"col label\" scope=\"row\">gtin<\/th>\n<td class=\"col data\" data-th=\"gtin\">MLHLEC10DE-80<\/td>\n<\/tr>\n<tr>\n<th class=\"col label\" scope=\"row\">Marque<\/th>\n<td class=\"col data\" data-th=\"Marque\">HOOVER<\/td>\n<\/tr>\n<tr>\n<th class=\"col label\" scope=\"row\">Type<\/th>\n<td class=\"col data\" data-th=\"Type\">S\u00e8che Linge<\/td>\n<\/tr>\n<tr>\n<th class=\"col label\" scope=\"row\">Type de s\u00e9chage<\/th>\n<td class=\"col data\" data-th=\"Type de s\u00e9chage\">Condensation<\/td>\n<\/tr>\n<tr>\n<th class=\"col label\" scope=\"row\">Type d&rsquo;ouverture<\/th>\n<td class=\"col data\" data-th=\"Type d'ouverture\">Frontal<\/td>\n<\/tr>\n<tr>\n<th class=\"col label\" scope=\"row\">Capacit\u00e9<\/th>\n<td class=\"col data\" data-th=\"Capacit\u00e9\">10 Kg<\/td>\n<\/tr>\n<tr>\n<th class=\"col label\" scope=\"row\">Afficheur<\/th>\n<td class=\"col data\" data-th=\"Afficheur \">Avec Afficheur<\/td>\n<\/tr>\n<tr>\n<th class=\"col label\" scope=\"row\">Ecran Tactile<\/th>\n<td class=\"col data\" data-th=\"Ecran Tactile\">Non<\/td>\n<\/tr>\n<tr>\n<th class=\"col label\" scope=\"row\">Nombre de Programmes<\/th>\n<td class=\"col data\" data-th=\"Nombre de Programmes\">16 Programmes<\/td>\n<\/tr>\n<tr>\n<th class=\"col label\" scope=\"row\">Classe \u00c9nerg\u00e9tique<\/th>\n<td class=\"col data\" data-th=\"Classe \u00c9nerg\u00e9tique\">A++<\/td>\n<\/tr>\n<tr>\n<th class=\"col label\" scope=\"row\">Consommation d \u00e9nergie<\/th>\n<td class=\"col data\" data-th=\"Consommation d \u00e9nergie\">670 KW\/An<\/td>\n<\/tr>\n<tr>\n<th class=\"col label\" scope=\"row\">Nombre de Tours<\/th>\n<td class=\"col data\" data-th=\"Nombre de Tours\">Autres<\/td>\n<\/tr>\n<tr>\n<th class=\"col label\" scope=\"row\">Vitesse d essorage<\/th>\n<td class=\"col data\" data-th=\"Vitesse d essorage\">Autres<\/td>\n<\/tr>\n<tr>\n<th class=\"col label\" scope=\"row\">Niveau de bruit<\/th>\n<td class=\"col data\" data-th=\"Niveau de bruit\">68 db<\/td>\n<\/tr>\n<tr>\n<th class=\"col label\" scope=\"row\">Dimensions<\/th>\n<td class=\"col data\" data-th=\"Dimensions\">850 x 596 x 585mm<\/td>\n<\/tr>\n<tr>\n<th class=\"col label\" scope=\"row\">Couleur<\/th>\n<td class=\"col data\" data-th=\"Couleur\">Blanc<\/td>\n<\/tr>\n<tr>\n<th class=\"col label\" scope=\"row\">Garantie<\/th>\n<td class=\"col data\" data-th=\"Garantie\">3 ans<\/td>\n<\/tr>\n<\/tbody>\n<\/table>","protected":false},"excerpt":{"rendered":"<p>gtin MLHLEC10DE-80 Marque HOOVER Type S\u00e8che Linge Type de s\u00e9chage Condensation Type d&rsquo;ouverture Frontal Capacit\u00e9 10 Kg Afficheur Avec Afficheur Ecran Tactile Non Nombre de Programmes 16 Programmes Classe \u00c9nerg\u00e9tique A++ Consommation d \u00e9nergie 670 KW\/An Nombre de Tours Autres Vitesse d essorage Autres Niveau de bruit 68 db Dimensions 850 x 596 x 585mm [&hellip;]<\/p>","protected":false},"featured_media":9581,"comment_status":"open","ping_status":"closed","template":"","meta":[],"product_brand":[98],"product_cat":[560],"product_tag":[],"class_list":{"0":"post-9580","1":"product","2":"type-product","3":"status-publish","4":"has-post-thumbnail","6":"product_brand-hoover","7":"product_cat-seche-ligne","9":"first","10":"instock","11":"shipping-taxable","12":"purchasable","13":"product-type-simple"},"_links":{"self":[{"href":"https:\/\/electrobennjima.tn\/en\/wp-json\/wp\/v2\/product\/9580","targetHints":{"allow":["GET"]}}],"collection":[{"href":"https:\/\/electrobennjima.tn\/en\/wp-json\/wp\/v2\/product"}],"about":[{"href":"https:\/\/electrobennjima.tn\/en\/wp-json\/wp\/v2\/types\/product"}],"replies":[{"embeddable":true,"href":"https:\/\/electrobennjima.tn\/en\/wp-json\/wp\/v2\/comments?post=9580"}],"wp:featuredmedia":[{"embeddable":true,"href":"https:\/\/electrobennjima.tn\/en\/wp-json\/wp\/v2\/media\/9581"}],"wp:attachment":[{"href":"https:\/\/electrobennjima.tn\/en\/wp-json\/wp\/v2\/media?parent=9580"}],"wp:term":[{"taxonomy":"product_brand","embeddable":true,"href":"https:\/\/electrobennjima.tn\/en\/wp-json\/wp\/v2\/product_brand?post=9580"},{"taxonomy":"product_cat","embeddable":true,"href":"https:\/\/electrobennjima.tn\/en\/wp-json\/wp\/v2\/product_cat?post=9580"},{"taxonomy":"product_tag","embeddable":true,"href":"https:\/\/electrobennjima.tn\/en\/wp-json\/wp\/v2\/product_tag?post=9580"}],"curies":[{"name":"wp","href":"https:\/\/api.w.org\/{rel}","templated":true}]}}