{"id":9588,"date":"2026-04-03T07:27:42","date_gmt":"2026-04-03T07:27:42","guid":{"rendered":"https:\/\/electrobennjima.tn\/?post_type=product&#038;p=9588"},"modified":"2026-04-03T07:27:43","modified_gmt":"2026-04-03T07:27:43","slug":"micro-onde-condor-20l-blanc","status":"publish","type":"product","link":"https:\/\/electrobennjima.tn\/en\/micro-onde-condor-20l-blanc\/","title":{"rendered":"MICRO ONDE CONDOR 20L &#8211; BLANC"},"content":{"rendered":"<table id=\"product-attribute-specs-table\" class=\"data table additional-attributes\">\n<tbody>\n<tr>\n<th class=\"col label\" scope=\"row\">R\u00e9f\u00e9rence<\/th>\n<td class=\"col data\" data-th=\"gtin\">FOCMW-M2005W<\/td>\n<\/tr>\n<tr>\n<th class=\"col label\" scope=\"row\">Marque<\/th>\n<td class=\"col data\" data-th=\"Marque\">Condor<\/td>\n<\/tr>\n<tr>\n<th class=\"col label\" scope=\"row\">Capacit\u00e9<\/th>\n<td class=\"col data\" data-th=\"Gamme PC\">20 Litres<\/td>\n<\/tr>\n<tr>\n<th class=\"col label\" scope=\"row\">Puissance<\/th>\n<td class=\"col data\" data-th=\"Gamer\">700 W<\/td>\n<\/tr>\n<tr>\n<th class=\"col label\" scope=\"row\">Plateau en verre diam\u00e8tre<\/th>\n<td class=\"col data\" data-th=\"Syst\u00e8me d'exploitation\">270<\/td>\n<\/tr>\n<tr>\n<th class=\"col label\" scope=\"row\">Alimentation \u00e9lectrique<\/th>\n<td class=\"col data\" data-th=\"Taille de l'\u00e9cran\">230V~50Hz<\/td>\n<\/tr>\n<tr>\n<th class=\"col label\" scope=\"row\">Dimensions<\/th>\n<td class=\"col data\" data-th=\"Ecran\">48.5 x 29.25 x\u00a037 cm<\/td>\n<\/tr>\n<tr>\n<th class=\"col label\" scope=\"row\">Couleur<\/th>\n<td class=\"col data\" data-th=\"Ecran Tactile\">Blanc<\/td>\n<\/tr>\n<tr>\n<th class=\"col label\" scope=\"row\">Garantie<\/th>\n<td class=\"col data\" data-th=\"R\u00e9solution d'\u00e9crans\">1 an<\/td>\n<\/tr>\n<\/tbody>\n<\/table>","protected":false},"excerpt":{"rendered":"<p>R\u00e9f\u00e9rence FOCMW-M2005W Marque Condor Capacit\u00e9 20 Litres Puissance 700 W Plateau en verre diam\u00e8tre 270 Alimentation \u00e9lectrique 230V~50Hz Dimensions 48.5 x 29.25 x\u00a037 cm Couleur Blanc Garantie 1 an<\/p>","protected":false},"featured_media":9589,"comment_status":"open","ping_status":"closed","template":"","meta":[],"product_brand":[52],"product_cat":[68,69],"product_tag":[],"class_list":{"0":"post-9588","1":"product","2":"type-product","3":"status-publish","4":"has-post-thumbnail","6":"product_brand-condor","7":"product_cat-cuisine","8":"product_cat-micro-ondes","10":"first","11":"instock","12":"shipping-taxable","13":"purchasable","14":"product-type-simple"},"_links":{"self":[{"href":"https:\/\/electrobennjima.tn\/en\/wp-json\/wp\/v2\/product\/9588","targetHints":{"allow":["GET"]}}],"collection":[{"href":"https:\/\/electrobennjima.tn\/en\/wp-json\/wp\/v2\/product"}],"about":[{"href":"https:\/\/electrobennjima.tn\/en\/wp-json\/wp\/v2\/types\/product"}],"replies":[{"embeddable":true,"href":"https:\/\/electrobennjima.tn\/en\/wp-json\/wp\/v2\/comments?post=9588"}],"wp:featuredmedia":[{"embeddable":true,"href":"https:\/\/electrobennjima.tn\/en\/wp-json\/wp\/v2\/media\/9589"}],"wp:attachment":[{"href":"https:\/\/electrobennjima.tn\/en\/wp-json\/wp\/v2\/media?parent=9588"}],"wp:term":[{"taxonomy":"product_brand","embeddable":true,"href":"https:\/\/electrobennjima.tn\/en\/wp-json\/wp\/v2\/product_brand?post=9588"},{"taxonomy":"product_cat","embeddable":true,"href":"https:\/\/electrobennjima.tn\/en\/wp-json\/wp\/v2\/product_cat?post=9588"},{"taxonomy":"product_tag","embeddable":true,"href":"https:\/\/electrobennjima.tn\/en\/wp-json\/wp\/v2\/product_tag?post=9588"}],"curies":[{"name":"wp","href":"https:\/\/api.w.org\/{rel}","templated":true}]}}