{"id":9620,"date":"2026-04-03T09:06:42","date_gmt":"2026-04-03T09:06:42","guid":{"rendered":"https:\/\/electrobennjima.tn\/?post_type=product&#038;p=9620"},"modified":"2026-04-03T09:06:42","modified_gmt":"2026-04-03T09:06:42","slug":"seche-cheveux-ionic-2200w-noir-vert","status":"publish","type":"product","link":"https:\/\/electrobennjima.tn\/en\/seche-cheveux-ionic-2200w-noir-vert\/","title":{"rendered":"SECHE CHEVEUX IONIC 2200W \/ NOIR-VERT"},"content":{"rendered":"<table id=\"product-attribute-specs-table\" class=\"data table additional-attributes\">\n<tbody>\n<tr>\n<th class=\"col label\" scope=\"row\">R\u00e9f\u00e9rence<\/th>\n<td class=\"col data\" data-th=\"Prix\">PEHD17BGRN-494<\/td>\n<\/tr>\n<tr>\n<th class=\"col label\" scope=\"row\">Garantie<\/th>\n<td class=\"col data\" data-th=\"Garantie:\">1 an<\/td>\n<\/tr>\n<tr>\n<th class=\"col label\" scope=\"row\">Puissance<\/th>\n<td class=\"col data\" data-th=\"Puissance\">2200 W<\/td>\n<\/tr>\n<tr>\n<th class=\"col label\" scope=\"row\">Fonctions &amp; Technologie<\/th>\n<td class=\"col data\" data-th=\"Fonctions &amp; Technologie\">S\u00e9curit\u00e9 anti surchauffe<\/td>\n<\/tr>\n<tr>\n<th class=\"col label\" scope=\"row\">R\u00e9glages Vitesse<\/th>\n<td class=\"col data\" data-th=\"R\u00e9glages Vitesse\">x2<\/td>\n<\/tr>\n<tr>\n<th class=\"col label\" scope=\"row\">Couleur<\/th>\n<td class=\"col data\" data-th=\"Couleur:\">Noir<\/td>\n<\/tr>\n<\/tbody>\n<\/table>","protected":false},"excerpt":{"rendered":"<p>R\u00e9f\u00e9rence PEHD17BGRN-494 Garantie 1 an Puissance 2200 W Fonctions &amp; Technologie S\u00e9curit\u00e9 anti surchauffe R\u00e9glages Vitesse x2 Couleur Noir<\/p>","protected":false},"featured_media":9621,"comment_status":"open","ping_status":"closed","template":"","meta":[],"product_brand":[58],"product_cat":[57],"product_tag":[],"class_list":{"0":"post-9620","1":"product","2":"type-product","3":"status-publish","4":"has-post-thumbnail","6":"product_brand-arno","7":"product_cat-seche-cheveux","9":"first","10":"instock","11":"shipping-taxable","12":"purchasable","13":"product-type-simple"},"_links":{"self":[{"href":"https:\/\/electrobennjima.tn\/en\/wp-json\/wp\/v2\/product\/9620","targetHints":{"allow":["GET"]}}],"collection":[{"href":"https:\/\/electrobennjima.tn\/en\/wp-json\/wp\/v2\/product"}],"about":[{"href":"https:\/\/electrobennjima.tn\/en\/wp-json\/wp\/v2\/types\/product"}],"replies":[{"embeddable":true,"href":"https:\/\/electrobennjima.tn\/en\/wp-json\/wp\/v2\/comments?post=9620"}],"wp:featuredmedia":[{"embeddable":true,"href":"https:\/\/electrobennjima.tn\/en\/wp-json\/wp\/v2\/media\/9621"}],"wp:attachment":[{"href":"https:\/\/electrobennjima.tn\/en\/wp-json\/wp\/v2\/media?parent=9620"}],"wp:term":[{"taxonomy":"product_brand","embeddable":true,"href":"https:\/\/electrobennjima.tn\/en\/wp-json\/wp\/v2\/product_brand?post=9620"},{"taxonomy":"product_cat","embeddable":true,"href":"https:\/\/electrobennjima.tn\/en\/wp-json\/wp\/v2\/product_cat?post=9620"},{"taxonomy":"product_tag","embeddable":true,"href":"https:\/\/electrobennjima.tn\/en\/wp-json\/wp\/v2\/product_tag?post=9620"}],"curies":[{"name":"wp","href":"https:\/\/api.w.org\/{rel}","templated":true}]}}