{"id":9624,"date":"2026-04-03T09:21:49","date_gmt":"2026-04-03T09:21:49","guid":{"rendered":"https:\/\/electrobennjima.tn\/?post_type=product&#038;p=9624"},"modified":"2026-04-03T09:21:49","modified_gmt":"2026-04-03T09:21:49","slug":"t-v-c-condor-40-fhd-android","status":"publish","type":"product","link":"https:\/\/electrobennjima.tn\/en\/t-v-c-condor-40-fhd-android\/","title":{"rendered":"T.V.C CONDOR 40 FHD &#8211; ANDROID"},"content":{"rendered":"<table id=\"product-attribute-specs-table\" class=\"data table additional-attributes\">\n<tbody>\n<tr>\n<th class=\"col label\" scope=\"row\">R\u00e9f\u00e9rence<\/th>\n<td class=\"col data\" data-th=\"gtin\">TV40SD520<\/td>\n<\/tr>\n<tr>\n<th class=\"col label\" scope=\"row\">Marque<\/th>\n<td class=\"col data\" data-th=\"Marque\">Condor<\/td>\n<\/tr>\n<tr>\n<th class=\"col label\" scope=\"row\">Garantie<\/th>\n<td class=\"col data\" data-th=\"Gamme PC\">2ans<\/td>\n<\/tr>\n<tr>\n<th class=\"col label\" scope=\"row\">Taille de l&rsquo;\u00e9cran<\/th>\n<td class=\"col data\" data-th=\"Gamer\">40 pouce<\/td>\n<\/tr>\n<tr>\n<th class=\"col label\" scope=\"row\">Format<\/th>\n<td class=\"col data\" data-th=\"Syst\u00e8me d'exploitation\">Flat<\/td>\n<\/tr>\n<tr>\n<th class=\"col label\" scope=\"row\">Couleur<\/th>\n<td class=\"col data\" data-th=\"Taille de l'\u00e9cran\">Noir<\/td>\n<\/tr>\n<tr>\n<th class=\"col label\" scope=\"row\">R\u00e9cepteur Int\u00e9gr\u00e9<\/th>\n<td class=\"col data\" data-th=\"Ecran\">Non<\/td>\n<\/tr>\n<tr>\n<th class=\"col label\" scope=\"row\">Norme HD<\/th>\n<td class=\"col data\" data-th=\"Ecran Tactile\">Full HD (1080p)<\/td>\n<\/tr>\n<tr>\n<th class=\"col label\" scope=\"row\">Wifi<\/th>\n<td class=\"col data\" data-th=\"R\u00e9solution d'\u00e9crans\">Oui<\/td>\n<\/tr>\n<tr>\n<th class=\"col label\" scope=\"row\">Smart Tv<\/th>\n<td class=\"col data\" data-th=\"Processeur\">Oui<\/td>\n<\/tr>\n<tr>\n<th class=\"col label\" scope=\"row\">Syst\u00e8me d\u2019exploitation<\/th>\n<td class=\"col data\" data-th=\"Type Processeur\">Android<\/td>\n<\/tr>\n<tr>\n<th class=\"col label\" scope=\"row\">Fr\u00e9quence d\u2019affichage<\/th>\n<td class=\"col data\" data-th=\"R\u00e9f\u00e9rence Processeur\">Autres<\/td>\n<\/tr>\n<tr>\n<th class=\"col label\" scope=\"row\">Type d&rsquo;\u00e9cran<\/th>\n<td class=\"col data\" data-th=\"Fr\u00e9quence Processeur\">LED<\/td>\n<\/tr>\n<\/tbody>\n<\/table>","protected":false},"excerpt":{"rendered":"<p>R\u00e9f\u00e9rence TV40SD520 Marque Condor Garantie 2ans Taille de l&rsquo;\u00e9cran 40 pouce Format Flat Couleur Noir R\u00e9cepteur Int\u00e9gr\u00e9 Non Norme HD Full HD (1080p) Wifi Oui Smart Tv Oui Syst\u00e8me d\u2019exploitation Android Fr\u00e9quence d\u2019affichage Autres Type d&rsquo;\u00e9cran LED<\/p>","protected":false},"featured_media":9625,"comment_status":"open","ping_status":"closed","template":"","meta":[],"product_brand":[52],"product_cat":[563,145],"product_tag":[],"class_list":{"0":"post-9624","1":"product","2":"type-product","3":"status-publish","4":"has-post-thumbnail","6":"product_brand-condor","7":"product_cat-televiseur-condor","8":"product_cat-televiseurs","10":"first","11":"instock","12":"shipping-taxable","13":"purchasable","14":"product-type-simple"},"_links":{"self":[{"href":"https:\/\/electrobennjima.tn\/en\/wp-json\/wp\/v2\/product\/9624","targetHints":{"allow":["GET"]}}],"collection":[{"href":"https:\/\/electrobennjima.tn\/en\/wp-json\/wp\/v2\/product"}],"about":[{"href":"https:\/\/electrobennjima.tn\/en\/wp-json\/wp\/v2\/types\/product"}],"replies":[{"embeddable":true,"href":"https:\/\/electrobennjima.tn\/en\/wp-json\/wp\/v2\/comments?post=9624"}],"wp:featuredmedia":[{"embeddable":true,"href":"https:\/\/electrobennjima.tn\/en\/wp-json\/wp\/v2\/media\/9625"}],"wp:attachment":[{"href":"https:\/\/electrobennjima.tn\/en\/wp-json\/wp\/v2\/media?parent=9624"}],"wp:term":[{"taxonomy":"product_brand","embeddable":true,"href":"https:\/\/electrobennjima.tn\/en\/wp-json\/wp\/v2\/product_brand?post=9624"},{"taxonomy":"product_cat","embeddable":true,"href":"https:\/\/electrobennjima.tn\/en\/wp-json\/wp\/v2\/product_cat?post=9624"},{"taxonomy":"product_tag","embeddable":true,"href":"https:\/\/electrobennjima.tn\/en\/wp-json\/wp\/v2\/product_tag?post=9624"}],"curies":[{"name":"wp","href":"https:\/\/api.w.org\/{rel}","templated":true}]}}