{"id":9626,"date":"2026-04-03T09:26:29","date_gmt":"2026-04-03T09:26:29","guid":{"rendered":"https:\/\/electrobennjima.tn\/?post_type=product&#038;p=9626"},"modified":"2026-04-03T09:26:45","modified_gmt":"2026-04-03T09:26:45","slug":"t-v-c-hisense-43-fhd-smart-android-tv","status":"publish","type":"product","link":"https:\/\/electrobennjima.tn\/en\/t-v-c-hisense-43-fhd-smart-android-tv\/","title":{"rendered":"T.V.C HISENSE 43 FHD &#8211; SMART ANDROID TV"},"content":{"rendered":"<table id=\"product-attribute-specs-table\" class=\"data table additional-attributes\">\n<tbody>\n<tr>\n<th class=\"col label\" scope=\"row\">R\u00e9f\u00e9rence<\/th>\n<td class=\"col data\" data-th=\"gtin\">TVA3A4200G<\/td>\n<\/tr>\n<tr>\n<th class=\"col label\" scope=\"row\">Marque<\/th>\n<td class=\"col data\" data-th=\"Marque\">HISENSE<\/td>\n<\/tr>\n<tr>\n<th class=\"col label\" scope=\"row\">S\u00e9ries TV<\/th>\n<td class=\"col data\" data-th=\"S\u00e9ries TV\">A4200G<\/td>\n<\/tr>\n<tr>\n<th class=\"col label\" scope=\"row\">Syst\u00e8me d&rsquo;exploitation<\/th>\n<td class=\"col data\" data-th=\"Syst\u00e8me d'exploitation\">Android<\/td>\n<\/tr>\n<tr>\n<th class=\"col label\" scope=\"row\">Taille de l&rsquo;\u00e9cran<\/th>\n<td class=\"col data\" data-th=\"Taille de l'\u00e9cran\">43 Pouces<\/td>\n<\/tr>\n<tr>\n<th class=\"col label\" scope=\"row\">Ecran Incurv\u00e9<\/th>\n<td class=\"col data\" data-th=\"Ecran Incurv\u00e9\">Non<\/td>\n<\/tr>\n<tr>\n<th class=\"col label\" scope=\"row\">Ecran<\/th>\n<td class=\"col data\" data-th=\"Ecran\">Ultra HD<\/td>\n<\/tr>\n<tr>\n<th class=\"col label\" scope=\"row\">R\u00e9solution d&rsquo;\u00e9crans<\/th>\n<td class=\"col data\" data-th=\"R\u00e9solution d'\u00e9crans\">1920 x 1080 pixels<\/td>\n<\/tr>\n<tr>\n<th class=\"col label\" scope=\"row\">Angle de vue<\/th>\n<td class=\"col data\" data-th=\"Angle de vue\">178\u00b0\/178\u00b0<\/td>\n<\/tr>\n<tr>\n<th class=\"col label\" scope=\"row\">Norme HD<\/th>\n<td class=\"col data\" data-th=\"Norme HD\">UHD ( Ultra HD)<\/td>\n<\/tr>\n<tr>\n<th class=\"col label\" scope=\"row\">R\u00e9cepteur Int\u00e9gr\u00e9<\/th>\n<td class=\"col data\" data-th=\"R\u00e9cepteur Int\u00e9gr\u00e9\">Non<\/td>\n<\/tr>\n<tr>\n<th class=\"col label\" scope=\"row\">Smart TV<\/th>\n<td class=\"col data\" data-th=\"Smart TV\">Oui<\/td>\n<\/tr>\n<tr>\n<th class=\"col label\" scope=\"row\">Compatible HDR<\/th>\n<td class=\"col data\" data-th=\"Compatible HDR\">Non<\/td>\n<\/tr>\n<tr>\n<th class=\"col label\" scope=\"row\">TV 3D<\/th>\n<td class=\"col data\" data-th=\"TV 3D\">Non<\/td>\n<\/tr>\n<tr>\n<th class=\"col label\" scope=\"row\">Bluetooth<\/th>\n<td class=\"col data\" data-th=\"Bluetooth\">Oui<\/td>\n<\/tr>\n<tr>\n<th class=\"col label\" scope=\"row\">Audio<\/th>\n<td class=\"col data\" data-th=\"Audio\">Dolby Audio<\/td>\n<\/tr>\n<tr>\n<th class=\"col label\" scope=\"row\">Puissance de haut-parleur<\/th>\n<td class=\"col data\" data-th=\"Puissance de haut-parleur\">2 x 10 Watts<\/td>\n<\/tr>\n<tr>\n<th class=\"col label\" scope=\"row\">Connecteurs<\/th>\n<td class=\"col data\" data-th=\"Connecteurs\">2 x HDMI, 2 x USB<\/td>\n<\/tr>\n<tr>\n<th class=\"col label\" scope=\"row\">Dimensions<\/th>\n<td class=\"col data\" data-th=\"Dimensions\">955 x 558 x 87 mm<\/td>\n<\/tr>\n<tr>\n<th class=\"col label\" scope=\"row\">Poids<\/th>\n<td class=\"col data\" data-th=\"Poids\">6.2 kg<\/td>\n<\/tr>\n<tr>\n<th class=\"col label\" scope=\"row\">Couleur<\/th>\n<td class=\"col data\" data-th=\"Couleur\">Noir<\/td>\n<\/tr>\n<tr>\n<th class=\"col label\" scope=\"row\">Garantie<\/th>\n<td class=\"col data\" data-th=\"Garantie\">2 ans<\/td>\n<\/tr>\n<\/tbody>\n<\/table>","protected":false},"excerpt":{"rendered":"<p>R\u00e9f\u00e9rence TVA3A4200G Marque HISENSE S\u00e9ries TV A4200G Syst\u00e8me d&rsquo;exploitation Android Taille de l&rsquo;\u00e9cran 43 Pouces Ecran Incurv\u00e9 Non Ecran Ultra HD R\u00e9solution d&rsquo;\u00e9crans 1920 x 1080 pixels Angle de vue 178\u00b0\/178\u00b0 Norme HD UHD ( Ultra HD) R\u00e9cepteur Int\u00e9gr\u00e9 Non Smart TV Oui Compatible HDR Non TV 3D Non Bluetooth Oui Audio Dolby Audio Puissance [&hellip;]<\/p>","protected":false},"featured_media":9627,"comment_status":"open","ping_status":"closed","template":"","meta":[],"product_brand":[210],"product_cat":[564],"product_tag":[],"class_list":{"0":"post-9626","1":"product","2":"type-product","3":"status-publish","4":"has-post-thumbnail","6":"product_brand-hisense","7":"product_cat-televiseurs-hisense","9":"first","10":"instock","11":"shipping-taxable","12":"purchasable","13":"product-type-simple"},"_links":{"self":[{"href":"https:\/\/electrobennjima.tn\/en\/wp-json\/wp\/v2\/product\/9626","targetHints":{"allow":["GET"]}}],"collection":[{"href":"https:\/\/electrobennjima.tn\/en\/wp-json\/wp\/v2\/product"}],"about":[{"href":"https:\/\/electrobennjima.tn\/en\/wp-json\/wp\/v2\/types\/product"}],"replies":[{"embeddable":true,"href":"https:\/\/electrobennjima.tn\/en\/wp-json\/wp\/v2\/comments?post=9626"}],"wp:featuredmedia":[{"embeddable":true,"href":"https:\/\/electrobennjima.tn\/en\/wp-json\/wp\/v2\/media\/9627"}],"wp:attachment":[{"href":"https:\/\/electrobennjima.tn\/en\/wp-json\/wp\/v2\/media?parent=9626"}],"wp:term":[{"taxonomy":"product_brand","embeddable":true,"href":"https:\/\/electrobennjima.tn\/en\/wp-json\/wp\/v2\/product_brand?post=9626"},{"taxonomy":"product_cat","embeddable":true,"href":"https:\/\/electrobennjima.tn\/en\/wp-json\/wp\/v2\/product_cat?post=9626"},{"taxonomy":"product_tag","embeddable":true,"href":"https:\/\/electrobennjima.tn\/en\/wp-json\/wp\/v2\/product_tag?post=9626"}],"curies":[{"name":"wp","href":"https:\/\/api.w.org\/{rel}","templated":true}]}}