{"id":9628,"date":"2026-04-03T09:29:57","date_gmt":"2026-04-03T09:29:57","guid":{"rendered":"https:\/\/electrobennjima.tn\/?post_type=product&#038;p=9628"},"modified":"2026-04-03T09:29:57","modified_gmt":"2026-04-03T09:29:57","slug":"t-v-c-hisense-85-qled-uhd-4k-smart-tv","status":"publish","type":"product","link":"https:\/\/electrobennjima.tn\/en\/t-v-c-hisense-85-qled-uhd-4k-smart-tv\/","title":{"rendered":"T.V.C HISENSE 85 QLED UHD 4K SMART TV"},"content":{"rendered":"<table id=\"product-attribute-specs-table\" class=\"data table additional-attributes\">\n<tbody>\n<tr>\n<th class=\"col label\" scope=\"row\">R\u00e9f\u00e9rence<\/th>\n<td class=\"col data\" data-th=\"gtin\">TV85Q6N<\/td>\n<\/tr>\n<tr>\n<th class=\"col label\" scope=\"row\">Marque<\/th>\n<td class=\"col data\" data-th=\"Marque\">HISENSE<\/td>\n<\/tr>\n<tr>\n<th class=\"col label\" scope=\"row\">S\u00e9ries TV<\/th>\n<td class=\"col data\" data-th=\"S\u00e9ries TV\">A6N<\/td>\n<\/tr>\n<tr>\n<th class=\"col label\" scope=\"row\">Syst\u00e8me d&rsquo;exploitation<\/th>\n<td class=\"col data\" data-th=\"Syst\u00e8me d'exploitation\">Autres<\/td>\n<\/tr>\n<tr>\n<th class=\"col label\" scope=\"row\">Taille de l&rsquo;\u00e9cran<\/th>\n<td class=\"col data\" data-th=\"Taille de l'\u00e9cran\">85 Pouces<\/td>\n<\/tr>\n<tr>\n<th class=\"col label\" scope=\"row\">Ecran Incurv\u00e9<\/th>\n<td class=\"col data\" data-th=\"Ecran Incurv\u00e9\">Non<\/td>\n<\/tr>\n<tr>\n<th class=\"col label\" scope=\"row\">Ecran<\/th>\n<td class=\"col data\" data-th=\"Ecran\">QLED<\/td>\n<\/tr>\n<tr>\n<th class=\"col label\" scope=\"row\">R\u00e9solution d&rsquo;\u00e9crans<\/th>\n<td class=\"col data\" data-th=\"R\u00e9solution d'\u00e9crans\">3840 x 2160 pixels<\/td>\n<\/tr>\n<tr>\n<th class=\"col label\" scope=\"row\">Norme HD<\/th>\n<td class=\"col data\" data-th=\"Norme HD\">4K UHD<\/td>\n<\/tr>\n<tr>\n<th class=\"col label\" scope=\"row\">R\u00e9cepteur Int\u00e9gr\u00e9<\/th>\n<td class=\"col data\" data-th=\"R\u00e9cepteur Int\u00e9gr\u00e9\">Non<\/td>\n<\/tr>\n<tr>\n<th class=\"col label\" scope=\"row\">Smart TV<\/th>\n<td class=\"col data\" data-th=\"Smart TV\">Oui<\/td>\n<\/tr>\n<tr>\n<th class=\"col label\" scope=\"row\">Compatible HDR<\/th>\n<td class=\"col data\" data-th=\"Compatible HDR\">Oui<\/td>\n<\/tr>\n<tr>\n<th class=\"col label\" scope=\"row\">TV 3D<\/th>\n<td class=\"col data\" data-th=\"TV 3D\">Non<\/td>\n<\/tr>\n<tr>\n<th class=\"col label\" scope=\"row\">Bluetooth<\/th>\n<td class=\"col data\" data-th=\"Bluetooth\">Oui<\/td>\n<\/tr>\n<tr>\n<th class=\"col label\" scope=\"row\">Connecteurs<\/th>\n<td class=\"col data\" data-th=\"Connecteurs\">HDMI 2.0,Port USB 2.0, AirPlay2,eARC<\/td>\n<\/tr>\n<tr>\n<th class=\"col label\" scope=\"row\">Dimensions<\/th>\n<td class=\"col data\" data-th=\"Dimensions\">1892 x 1154 x 455<\/td>\n<\/tr>\n<tr>\n<th class=\"col label\" scope=\"row\">Poids<\/th>\n<td class=\"col data\" data-th=\"Poids\">49 kg<\/td>\n<\/tr>\n<tr>\n<th class=\"col label\" scope=\"row\">Couleur<\/th>\n<td class=\"col data\" data-th=\"Couleur\">Noir<\/td>\n<\/tr>\n<tr>\n<th class=\"col label\" scope=\"row\">Garantie<\/th>\n<td class=\"col data\" data-th=\"Garantie\">2 ans<\/td>\n<\/tr>\n<\/tbody>\n<\/table>","protected":false},"excerpt":{"rendered":"<p>R\u00e9f\u00e9rence TV85Q6N Marque HISENSE S\u00e9ries TV A6N Syst\u00e8me d&rsquo;exploitation Autres Taille de l&rsquo;\u00e9cran 85 Pouces Ecran Incurv\u00e9 Non Ecran QLED R\u00e9solution d&rsquo;\u00e9crans 3840 x 2160 pixels Norme HD 4K UHD R\u00e9cepteur Int\u00e9gr\u00e9 Non Smart TV Oui Compatible HDR Oui TV 3D Non Bluetooth Oui Connecteurs HDMI 2.0,Port USB 2.0, AirPlay2,eARC Dimensions 1892 x 1154 x [&hellip;]<\/p>","protected":false},"featured_media":9629,"comment_status":"open","ping_status":"closed","template":"","meta":[],"product_brand":[210],"product_cat":[145,564],"product_tag":[],"class_list":{"0":"post-9628","1":"product","2":"type-product","3":"status-publish","4":"has-post-thumbnail","6":"product_brand-hisense","7":"product_cat-televiseurs","8":"product_cat-televiseurs-hisense","10":"first","11":"instock","12":"shipping-taxable","13":"purchasable","14":"product-type-simple"},"_links":{"self":[{"href":"https:\/\/electrobennjima.tn\/en\/wp-json\/wp\/v2\/product\/9628","targetHints":{"allow":["GET"]}}],"collection":[{"href":"https:\/\/electrobennjima.tn\/en\/wp-json\/wp\/v2\/product"}],"about":[{"href":"https:\/\/electrobennjima.tn\/en\/wp-json\/wp\/v2\/types\/product"}],"replies":[{"embeddable":true,"href":"https:\/\/electrobennjima.tn\/en\/wp-json\/wp\/v2\/comments?post=9628"}],"wp:featuredmedia":[{"embeddable":true,"href":"https:\/\/electrobennjima.tn\/en\/wp-json\/wp\/v2\/media\/9629"}],"wp:attachment":[{"href":"https:\/\/electrobennjima.tn\/en\/wp-json\/wp\/v2\/media?parent=9628"}],"wp:term":[{"taxonomy":"product_brand","embeddable":true,"href":"https:\/\/electrobennjima.tn\/en\/wp-json\/wp\/v2\/product_brand?post=9628"},{"taxonomy":"product_cat","embeddable":true,"href":"https:\/\/electrobennjima.tn\/en\/wp-json\/wp\/v2\/product_cat?post=9628"},{"taxonomy":"product_tag","embeddable":true,"href":"https:\/\/electrobennjima.tn\/en\/wp-json\/wp\/v2\/product_tag?post=9628"}],"curies":[{"name":"wp","href":"https:\/\/api.w.org\/{rel}","templated":true}]}}