{"id":9630,"date":"2026-04-03T09:35:34","date_gmt":"2026-04-03T09:35:34","guid":{"rendered":"https:\/\/electrobennjima.tn\/?post_type=product&#038;p=9630"},"modified":"2026-04-03T09:35:34","modified_gmt":"2026-04-03T09:35:34","slug":"t-v-c-hisense-qled-uhd-65-smart-4k","status":"publish","type":"product","link":"https:\/\/electrobennjima.tn\/en\/t-v-c-hisense-qled-uhd-65-smart-4k\/","title":{"rendered":"T.V.C HISENSE QLED UHD 65 SMART 4K"},"content":{"rendered":"<table class=\"woocommerce-product-attributes shop_attributes\" aria-label=\"D\u00e9tails du produit\">\n<tbody>\n<tr class=\"woocommerce-product-attributes-item woocommerce-product-attributes-item--weight\">\n<th class=\"woocommerce-product-attributes-item__label\" scope=\"row\">R\u00e9f\u00e9rence<\/th>\n<td class=\"woocommerce-product-attributes-item__value\">TV65Q6N<\/td>\n<\/tr>\n<tr class=\"woocommerce-product-attributes-item woocommerce-product-attributes-item--dimensions\">\n<th class=\"woocommerce-product-attributes-item__label\" scope=\"row\">Dimensions<\/th>\n<td class=\"woocommerce-product-attributes-item__value\">2,84 \u00d7 1,85 \u00d7 0,65 cm<\/td>\n<\/tr>\n<tr class=\"woocommerce-product-attributes-item woocommerce-product-attributes-item--attribute_pa_brand\">\n<th class=\"woocommerce-product-attributes-item__label\" scope=\"row\">Marque<\/th>\n<td class=\"woocommerce-product-attributes-item__value\"><a href=\"https:\/\/wiki.tn\/brand\/hisense\/\" rel=\"tag\">Hisense<\/a><\/td>\n<\/tr>\n<tr class=\"woocommerce-product-attributes-item woocommerce-product-attributes-item--attribute_pa_modele\">\n<th class=\"woocommerce-product-attributes-item__label\" scope=\"row\">Smart TV<\/th>\n<td class=\"woocommerce-product-attributes-item__value\">Oui<\/td>\n<\/tr>\n<tr class=\"woocommerce-product-attributes-item woocommerce-product-attributes-item--attribute_pa_ecran\">\n<th class=\"woocommerce-product-attributes-item__label\" scope=\"row\">Ecran<\/th>\n<td class=\"woocommerce-product-attributes-item__value\">4K, QLED<\/td>\n<\/tr>\n<tr class=\"woocommerce-product-attributes-item woocommerce-product-attributes-item--attribute_pa_taille-de-lecran\">\n<th class=\"woocommerce-product-attributes-item__label\" scope=\"row\">Taille de l&rsquo;\u00e9cran<\/th>\n<td class=\"woocommerce-product-attributes-item__value\">65 Pouces<\/td>\n<\/tr>\n<tr class=\"woocommerce-product-attributes-item woocommerce-product-attributes-item--attribute_pa_resolution\">\n<th class=\"woocommerce-product-attributes-item__label\" scope=\"row\">R\u00e9solution<\/th>\n<td class=\"woocommerce-product-attributes-item__value\">3840 x 2160<\/td>\n<\/tr>\n<tr class=\"woocommerce-product-attributes-item woocommerce-product-attributes-item--attribute_pa_couleur\">\n<th class=\"woocommerce-product-attributes-item__label\" scope=\"row\">Couleur<\/th>\n<td class=\"woocommerce-product-attributes-item__value\">Noir<\/td>\n<\/tr>\n<tr class=\"woocommerce-product-attributes-item woocommerce-product-attributes-item--attribute_pa_garantie\">\n<th class=\"woocommerce-product-attributes-item__label\" scope=\"row\">Garantie<\/th>\n<td class=\"woocommerce-product-attributes-item__value\">1 an<\/td>\n<\/tr>\n<\/tbody>\n<\/table>","protected":false},"excerpt":{"rendered":"<p>R\u00e9f\u00e9rence TV65Q6N Dimensions 2,84 \u00d7 1,85 \u00d7 0,65 cm Marque Hisense Smart TV Oui Ecran 4K, QLED Taille de l&rsquo;\u00e9cran 65 Pouces R\u00e9solution 3840 x 2160 Couleur Noir Garantie 1 an<\/p>","protected":false},"featured_media":9635,"comment_status":"open","ping_status":"closed","template":"","meta":[],"product_brand":[210],"product_cat":[564],"product_tag":[],"class_list":{"0":"post-9630","1":"product","2":"type-product","3":"status-publish","4":"has-post-thumbnail","6":"product_brand-hisense","7":"product_cat-televiseurs-hisense","9":"first","10":"instock","11":"shipping-taxable","12":"purchasable","13":"product-type-simple"},"_links":{"self":[{"href":"https:\/\/electrobennjima.tn\/en\/wp-json\/wp\/v2\/product\/9630","targetHints":{"allow":["GET"]}}],"collection":[{"href":"https:\/\/electrobennjima.tn\/en\/wp-json\/wp\/v2\/product"}],"about":[{"href":"https:\/\/electrobennjima.tn\/en\/wp-json\/wp\/v2\/types\/product"}],"replies":[{"embeddable":true,"href":"https:\/\/electrobennjima.tn\/en\/wp-json\/wp\/v2\/comments?post=9630"}],"wp:featuredmedia":[{"embeddable":true,"href":"https:\/\/electrobennjima.tn\/en\/wp-json\/wp\/v2\/media\/9635"}],"wp:attachment":[{"href":"https:\/\/electrobennjima.tn\/en\/wp-json\/wp\/v2\/media?parent=9630"}],"wp:term":[{"taxonomy":"product_brand","embeddable":true,"href":"https:\/\/electrobennjima.tn\/en\/wp-json\/wp\/v2\/product_brand?post=9630"},{"taxonomy":"product_cat","embeddable":true,"href":"https:\/\/electrobennjima.tn\/en\/wp-json\/wp\/v2\/product_cat?post=9630"},{"taxonomy":"product_tag","embeddable":true,"href":"https:\/\/electrobennjima.tn\/en\/wp-json\/wp\/v2\/product_tag?post=9630"}],"curies":[{"name":"wp","href":"https:\/\/api.w.org\/{rel}","templated":true}]}}