{"id":9644,"date":"2026-04-03T10:11:25","date_gmt":"2026-04-03T10:11:25","guid":{"rendered":"https:\/\/electrobennjima.tn\/?post_type=product&#038;p=9644"},"modified":"2026-04-03T10:11:25","modified_gmt":"2026-04-03T10:11:25","slug":"wok-tefal-cook-clean-28cm-noir","status":"publish","type":"product","link":"https:\/\/electrobennjima.tn\/en\/wok-tefal-cook-clean-28cm-noir\/","title":{"rendered":"WOK TEFAL COOK &#038; ClEAN 28CM &#8211; NOIR"},"content":{"rendered":"<table id=\"product-attribute-specs-table\" class=\"data table additional-attributes\">\n<tbody>\n<tr>\n<th class=\"col label\" scope=\"row\">R\u00e9f\u00e9rence<\/th>\n<td class=\"col data\" data-th=\"gtin\">WOK28CM<\/td>\n<\/tr>\n<tr>\n<th class=\"col label\" scope=\"row\">Marque<\/th>\n<td class=\"col data\" data-th=\"Marque\">TEFAL<\/td>\n<\/tr>\n<tr>\n<th class=\"col label\" scope=\"row\">Mati\u00e8re<\/th>\n<td class=\"col data\" data-th=\"Mati\u00e8re\">Aluminium<\/td>\n<\/tr>\n<tr>\n<th class=\"col label\" scope=\"row\">Nombre de Pi\u00e8ces<\/th>\n<td class=\"col data\" data-th=\"Nombre de Pi\u00e8ces\">1 Pi\u00e8ce<\/td>\n<\/tr>\n<tr>\n<th class=\"col label\" scope=\"row\">Cuisine<\/th>\n<td class=\"col data\" data-th=\"Cuisine\">Wok<\/td>\n<\/tr>\n<tr>\n<th class=\"col label\" scope=\"row\">Dimensions<\/th>\n<td class=\"col data\" data-th=\"Dimensions\">\u00d8 28 cm<\/td>\n<\/tr>\n<tr>\n<th class=\"col label\" scope=\"row\">Couleur<\/th>\n<td class=\"col data\" data-th=\"Couleur\">Noir<\/td>\n<\/tr>\n<\/tbody>\n<\/table>","protected":false},"excerpt":{"rendered":"<p>R\u00e9f\u00e9rence WOK28CM Marque TEFAL Mati\u00e8re Aluminium Nombre de Pi\u00e8ces 1 Pi\u00e8ce Cuisine Wok Dimensions \u00d8 28 cm Couleur Noir<\/p>","protected":false},"featured_media":9646,"comment_status":"open","ping_status":"closed","template":"","meta":[],"product_brand":[82],"product_cat":[565],"product_tag":[],"class_list":{"0":"post-9644","1":"product","2":"type-product","3":"status-publish","4":"has-post-thumbnail","6":"product_brand-tefal","7":"product_cat-wok-cook","9":"first","10":"instock","11":"shipping-taxable","12":"purchasable","13":"product-type-simple"},"_links":{"self":[{"href":"https:\/\/electrobennjima.tn\/en\/wp-json\/wp\/v2\/product\/9644","targetHints":{"allow":["GET"]}}],"collection":[{"href":"https:\/\/electrobennjima.tn\/en\/wp-json\/wp\/v2\/product"}],"about":[{"href":"https:\/\/electrobennjima.tn\/en\/wp-json\/wp\/v2\/types\/product"}],"replies":[{"embeddable":true,"href":"https:\/\/electrobennjima.tn\/en\/wp-json\/wp\/v2\/comments?post=9644"}],"wp:featuredmedia":[{"embeddable":true,"href":"https:\/\/electrobennjima.tn\/en\/wp-json\/wp\/v2\/media\/9646"}],"wp:attachment":[{"href":"https:\/\/electrobennjima.tn\/en\/wp-json\/wp\/v2\/media?parent=9644"}],"wp:term":[{"taxonomy":"product_brand","embeddable":true,"href":"https:\/\/electrobennjima.tn\/en\/wp-json\/wp\/v2\/product_brand?post=9644"},{"taxonomy":"product_cat","embeddable":true,"href":"https:\/\/electrobennjima.tn\/en\/wp-json\/wp\/v2\/product_cat?post=9644"},{"taxonomy":"product_tag","embeddable":true,"href":"https:\/\/electrobennjima.tn\/en\/wp-json\/wp\/v2\/product_tag?post=9644"}],"curies":[{"name":"wp","href":"https:\/\/api.w.org\/{rel}","templated":true}]}}