{"id":9658,"date":"2026-04-03T11:29:52","date_gmt":"2026-04-03T11:29:52","guid":{"rendered":"https:\/\/electrobennjima.tn\/?post_type=product&#038;p=9658"},"modified":"2026-04-03T11:36:49","modified_gmt":"2026-04-03T11:36:49","slug":"machine-a-cafe-turc-electrique-anica","status":"publish","type":"product","link":"https:\/\/electrobennjima.tn\/en\/machine-a-cafe-turc-electrique-anica\/","title":{"rendered":"MACHINE A CAF\u00c9 TURC ELECTRIQUE &#8211; ARNICA"},"content":{"rendered":"<table id=\"product-attribute-specs-table\" class=\"data table additional-attributes\">\n<tbody>\n<tr>\n<th class=\"col label\" scope=\"row\">R\u00e9f\u00e9rence<\/th>\n<td class=\"col data\" data-th=\"gtin\">TV-HISENSE-75A6N<\/td>\n<\/tr>\n<tr>\n<th class=\"col label\" scope=\"row\">Marque<\/th>\n<td class=\"col data\" data-th=\"Marque\">Arnica<\/td>\n<\/tr>\n<tr>\n<th class=\"col label\" scope=\"row\">Nombre de tasses<\/th>\n<td class=\"col data\" data-th=\"S\u00e9ries TV\">4 tasses<\/td>\n<\/tr>\n<tr>\n<th class=\"col label\" scope=\"row\">Capacit\u00e9 de cafeti\u00e8re<\/th>\n<td class=\"col data\" data-th=\"Syst\u00e8me d'exploitation\">0.3 Litre<\/td>\n<\/tr>\n<tr>\n<th class=\"col label\" scope=\"row\">Type de caf\u00e9ti\u00e8re<\/th>\n<td class=\"col data\" data-th=\"Taille de l'\u00e9cran\">\u00c0 Caf\u00e9 turc<\/td>\n<\/tr>\n<tr>\n<th class=\"col label\" scope=\"row\">Puissance<\/th>\n<td class=\"col data\" data-th=\"Ecran Incurv\u00e9\">650 W<\/td>\n<\/tr>\n<tr>\n<th class=\"col label\" scope=\"row\">Couleur<\/th>\n<td class=\"col data\" data-th=\"Ecran\">Violet<\/td>\n<\/tr>\n<tr>\n<th class=\"col label\" scope=\"row\">Garantie<\/th>\n<td class=\"col data\" data-th=\"R\u00e9solution d'\u00e9crans\">3 ans<\/td>\n<\/tr>\n<tr>\n<th class=\"col label\" scope=\"row\">Syst\u00e8me<\/th>\n<td class=\"col data\" data-th=\"Norme HD\">Anti goutte<\/td>\n<\/tr>\n<\/tbody>\n<\/table>","protected":false},"excerpt":{"rendered":"<p>R\u00e9f\u00e9rence TV-HISENSE-75A6N Marque Arnica Nombre de tasses 4 tasses Capacit\u00e9 de cafeti\u00e8re 0.3 Litre Type de caf\u00e9ti\u00e8re \u00c0 Caf\u00e9 turc Puissance 650 W Couleur Violet Garantie 3 ans Syst\u00e8me Anti goutte<\/p>","protected":false},"featured_media":9659,"comment_status":"open","ping_status":"closed","template":"","meta":[],"product_brand":[31],"product_cat":[48],"product_tag":[],"class_list":{"0":"post-9658","1":"product","2":"type-product","3":"status-publish","4":"has-post-thumbnail","6":"product_brand-arnica","7":"product_cat-moulin-a-cafe","9":"first","10":"instock","11":"shipping-taxable","12":"purchasable","13":"product-type-simple"},"_links":{"self":[{"href":"https:\/\/electrobennjima.tn\/en\/wp-json\/wp\/v2\/product\/9658","targetHints":{"allow":["GET"]}}],"collection":[{"href":"https:\/\/electrobennjima.tn\/en\/wp-json\/wp\/v2\/product"}],"about":[{"href":"https:\/\/electrobennjima.tn\/en\/wp-json\/wp\/v2\/types\/product"}],"replies":[{"embeddable":true,"href":"https:\/\/electrobennjima.tn\/en\/wp-json\/wp\/v2\/comments?post=9658"}],"wp:featuredmedia":[{"embeddable":true,"href":"https:\/\/electrobennjima.tn\/en\/wp-json\/wp\/v2\/media\/9659"}],"wp:attachment":[{"href":"https:\/\/electrobennjima.tn\/en\/wp-json\/wp\/v2\/media?parent=9658"}],"wp:term":[{"taxonomy":"product_brand","embeddable":true,"href":"https:\/\/electrobennjima.tn\/en\/wp-json\/wp\/v2\/product_brand?post=9658"},{"taxonomy":"product_cat","embeddable":true,"href":"https:\/\/electrobennjima.tn\/en\/wp-json\/wp\/v2\/product_cat?post=9658"},{"taxonomy":"product_tag","embeddable":true,"href":"https:\/\/electrobennjima.tn\/en\/wp-json\/wp\/v2\/product_tag?post=9658"}],"curies":[{"name":"wp","href":"https:\/\/api.w.org\/{rel}","templated":true}]}}