{"id":9660,"date":"2026-04-03T11:48:42","date_gmt":"2026-04-03T11:48:42","guid":{"rendered":"https:\/\/electrobennjima.tn\/?post_type=product&#038;p=9660"},"modified":"2026-04-03T11:48:43","modified_gmt":"2026-04-03T11:48:43","slug":"machine-a-cafe-turc-electrique-arnica","status":"publish","type":"product","link":"https:\/\/electrobennjima.tn\/en\/machine-a-cafe-turc-electrique-arnica\/","title":{"rendered":"MACHINE A CAF\u00c9 TURC ELECTRIQUE &#8211; ARNICA"},"content":{"rendered":"<table id=\"product-attribute-specs-table\" class=\"data table additional-attributes\">\n<tbody>\n<tr>\n<th class=\"col label\" scope=\"row\">R\u00e9f\u00e9rence<\/th>\n<td class=\"col data\" data-th=\"Prix\">PEAIH3205<\/td>\n<\/tr>\n<tr>\n<th class=\"col label\" scope=\"row\">Marque<\/th>\n<td class=\"col data\" data-th=\"Marque \">ARNICA<\/td>\n<\/tr>\n<tr>\n<th class=\"col label\" scope=\"row\">Garantie<\/th>\n<td class=\"col data\" data-th=\"Garantie:\">1 an<\/td>\n<\/tr>\n<tr>\n<th class=\"col label\" scope=\"row\">Types De Machines \u00e0 Caf\u00e9<\/th>\n<td class=\"col data\" data-th=\"Types De Machines \u00e0 Caf\u00e9\">Turque<\/td>\n<\/tr>\n<tr>\n<th class=\"col label\" scope=\"row\">Puissance<\/th>\n<td class=\"col data\" data-th=\"Puissance\">650 W<\/td>\n<\/tr>\n<tr>\n<th class=\"col label\" scope=\"row\">Filtre<\/th>\n<td class=\"col data\" data-th=\"Filtre\">\u00e0 Charbon<\/td>\n<\/tr>\n<tr>\n<th class=\"col label\" scope=\"row\">Nombre de Tasse<\/th>\n<td class=\"col data\" data-th=\"Nombre de Tasse\">4<\/td>\n<\/tr>\n<tr>\n<th class=\"col label\" scope=\"row\">Mati\u00e8re<\/th>\n<td class=\"col data\" data-th=\"Mati\u00e8re \">Plastique<\/td>\n<\/tr>\n<tr>\n<th class=\"col label\" scope=\"row\">Capacit\u00e9<\/th>\n<td class=\"col data\" data-th=\"Capacit\u00e9 \">300 ml<\/td>\n<\/tr>\n<tr>\n<th class=\"col label\" scope=\"row\">Couleur<\/th>\n<td class=\"col data\" data-th=\"Couleur:\">Rouge<\/td>\n<\/tr>\n<\/tbody>\n<\/table>","protected":false},"excerpt":{"rendered":"<p>R\u00e9f\u00e9rence PEAIH3205 Marque ARNICA Garantie 1 an Types De Machines \u00e0 Caf\u00e9 Turque Puissance 650 W Filtre \u00e0 Charbon Nombre de Tasse 4 Mati\u00e8re Plastique Capacit\u00e9 300 ml Couleur Rouge<\/p>","protected":false},"featured_media":9661,"comment_status":"open","ping_status":"closed","template":"","meta":[],"product_brand":[31],"product_cat":[48],"product_tag":[],"class_list":{"0":"post-9660","1":"product","2":"type-product","3":"status-publish","4":"has-post-thumbnail","6":"product_brand-arnica","7":"product_cat-moulin-a-cafe","9":"first","10":"instock","11":"shipping-taxable","12":"purchasable","13":"product-type-simple"},"_links":{"self":[{"href":"https:\/\/electrobennjima.tn\/en\/wp-json\/wp\/v2\/product\/9660","targetHints":{"allow":["GET"]}}],"collection":[{"href":"https:\/\/electrobennjima.tn\/en\/wp-json\/wp\/v2\/product"}],"about":[{"href":"https:\/\/electrobennjima.tn\/en\/wp-json\/wp\/v2\/types\/product"}],"replies":[{"embeddable":true,"href":"https:\/\/electrobennjima.tn\/en\/wp-json\/wp\/v2\/comments?post=9660"}],"wp:featuredmedia":[{"embeddable":true,"href":"https:\/\/electrobennjima.tn\/en\/wp-json\/wp\/v2\/media\/9661"}],"wp:attachment":[{"href":"https:\/\/electrobennjima.tn\/en\/wp-json\/wp\/v2\/media?parent=9660"}],"wp:term":[{"taxonomy":"product_brand","embeddable":true,"href":"https:\/\/electrobennjima.tn\/en\/wp-json\/wp\/v2\/product_brand?post=9660"},{"taxonomy":"product_cat","embeddable":true,"href":"https:\/\/electrobennjima.tn\/en\/wp-json\/wp\/v2\/product_cat?post=9660"},{"taxonomy":"product_tag","embeddable":true,"href":"https:\/\/electrobennjima.tn\/en\/wp-json\/wp\/v2\/product_tag?post=9660"}],"curies":[{"name":"wp","href":"https:\/\/api.w.org\/{rel}","templated":true}]}}