{"id":9673,"date":"2026-04-03T13:47:27","date_gmt":"2026-04-03T13:47:27","guid":{"rendered":"https:\/\/electrobennjima.tn\/?post_type=product&#038;p=9673"},"modified":"2026-04-03T13:47:27","modified_gmt":"2026-04-03T13:47:27","slug":"m-a-l-hisense-top-13kg-silver","status":"publish","type":"product","link":"https:\/\/electrobennjima.tn\/en\/m-a-l-hisense-top-13kg-silver\/","title":{"rendered":"M.A.L HISENSE TOP 13KG &#8211; SILVER"},"content":{"rendered":"<table id=\"product-attribute-specs-table\" class=\"data table additional-attributes\">\n<tbody>\n<tr>\n<th class=\"col label\" scope=\"row\">R\u00e9f\u00e9rence<\/th>\n<td class=\"col data\" data-th=\"gtin\">MLWTJA1302T<\/td>\n<\/tr>\n<tr>\n<th class=\"col label\" scope=\"row\">Marque<\/th>\n<td class=\"col data\" data-th=\"Marque\">HISENSE<\/td>\n<\/tr>\n<tr>\n<th class=\"col label\" scope=\"row\">Garantie<\/th>\n<td class=\"col data\" data-th=\"Gamme PC\">2 ans<\/td>\n<\/tr>\n<tr>\n<th class=\"col label\" scope=\"row\">Couleur<\/th>\n<td class=\"col data\" data-th=\"Gamer\">Silver<\/td>\n<\/tr>\n<tr>\n<th class=\"col label\" scope=\"row\">Type d&rsquo;ouverture<\/th>\n<td class=\"col data\" data-th=\"Syst\u00e8me d'exploitation\">Top<\/td>\n<\/tr>\n<tr>\n<th class=\"col label\" scope=\"row\">Capacit\u00e9<\/th>\n<td class=\"col data\" data-th=\"Taille de l'\u00e9cran\">13 Kg<\/td>\n<\/tr>\n<tr>\n<th class=\"col label\" scope=\"row\">Type de pose<\/th>\n<td class=\"col data\" data-th=\"Ecran\">Pose libre<\/td>\n<\/tr>\n<tr>\n<th class=\"col label\" scope=\"row\">Inverter<\/th>\n<td class=\"col data\" data-th=\"Ecran Tactile\">Non<\/td>\n<\/tr>\n<tr>\n<th class=\"col label\" scope=\"row\">Nombre de Programmes<\/th>\n<td class=\"col data\" data-th=\"R\u00e9solution d'\u00e9crans\">8<\/td>\n<\/tr>\n<tr>\n<th class=\"col label\" scope=\"row\">Classe Energ\u00e9tique<\/th>\n<td class=\"col data\" data-th=\"Processeur\">A+<\/td>\n<\/tr>\n<tr>\n<th class=\"col label\" scope=\"row\">Afficheur<\/th>\n<td class=\"col data\" data-th=\"Type Processeur\">Avec afficheur<\/td>\n<\/tr>\n<\/tbody>\n<\/table>","protected":false},"excerpt":{"rendered":"<p>R\u00e9f\u00e9rence MLWTJA1302T Marque HISENSE Garantie 2 ans Couleur Silver Type d&rsquo;ouverture Top Capacit\u00e9 13 Kg Type de pose Pose libre Inverter Non Nombre de Programmes 8 Classe Energ\u00e9tique A+ Afficheur Avec afficheur<\/p>","protected":false},"featured_media":9676,"comment_status":"open","ping_status":"closed","template":"","meta":[],"product_brand":[210],"product_cat":[39],"product_tag":[],"class_list":{"0":"post-9673","1":"product","2":"type-product","3":"status-publish","4":"has-post-thumbnail","6":"product_brand-hisense","7":"product_cat-machines-a-laver-top","9":"first","10":"instock","11":"shipping-taxable","12":"purchasable","13":"product-type-simple"},"_links":{"self":[{"href":"https:\/\/electrobennjima.tn\/en\/wp-json\/wp\/v2\/product\/9673","targetHints":{"allow":["GET"]}}],"collection":[{"href":"https:\/\/electrobennjima.tn\/en\/wp-json\/wp\/v2\/product"}],"about":[{"href":"https:\/\/electrobennjima.tn\/en\/wp-json\/wp\/v2\/types\/product"}],"replies":[{"embeddable":true,"href":"https:\/\/electrobennjima.tn\/en\/wp-json\/wp\/v2\/comments?post=9673"}],"wp:featuredmedia":[{"embeddable":true,"href":"https:\/\/electrobennjima.tn\/en\/wp-json\/wp\/v2\/media\/9676"}],"wp:attachment":[{"href":"https:\/\/electrobennjima.tn\/en\/wp-json\/wp\/v2\/media?parent=9673"}],"wp:term":[{"taxonomy":"product_brand","embeddable":true,"href":"https:\/\/electrobennjima.tn\/en\/wp-json\/wp\/v2\/product_brand?post=9673"},{"taxonomy":"product_cat","embeddable":true,"href":"https:\/\/electrobennjima.tn\/en\/wp-json\/wp\/v2\/product_cat?post=9673"},{"taxonomy":"product_tag","embeddable":true,"href":"https:\/\/electrobennjima.tn\/en\/wp-json\/wp\/v2\/product_tag?post=9673"}],"curies":[{"name":"wp","href":"https:\/\/api.w.org\/{rel}","templated":true}]}}