{"id":9677,"date":"2026-04-03T14:00:07","date_gmt":"2026-04-03T14:00:07","guid":{"rendered":"https:\/\/electrobennjima.tn\/?post_type=product&#038;p=9677"},"modified":"2026-04-03T14:00:07","modified_gmt":"2026-04-03T14:00:07","slug":"m-a-l-hisense-top-14kg-silver","status":"publish","type":"product","link":"https:\/\/electrobennjima.tn\/en\/m-a-l-hisense-top-14kg-silver\/","title":{"rendered":"M.A.L HISENSE TOP 14KG &#8211; SILVER"},"content":{"rendered":"<table id=\"product-attribute-specs-table\" class=\"data table additional-attributes\">\n<tbody>\n<tr>\n<th class=\"col label\" scope=\"row\">R\u00e9f\u00e9rence<\/th>\n<td class=\"col data\" data-th=\"gtin\">MLWTJA1402T<\/td>\n<\/tr>\n<tr>\n<th class=\"col label\" scope=\"row\">Marque<\/th>\n<td class=\"col data\" data-th=\"Marque\">Hisense<\/td>\n<\/tr>\n<tr>\n<th class=\"col label\" scope=\"row\"><strong data-start=\"135\" data-end=\"149\">Capacit\u00e9<\/strong><\/th>\n<td class=\"col data\" data-th=\"Gamme PC\">14 kg<\/td>\n<\/tr>\n<tr>\n<th class=\"col label\" scope=\"row\"><strong data-start=\"160\" data-end=\"183\">Volume du tambour<\/strong><\/th>\n<td class=\"col data\" data-th=\"Gamer\">74,8 litres<\/td>\n<\/tr>\n<tr>\n<th class=\"col label\" scope=\"row\"><strong data-start=\"200\" data-end=\"224\">Vitesse d\u2019essorage<\/strong><\/th>\n<td class=\"col data\" data-th=\"Syst\u00e8me d'exploitation\">650 tr\/min<\/td>\n<\/tr>\n<tr>\n<th class=\"col label\" scope=\"row\"><strong data-start=\"240\" data-end=\"256\">Programmes<\/strong><\/th>\n<td class=\"col data\" data-th=\"Taille de l'\u00e9cran\">10 programmes de lavage<\/td>\n<\/tr>\n<tr>\n<th class=\"col label\" scope=\"row\"><strong data-start=\"532\" data-end=\"547\">Affichage<\/strong><\/th>\n<td class=\"col data\" data-th=\"Ecran\">LED avec d\u00e9part diff\u00e9r\u00e9<\/td>\n<\/tr>\n<tr>\n<th class=\"col label\" scope=\"row\"><strong data-start=\"664\" data-end=\"682\">Alimentation<\/strong><\/th>\n<td class=\"col data\" data-th=\"Ecran Tactile\">220\u2013240 V \/ 50 Hz<\/td>\n<\/tr>\n<tr>\n<th class=\"col label\" scope=\"row\"><strong data-start=\"705\" data-end=\"716\">Poids<\/strong><\/th>\n<td class=\"col data\" data-th=\"R\u00e9solution d'\u00e9crans\">45 kg<\/td>\n<\/tr>\n<tr>\n<th class=\"col label\" scope=\"row\"><strong data-start=\"727\" data-end=\"740\">Couleur<\/strong><\/th>\n<td class=\"col data\" data-th=\"Processeur\">Silver<\/td>\n<\/tr>\n<tr>\n<th class=\"col label\" scope=\"row\"><strong data-start=\"752\" data-end=\"766\">Garantie<\/strong><\/th>\n<td class=\"col data\" data-th=\"Type Processeur\">1 an<\/td>\n<\/tr>\n<tr>\n<th class=\"col label\" scope=\"row\"><strong><span dir=\"auto\">\u00a0affichage\u00a0<\/span><\/strong><\/th>\n<td class=\"col data\" data-th=\"R\u00e9f\u00e9rence Processeur\">LED<\/td>\n<\/tr>\n<\/tbody>\n<\/table>","protected":false},"excerpt":{"rendered":"<p>R\u00e9f\u00e9rence MLWTJA1402T Marque Hisense Capacit\u00e9 14 kg Volume du tambour 74,8 litres Vitesse d\u2019essorage 650 tr\/min Programmes 10 programmes de lavage Affichage LED avec d\u00e9part diff\u00e9r\u00e9 Alimentation 220\u2013240 V \/ 50 Hz Poids 45 kg Couleur Silver Garantie 1 an \u00a0affichage\u00a0 LED<\/p>","protected":false},"featured_media":9678,"comment_status":"open","ping_status":"closed","template":"","meta":[],"product_brand":[210],"product_cat":[39],"product_tag":[],"class_list":{"0":"post-9677","1":"product","2":"type-product","3":"status-publish","4":"has-post-thumbnail","6":"product_brand-hisense","7":"product_cat-machines-a-laver-top","9":"first","10":"instock","11":"shipping-taxable","12":"purchasable","13":"product-type-simple"},"_links":{"self":[{"href":"https:\/\/electrobennjima.tn\/en\/wp-json\/wp\/v2\/product\/9677","targetHints":{"allow":["GET"]}}],"collection":[{"href":"https:\/\/electrobennjima.tn\/en\/wp-json\/wp\/v2\/product"}],"about":[{"href":"https:\/\/electrobennjima.tn\/en\/wp-json\/wp\/v2\/types\/product"}],"replies":[{"embeddable":true,"href":"https:\/\/electrobennjima.tn\/en\/wp-json\/wp\/v2\/comments?post=9677"}],"wp:featuredmedia":[{"embeddable":true,"href":"https:\/\/electrobennjima.tn\/en\/wp-json\/wp\/v2\/media\/9678"}],"wp:attachment":[{"href":"https:\/\/electrobennjima.tn\/en\/wp-json\/wp\/v2\/media?parent=9677"}],"wp:term":[{"taxonomy":"product_brand","embeddable":true,"href":"https:\/\/electrobennjima.tn\/en\/wp-json\/wp\/v2\/product_brand?post=9677"},{"taxonomy":"product_cat","embeddable":true,"href":"https:\/\/electrobennjima.tn\/en\/wp-json\/wp\/v2\/product_cat?post=9677"},{"taxonomy":"product_tag","embeddable":true,"href":"https:\/\/electrobennjima.tn\/en\/wp-json\/wp\/v2\/product_tag?post=9677"}],"curies":[{"name":"wp","href":"https:\/\/api.w.org\/{rel}","templated":true}]}}