{"id":9680,"date":"2026-04-03T14:07:18","date_gmt":"2026-04-03T14:07:18","guid":{"rendered":"https:\/\/electrobennjima.tn\/?post_type=product&#038;p=9680"},"modified":"2026-04-03T14:08:10","modified_gmt":"2026-04-03T14:08:10","slug":"m-a-l-hisense-6kg-1000tr-silver","status":"publish","type":"product","link":"https:\/\/electrobennjima.tn\/en\/m-a-l-hisense-6kg-1000tr-silver\/","title":{"rendered":"M.A.L HISENSE 6KG 1000TR &#8211; SILVER"},"content":{"rendered":"<table id=\"product-attribute-specs-table\" class=\"data table additional-attributes\">\n<tbody>\n<tr>\n<th class=\"col label\" scope=\"row\">R\u00e9f\u00e9rence<\/th>\n<td class=\"col data\" data-th=\"gtin\">MLWFVC6010T<\/td>\n<\/tr>\n<tr>\n<th class=\"col label\" scope=\"row\">Marque<\/th>\n<td class=\"col data\" data-th=\"Marque\">Hisense<\/td>\n<\/tr>\n<tr>\n<th class=\"col label\" scope=\"row\">Type<\/th>\n<td class=\"col data\" data-th=\"Gamme PC\">Frontale<\/td>\n<\/tr>\n<tr>\n<th class=\"col label\" scope=\"row\">Efficacit\u00e9 \u00e9nerg\u00e9tique<\/th>\n<td class=\"col data\" data-th=\"Gamer\">A+++<\/td>\n<\/tr>\n<tr>\n<th class=\"col label\" scope=\"row\">Capacit\u00e9 de lavage (Kg)<\/th>\n<td class=\"col data\" data-th=\"Syst\u00e8me d'exploitation\">6<\/td>\n<\/tr>\n<tr>\n<th class=\"col label\" scope=\"row\">Vitesse d&rsquo;essorage<\/th>\n<td class=\"col data\" data-th=\"Taille de l'\u00e9cran\">1000 tr\/min<\/td>\n<\/tr>\n<tr>\n<th class=\"col label\" scope=\"row\">Fonction vapeur<\/th>\n<td class=\"col data\" data-th=\"Ecran\">Non<\/td>\n<\/tr>\n<tr>\n<th class=\"col label\" scope=\"row\">Nombre de Programmes<\/th>\n<td class=\"col data\" data-th=\"Ecran Tactile\">15<\/td>\n<\/tr>\n<tr>\n<th class=\"col label\" scope=\"row\">Afficheur<\/th>\n<td class=\"col data\" data-th=\"R\u00e9solution d'\u00e9crans\">Oui<\/td>\n<\/tr>\n<tr>\n<th class=\"col label\" scope=\"row\">Couleur<\/th>\n<td class=\"col data\" data-th=\"Processeur\">Silver<\/td>\n<\/tr>\n<tr>\n<th class=\"col label\" scope=\"row\">Inverter<\/th>\n<td class=\"col data\" data-th=\"Type Processeur\">Non<\/td>\n<\/tr>\n<\/tbody>\n<\/table>","protected":false},"excerpt":{"rendered":"<p>R\u00e9f\u00e9rence MLWFVC6010T Marque Hisense Type Frontale Efficacit\u00e9 \u00e9nerg\u00e9tique A+++ Capacit\u00e9 de lavage (Kg) 6 Vitesse d&rsquo;essorage 1000 tr\/min Fonction vapeur Non Nombre de Programmes 15 Afficheur Oui Couleur Silver Inverter Non<\/p>","protected":false},"featured_media":9681,"comment_status":"open","ping_status":"closed","template":"","meta":[],"product_brand":[210],"product_cat":[24],"product_tag":[],"class_list":{"0":"post-9680","1":"product","2":"type-product","3":"status-publish","4":"has-post-thumbnail","6":"product_brand-hisense","7":"product_cat-machine-a-laver","9":"first","10":"instock","11":"shipping-taxable","12":"purchasable","13":"product-type-simple"},"_links":{"self":[{"href":"https:\/\/electrobennjima.tn\/en\/wp-json\/wp\/v2\/product\/9680","targetHints":{"allow":["GET"]}}],"collection":[{"href":"https:\/\/electrobennjima.tn\/en\/wp-json\/wp\/v2\/product"}],"about":[{"href":"https:\/\/electrobennjima.tn\/en\/wp-json\/wp\/v2\/types\/product"}],"replies":[{"embeddable":true,"href":"https:\/\/electrobennjima.tn\/en\/wp-json\/wp\/v2\/comments?post=9680"}],"wp:featuredmedia":[{"embeddable":true,"href":"https:\/\/electrobennjima.tn\/en\/wp-json\/wp\/v2\/media\/9681"}],"wp:attachment":[{"href":"https:\/\/electrobennjima.tn\/en\/wp-json\/wp\/v2\/media?parent=9680"}],"wp:term":[{"taxonomy":"product_brand","embeddable":true,"href":"https:\/\/electrobennjima.tn\/en\/wp-json\/wp\/v2\/product_brand?post=9680"},{"taxonomy":"product_cat","embeddable":true,"href":"https:\/\/electrobennjima.tn\/en\/wp-json\/wp\/v2\/product_cat?post=9680"},{"taxonomy":"product_tag","embeddable":true,"href":"https:\/\/electrobennjima.tn\/en\/wp-json\/wp\/v2\/product_tag?post=9680"}],"curies":[{"name":"wp","href":"https:\/\/api.w.org\/{rel}","templated":true}]}}