{"id":9699,"date":"2026-04-03T14:35:18","date_gmt":"2026-04-03T14:35:18","guid":{"rendered":"https:\/\/electrobennjima.tn\/?post_type=product&#038;p=9699"},"modified":"2026-04-03T14:35:19","modified_gmt":"2026-04-03T14:35:19","slug":"blender-moulinex-force-rouge","status":"publish","type":"product","link":"https:\/\/electrobennjima.tn\/en\/blender-moulinex-force-rouge\/","title":{"rendered":"BLENDER MOULINEX FORCE &#8211; ROUGE"},"content":{"rendered":"<table id=\"product-attribute-specs-table\" class=\"data table additional-attributes\">\n<tbody>\n<tr>\n<th class=\"col label\" scope=\"row\">R\u00e9f\u00e9rence<\/th>\n<td class=\"col data\" data-th=\"gtin\">PELM420510<\/td>\n<\/tr>\n<tr>\n<th class=\"col label\" scope=\"row\">Marque<\/th>\n<td class=\"col data\" data-th=\"Marque\">MOULINEX<\/td>\n<\/tr>\n<tr>\n<th class=\"col label\" scope=\"row\">Puissance<\/th>\n<td class=\"col data\" data-th=\"Puissance\">600 Watts<\/td>\n<\/tr>\n<tr>\n<th class=\"col label\" scope=\"row\">Capacit\u00e9 du bol<\/th>\n<td class=\"col data\" data-th=\"Capacit\u00e9 du bol\">1.5 Litre et plus<\/td>\n<\/tr>\n<tr>\n<th class=\"col label\" scope=\"row\">Mati\u00e8re du bol<\/th>\n<td class=\"col data\" data-th=\"Mati\u00e8re du bol\">Plastique<\/td>\n<\/tr>\n<tr>\n<th class=\"col label\" scope=\"row\">Nombre de vitesses<\/th>\n<td class=\"col data\" data-th=\"Nombre de vitesses\">2 Vitesse<\/td>\n<\/tr>\n<tr>\n<th class=\"col label\" scope=\"row\">Dimensions<\/th>\n<td class=\"col data\" data-th=\"Dimensions\">18.5 x 37 x 18 cm<\/td>\n<\/tr>\n<tr>\n<th class=\"col label\" scope=\"row\">Poids<\/th>\n<td class=\"col data\" data-th=\"Poids\">1.86 kg<\/td>\n<\/tr>\n<tr>\n<th class=\"col label\" scope=\"row\">Couleur<\/th>\n<td class=\"col data\" data-th=\"Couleur\">Rouge<\/td>\n<\/tr>\n<tr>\n<th class=\"col label\" scope=\"row\">Garantie<\/th>\n<td class=\"col data\" data-th=\"Garantie\">1 an<\/td>\n<\/tr>\n<\/tbody>\n<\/table>","protected":false},"excerpt":{"rendered":"<p>R\u00e9f\u00e9rence PELM420510 Marque MOULINEX Puissance 600 Watts Capacit\u00e9 du bol 1.5 Litre et plus Mati\u00e8re du bol Plastique Nombre de vitesses 2 Vitesse Dimensions 18.5 x 37 x 18 cm Poids 1.86 kg Couleur Rouge Garantie 1 an<\/p>","protected":false},"featured_media":9700,"comment_status":"open","ping_status":"closed","template":"","meta":[],"product_brand":[34],"product_cat":[36],"product_tag":[],"class_list":{"0":"post-9699","1":"product","2":"type-product","3":"status-publish","4":"has-post-thumbnail","6":"product_brand-moulinex","7":"product_cat-blender","9":"first","10":"instock","11":"shipping-taxable","12":"purchasable","13":"product-type-simple"},"_links":{"self":[{"href":"https:\/\/electrobennjima.tn\/en\/wp-json\/wp\/v2\/product\/9699","targetHints":{"allow":["GET"]}}],"collection":[{"href":"https:\/\/electrobennjima.tn\/en\/wp-json\/wp\/v2\/product"}],"about":[{"href":"https:\/\/electrobennjima.tn\/en\/wp-json\/wp\/v2\/types\/product"}],"replies":[{"embeddable":true,"href":"https:\/\/electrobennjima.tn\/en\/wp-json\/wp\/v2\/comments?post=9699"}],"wp:featuredmedia":[{"embeddable":true,"href":"https:\/\/electrobennjima.tn\/en\/wp-json\/wp\/v2\/media\/9700"}],"wp:attachment":[{"href":"https:\/\/electrobennjima.tn\/en\/wp-json\/wp\/v2\/media?parent=9699"}],"wp:term":[{"taxonomy":"product_brand","embeddable":true,"href":"https:\/\/electrobennjima.tn\/en\/wp-json\/wp\/v2\/product_brand?post=9699"},{"taxonomy":"product_cat","embeddable":true,"href":"https:\/\/electrobennjima.tn\/en\/wp-json\/wp\/v2\/product_cat?post=9699"},{"taxonomy":"product_tag","embeddable":true,"href":"https:\/\/electrobennjima.tn\/en\/wp-json\/wp\/v2\/product_tag?post=9699"}],"curies":[{"name":"wp","href":"https:\/\/api.w.org\/{rel}","templated":true}]}}