{"id":9705,"date":"2026-04-03T14:54:08","date_gmt":"2026-04-03T14:54:08","guid":{"rendered":"https:\/\/electrobennjima.tn\/?post_type=product&#038;p=9705"},"modified":"2026-04-03T14:54:08","modified_gmt":"2026-04-03T14:54:08","slug":"brosse-souflante-1000w-noir-ionic","status":"publish","type":"product","link":"https:\/\/electrobennjima.tn\/en\/brosse-souflante-1000w-noir-ionic\/","title":{"rendered":"BROSSE SOUFLANTE 1000W &#8211; NOIR IONIC"},"content":{"rendered":"<table id=\"product-attribute-specs-table\" class=\"data table additional-attributes\">\n<tbody>\n<tr>\n<th class=\"col label\" scope=\"row\">R\u00e9f\u00e9rence<\/th>\n<td class=\"col data\" data-th=\"gtin\">PEAS126E<\/td>\n<\/tr>\n<tr>\n<th class=\"col label\" scope=\"row\">Marque<\/th>\n<td class=\"col data\" data-th=\"Marque\">BABYLISS<\/td>\n<\/tr>\n<tr>\n<th class=\"col label\" scope=\"row\">Mod\u00e8le Brosse<\/th>\n<td class=\"col data\" data-th=\"Mod\u00e8le Brosse\">AS126E<\/td>\n<\/tr>\n<tr>\n<th class=\"col label\" scope=\"row\">Puissance<\/th>\n<td class=\"col data\" data-th=\"Puissance\">1000 Watts<\/td>\n<\/tr>\n<tr>\n<th class=\"col label\" scope=\"row\">Temp\u00e9rature Max<\/th>\n<td class=\"col data\" data-th=\"Temp\u00e9rature Max\">Autres<\/td>\n<\/tr>\n<tr>\n<th class=\"col label\" scope=\"row\">technologie<\/th>\n<td class=\"col data\" data-th=\"technologie\">ionique anti-frisottis<\/td>\n<\/tr>\n<tr>\n<th class=\"col label\" scope=\"row\">Alimentation<\/th>\n<td class=\"col data\" data-th=\"Alimentation\">Secteur<\/td>\n<\/tr>\n<tr>\n<th class=\"col label\" scope=\"row\">Accessoires Inclus<\/th>\n<td class=\"col data\" data-th=\"Accessoires Inclus\">Brosse ronde thermique &#8211; Brosse ronde \u00e0 poils doux &#8211; T\u00eate Beliss 2en1 c\u00e9ramique &#8211; Embout s\u00e9chant<\/td>\n<\/tr>\n<tr>\n<th class=\"col label\" scope=\"row\">Couleur<\/th>\n<td class=\"col data\" data-th=\"Couleur\">Noir<\/td>\n<\/tr>\n<tr>\n<th class=\"col label\" scope=\"row\">Garantie<\/th>\n<td class=\"col data\" data-th=\"Garantie\">1 an<\/td>\n<\/tr>\n<\/tbody>\n<\/table>","protected":false},"excerpt":{"rendered":"<p>R\u00e9f\u00e9rence PEAS126E Marque BABYLISS Mod\u00e8le Brosse AS126E Puissance 1000 Watts Temp\u00e9rature Max Autres technologie ionique anti-frisottis Alimentation Secteur Accessoires Inclus Brosse ronde thermique &#8211; Brosse ronde \u00e0 poils doux &#8211; T\u00eate Beliss 2en1 c\u00e9ramique &#8211; Embout s\u00e9chant Couleur Noir Garantie 1 an<\/p>","protected":false},"featured_media":9706,"comment_status":"open","ping_status":"closed","template":"","meta":[],"product_brand":[84],"product_cat":[223],"product_tag":[],"class_list":{"0":"post-9705","1":"product","2":"type-product","3":"status-publish","4":"has-post-thumbnail","6":"product_brand-babyliss","7":"product_cat-brosse-soufflante","9":"first","10":"instock","11":"shipping-taxable","12":"purchasable","13":"product-type-simple"},"_links":{"self":[{"href":"https:\/\/electrobennjima.tn\/en\/wp-json\/wp\/v2\/product\/9705","targetHints":{"allow":["GET"]}}],"collection":[{"href":"https:\/\/electrobennjima.tn\/en\/wp-json\/wp\/v2\/product"}],"about":[{"href":"https:\/\/electrobennjima.tn\/en\/wp-json\/wp\/v2\/types\/product"}],"replies":[{"embeddable":true,"href":"https:\/\/electrobennjima.tn\/en\/wp-json\/wp\/v2\/comments?post=9705"}],"wp:featuredmedia":[{"embeddable":true,"href":"https:\/\/electrobennjima.tn\/en\/wp-json\/wp\/v2\/media\/9706"}],"wp:attachment":[{"href":"https:\/\/electrobennjima.tn\/en\/wp-json\/wp\/v2\/media?parent=9705"}],"wp:term":[{"taxonomy":"product_brand","embeddable":true,"href":"https:\/\/electrobennjima.tn\/en\/wp-json\/wp\/v2\/product_brand?post=9705"},{"taxonomy":"product_cat","embeddable":true,"href":"https:\/\/electrobennjima.tn\/en\/wp-json\/wp\/v2\/product_cat?post=9705"},{"taxonomy":"product_tag","embeddable":true,"href":"https:\/\/electrobennjima.tn\/en\/wp-json\/wp\/v2\/product_tag?post=9705"}],"curies":[{"name":"wp","href":"https:\/\/api.w.org\/{rel}","templated":true}]}}