{"id":9707,"date":"2026-04-03T15:01:37","date_gmt":"2026-04-03T15:01:37","guid":{"rendered":"https:\/\/electrobennjima.tn\/?post_type=product&#038;p=9707"},"modified":"2026-04-03T15:01:37","modified_gmt":"2026-04-03T15:01:37","slug":"cafetiere-subito-15-tasses-1000w-noir-inox-2","status":"publish","type":"product","link":"https:\/\/electrobennjima.tn\/en\/cafetiere-subito-15-tasses-1000w-noir-inox-2\/","title":{"rendered":"CAFETIERE SUBITO 15 TASSES 1000W &#8211; NOIR \/ INOX"},"content":{"rendered":"<table id=\"product-attribute-specs-table\" class=\"data table additional-attributes\">\n<tbody>\n<tr>\n<th class=\"col label\" scope=\"row\">R\u00e9f\u00e9rence<\/th>\n<td class=\"col data\" data-th=\"gtin\">PEFG370811<\/td>\n<\/tr>\n<tr>\n<th class=\"col label\" scope=\"row\">Marque<\/th>\n<td class=\"col data\" data-th=\"Marque\">MOULINEX<\/td>\n<\/tr>\n<tr>\n<th class=\"col label\" scope=\"row\">Type de Cafeti\u00e8re<\/th>\n<td class=\"col data\" data-th=\"Type de Cafeti\u00e8re\">Cafeti\u00e8re Filtre<\/td>\n<\/tr>\n<tr>\n<th class=\"col label\" scope=\"row\">Puissance<\/th>\n<td class=\"col data\" data-th=\"Puissance\">Autres<\/td>\n<\/tr>\n<tr>\n<th class=\"col label\" scope=\"row\">Capacit\u00e9<\/th>\n<td class=\"col data\" data-th=\"Capacit\u00e9\">1.25 Litre<\/td>\n<\/tr>\n<tr>\n<th class=\"col label\" scope=\"row\">Nombre de tasses<\/th>\n<td class=\"col data\" data-th=\"Nombre de tasses\">15<\/td>\n<\/tr>\n<tr>\n<th class=\"col label\" scope=\"row\">Couleur<\/th>\n<td class=\"col data\" data-th=\"Couleur\">Noir et Inox<\/td>\n<\/tr>\n<tr>\n<th class=\"col label\" scope=\"row\">Garantie<\/th>\n<td class=\"col data\" data-th=\"Garantie\">1 an<\/td>\n<\/tr>\n<\/tbody>\n<\/table>","protected":false},"excerpt":{"rendered":"<p>R\u00e9f\u00e9rence PEFG370811 Marque MOULINEX Type de Cafeti\u00e8re Cafeti\u00e8re Filtre Puissance Autres Capacit\u00e9 1.25 Litre Nombre de tasses 15 Couleur Noir et Inox Garantie 1 an<\/p>","protected":false},"featured_media":9708,"comment_status":"open","ping_status":"closed","template":"","meta":[],"product_brand":[34],"product_cat":[568],"product_tag":[],"class_list":{"0":"post-9707","1":"product","2":"type-product","3":"status-publish","4":"has-post-thumbnail","6":"product_brand-moulinex","7":"product_cat-cafetiere","9":"first","10":"instock","11":"shipping-taxable","12":"purchasable","13":"product-type-simple"},"_links":{"self":[{"href":"https:\/\/electrobennjima.tn\/en\/wp-json\/wp\/v2\/product\/9707","targetHints":{"allow":["GET"]}}],"collection":[{"href":"https:\/\/electrobennjima.tn\/en\/wp-json\/wp\/v2\/product"}],"about":[{"href":"https:\/\/electrobennjima.tn\/en\/wp-json\/wp\/v2\/types\/product"}],"replies":[{"embeddable":true,"href":"https:\/\/electrobennjima.tn\/en\/wp-json\/wp\/v2\/comments?post=9707"}],"wp:featuredmedia":[{"embeddable":true,"href":"https:\/\/electrobennjima.tn\/en\/wp-json\/wp\/v2\/media\/9708"}],"wp:attachment":[{"href":"https:\/\/electrobennjima.tn\/en\/wp-json\/wp\/v2\/media?parent=9707"}],"wp:term":[{"taxonomy":"product_brand","embeddable":true,"href":"https:\/\/electrobennjima.tn\/en\/wp-json\/wp\/v2\/product_brand?post=9707"},{"taxonomy":"product_cat","embeddable":true,"href":"https:\/\/electrobennjima.tn\/en\/wp-json\/wp\/v2\/product_cat?post=9707"},{"taxonomy":"product_tag","embeddable":true,"href":"https:\/\/electrobennjima.tn\/en\/wp-json\/wp\/v2\/product_tag?post=9707"}],"curies":[{"name":"wp","href":"https:\/\/api.w.org\/{rel}","templated":true}]}}