{"id":9729,"date":"2026-04-06T08:11:53","date_gmt":"2026-04-06T08:11:53","guid":{"rendered":"https:\/\/electrobennjima.tn\/?post_type=product&#038;p=9729"},"modified":"2026-04-06T08:11:53","modified_gmt":"2026-04-06T08:11:53","slug":"four-akel-electrique-af-380w-white","status":"publish","type":"product","link":"https:\/\/electrobennjima.tn\/en\/four-akel-electrique-af-380w-white\/","title":{"rendered":"FOUR AKEL ELECTRIQUE AF-380W  &#8211; WHITE"},"content":{"rendered":"<table id=\"product-attribute-specs-table\" class=\"data table additional-attributes\">\n<tbody>\n<tr>\n<th class=\"col label\" scope=\"row\">R\u00e9f\u00e9rence<\/th>\n<td class=\"col data\" data-th=\"Prix\">FO-AF-380W<\/td>\n<\/tr>\n<tr>\n<th class=\"col label\" scope=\"row\">Marque<\/th>\n<td class=\"col data\" data-th=\"R\u00e9f\u00e9rence:\">Akel<\/td>\n<\/tr>\n<tr>\n<th class=\"col label\" scope=\"row\">Garantie<\/th>\n<td class=\"col data\" data-th=\"Garantie:\">1 an<\/td>\n<\/tr>\n<tr>\n<th class=\"col label\" scope=\"row\">Type de Four<\/th>\n<td class=\"col data\" data-th=\"Type de Four\">Electrique<\/td>\n<\/tr>\n<tr>\n<th class=\"col label\" scope=\"row\"><strong>Capacit\u00e9<\/strong><\/th>\n<td class=\"col data\" data-th=\"Chaleur Tournante\">38l<\/td>\n<\/tr>\n<tr>\n<th class=\"col label\" scope=\"row\">Thermostat r\u00e9glable<\/th>\n<td class=\"col data\" data-th=\"Pose \">320\u00b0<\/td>\n<\/tr>\n<tr>\n<th class=\"col label\" scope=\"row\">Couleur<\/th>\n<td class=\"col data\" data-th=\"Eclairage\">Blanc<\/td>\n<\/tr>\n<\/tbody>\n<\/table>","protected":false},"excerpt":{"rendered":"<p>R\u00e9f\u00e9rence FO-AF-380W Marque Akel Garantie 1 an Type de Four Electrique Capacit\u00e9 38l Thermostat r\u00e9glable 320\u00b0 Couleur Blanc<\/p>","protected":false},"featured_media":9730,"comment_status":"open","ping_status":"closed","template":"","meta":[],"product_brand":[571],"product_cat":[65],"product_tag":[],"class_list":{"0":"post-9729","1":"product","2":"type-product","3":"status-publish","4":"has-post-thumbnail","6":"product_brand-akel","7":"product_cat-four","9":"first","10":"instock","11":"shipping-taxable","12":"purchasable","13":"product-type-simple"},"_links":{"self":[{"href":"https:\/\/electrobennjima.tn\/en\/wp-json\/wp\/v2\/product\/9729","targetHints":{"allow":["GET"]}}],"collection":[{"href":"https:\/\/electrobennjima.tn\/en\/wp-json\/wp\/v2\/product"}],"about":[{"href":"https:\/\/electrobennjima.tn\/en\/wp-json\/wp\/v2\/types\/product"}],"replies":[{"embeddable":true,"href":"https:\/\/electrobennjima.tn\/en\/wp-json\/wp\/v2\/comments?post=9729"}],"wp:featuredmedia":[{"embeddable":true,"href":"https:\/\/electrobennjima.tn\/en\/wp-json\/wp\/v2\/media\/9730"}],"wp:attachment":[{"href":"https:\/\/electrobennjima.tn\/en\/wp-json\/wp\/v2\/media?parent=9729"}],"wp:term":[{"taxonomy":"product_brand","embeddable":true,"href":"https:\/\/electrobennjima.tn\/en\/wp-json\/wp\/v2\/product_brand?post=9729"},{"taxonomy":"product_cat","embeddable":true,"href":"https:\/\/electrobennjima.tn\/en\/wp-json\/wp\/v2\/product_cat?post=9729"},{"taxonomy":"product_tag","embeddable":true,"href":"https:\/\/electrobennjima.tn\/en\/wp-json\/wp\/v2\/product_tag?post=9729"}],"curies":[{"name":"wp","href":"https:\/\/api.w.org\/{rel}","templated":true}]}}