{"id":9771,"date":"2026-04-06T10:24:12","date_gmt":"2026-04-06T10:24:12","guid":{"rendered":"https:\/\/electrobennjima.tn\/?post_type=product&#038;p=9771"},"modified":"2026-04-06T10:24:12","modified_gmt":"2026-04-06T10:24:12","slug":"four-focus-gaz-gaz-60cm-inox","status":"publish","type":"product","link":"https:\/\/electrobennjima.tn\/en\/four-focus-gaz-gaz-60cm-inox\/","title":{"rendered":"FOUR FOCUS GAZ\/GAZ 60CM &#8211; INOX"},"content":{"rendered":"<table id=\"product-attribute-specs-table\" class=\"data table additional-attributes\">\n<tbody>\n<tr>\n<th class=\"col label\" scope=\"row\">R\u00e9f\u00e9rence<\/th>\n<td class=\"col data\" data-th=\"gtin\">F.534X<\/td>\n<\/tr>\n<tr>\n<th class=\"col label\" scope=\"row\">Marque<\/th>\n<td class=\"col data\" data-th=\"Marque\">FOCUS<\/td>\n<\/tr>\n<tr>\n<th class=\"col label\" scope=\"row\">Afficheur<\/th>\n<td class=\"col data\" data-th=\"Afficheur \">Avec Afficheur<\/td>\n<\/tr>\n<tr>\n<th class=\"col label\" scope=\"row\">Autonettoyant<\/th>\n<td class=\"col data\" data-th=\"Autonettoyant\">Oui<\/td>\n<\/tr>\n<tr>\n<th class=\"col label\" scope=\"row\">Chaleur Tournante<\/th>\n<td class=\"col data\" data-th=\"Chaleur Tournante\">Oui<\/td>\n<\/tr>\n<tr>\n<th class=\"col label\" scope=\"row\">Volume<\/th>\n<td class=\"col data\" data-th=\"Volume\">58 Litres<\/td>\n<\/tr>\n<tr>\n<th class=\"col label\" scope=\"row\">Classe \u00c9nerg\u00e9tique<\/th>\n<td class=\"col data\" data-th=\"Classe \u00c9nerg\u00e9tique\">A<\/td>\n<\/tr>\n<tr>\n<th class=\"col label\" scope=\"row\">\u00c9nergie Utilis\u00e9e<\/th>\n<td class=\"col data\" data-th=\"\u00c9nergie Utilis\u00e9e\">Gaz<\/td>\n<\/tr>\n<tr>\n<th class=\"col label\" scope=\"row\">Largeur<\/th>\n<td class=\"col data\" data-th=\"Largeur\">60 cm<\/td>\n<\/tr>\n<tr>\n<th class=\"col label\" scope=\"row\">Dimensions<\/th>\n<td class=\"col data\" data-th=\"Dimensions\">60 x 60 x 54 cm<\/td>\n<\/tr>\n<tr>\n<th class=\"col label\" scope=\"row\">Minuterie<\/th>\n<td class=\"col data\" data-th=\"Minuterie\">\u00c9lectronique<\/td>\n<\/tr>\n<tr>\n<th class=\"col label\" scope=\"row\">Puissance<\/th>\n<td class=\"col data\" data-th=\"Puissance\">Autres<\/td>\n<\/tr>\n<tr>\n<th class=\"col label\" scope=\"row\">Couleur<\/th>\n<td class=\"col data\" data-th=\"Couleur\">Inox<\/td>\n<\/tr>\n<tr>\n<th class=\"col label\" scope=\"row\">Garantie<\/th>\n<td class=\"col data\" data-th=\"Garantie\">2 ans<\/td>\n<\/tr>\n<\/tbody>\n<\/table>","protected":false},"excerpt":{"rendered":"<p>R\u00e9f\u00e9rence F.534X Marque FOCUS Afficheur Avec Afficheur Autonettoyant Oui Chaleur Tournante Oui Volume 58 Litres Classe \u00c9nerg\u00e9tique A \u00c9nergie Utilis\u00e9e Gaz Largeur 60 cm Dimensions 60 x 60 x 54 cm Minuterie \u00c9lectronique Puissance Autres Couleur Inox Garantie 2 ans<\/p>","protected":false},"featured_media":9772,"comment_status":"open","ping_status":"closed","template":"","meta":[],"product_brand":[63],"product_cat":[65],"product_tag":[],"class_list":{"0":"post-9771","1":"product","2":"type-product","3":"status-publish","4":"has-post-thumbnail","6":"product_brand-focus","7":"product_cat-four","9":"first","10":"instock","11":"shipping-taxable","12":"purchasable","13":"product-type-simple"},"_links":{"self":[{"href":"https:\/\/electrobennjima.tn\/en\/wp-json\/wp\/v2\/product\/9771","targetHints":{"allow":["GET"]}}],"collection":[{"href":"https:\/\/electrobennjima.tn\/en\/wp-json\/wp\/v2\/product"}],"about":[{"href":"https:\/\/electrobennjima.tn\/en\/wp-json\/wp\/v2\/types\/product"}],"replies":[{"embeddable":true,"href":"https:\/\/electrobennjima.tn\/en\/wp-json\/wp\/v2\/comments?post=9771"}],"wp:featuredmedia":[{"embeddable":true,"href":"https:\/\/electrobennjima.tn\/en\/wp-json\/wp\/v2\/media\/9772"}],"wp:attachment":[{"href":"https:\/\/electrobennjima.tn\/en\/wp-json\/wp\/v2\/media?parent=9771"}],"wp:term":[{"taxonomy":"product_brand","embeddable":true,"href":"https:\/\/electrobennjima.tn\/en\/wp-json\/wp\/v2\/product_brand?post=9771"},{"taxonomy":"product_cat","embeddable":true,"href":"https:\/\/electrobennjima.tn\/en\/wp-json\/wp\/v2\/product_cat?post=9771"},{"taxonomy":"product_tag","embeddable":true,"href":"https:\/\/electrobennjima.tn\/en\/wp-json\/wp\/v2\/product_tag?post=9771"}],"curies":[{"name":"wp","href":"https:\/\/api.w.org\/{rel}","templated":true}]}}