{"id":9802,"date":"2026-04-06T11:24:12","date_gmt":"2026-04-06T11:24:12","guid":{"rendered":"https:\/\/electrobennjima.tn\/?post_type=product&#038;p=9802"},"modified":"2026-04-06T11:24:12","modified_gmt":"2026-04-06T11:24:12","slug":"four-hoover-multifonction-70l","status":"publish","type":"product","link":"https:\/\/electrobennjima.tn\/en\/four-hoover-multifonction-70l\/","title":{"rendered":"FOUR HOOVER MULTIFONCTION 70L"},"content":{"rendered":"<table id=\"product-attribute-specs-table\" class=\"data table additional-attributes\">\n<tbody>\n<tr>\n<th class=\"col label\" scope=\"row\">R\u00e9f\u00e9rence<\/th>\n<td class=\"col data\" data-th=\"Prix\">FOHOE318IN-WIFI<\/td>\n<\/tr>\n<tr>\n<th class=\"col label\" scope=\"row\">Garantie<\/th>\n<td class=\"col data\" data-th=\"Garantie:\">1 an<\/td>\n<\/tr>\n<tr>\n<th class=\"col label\" scope=\"row\">Nombre de programmes<\/th>\n<td class=\"col data\" data-th=\"Nombre de programmes\">8<\/td>\n<\/tr>\n<tr>\n<th class=\"col label\" scope=\"row\">Chaleur Tournante<\/th>\n<td class=\"col data\" data-th=\"Chaleur Tournante\">Puls\u00e9e<\/td>\n<\/tr>\n<tr>\n<th class=\"col label\" scope=\"row\">Eclairage<\/th>\n<td class=\"col data\" data-th=\"Eclairage\">Oui<\/td>\n<\/tr>\n<tr>\n<th class=\"col label\" scope=\"row\">Wifi<\/th>\n<td class=\"col data\" data-th=\"Wifi\">Non<\/td>\n<\/tr>\n<tr>\n<th class=\"col label\" scope=\"row\">Couleur<\/th>\n<td class=\"col data\" data-th=\"Couleur:\">Inox<\/td>\n<\/tr>\n<\/tbody>\n<\/table>","protected":false},"excerpt":{"rendered":"<p>R\u00e9f\u00e9rence FOHOE318IN-WIFI Garantie 1 an Nombre de programmes 8 Chaleur Tournante Puls\u00e9e Eclairage Oui Wifi Non Couleur Inox<\/p>","protected":false},"featured_media":9803,"comment_status":"open","ping_status":"closed","template":"","meta":[],"product_brand":[98],"product_cat":[65],"product_tag":[],"class_list":{"0":"post-9802","1":"product","2":"type-product","3":"status-publish","4":"has-post-thumbnail","6":"product_brand-hoover","7":"product_cat-four","9":"first","10":"instock","11":"shipping-taxable","12":"purchasable","13":"product-type-simple"},"_links":{"self":[{"href":"https:\/\/electrobennjima.tn\/en\/wp-json\/wp\/v2\/product\/9802","targetHints":{"allow":["GET"]}}],"collection":[{"href":"https:\/\/electrobennjima.tn\/en\/wp-json\/wp\/v2\/product"}],"about":[{"href":"https:\/\/electrobennjima.tn\/en\/wp-json\/wp\/v2\/types\/product"}],"replies":[{"embeddable":true,"href":"https:\/\/electrobennjima.tn\/en\/wp-json\/wp\/v2\/comments?post=9802"}],"wp:featuredmedia":[{"embeddable":true,"href":"https:\/\/electrobennjima.tn\/en\/wp-json\/wp\/v2\/media\/9803"}],"wp:attachment":[{"href":"https:\/\/electrobennjima.tn\/en\/wp-json\/wp\/v2\/media?parent=9802"}],"wp:term":[{"taxonomy":"product_brand","embeddable":true,"href":"https:\/\/electrobennjima.tn\/en\/wp-json\/wp\/v2\/product_brand?post=9802"},{"taxonomy":"product_cat","embeddable":true,"href":"https:\/\/electrobennjima.tn\/en\/wp-json\/wp\/v2\/product_cat?post=9802"},{"taxonomy":"product_tag","embeddable":true,"href":"https:\/\/electrobennjima.tn\/en\/wp-json\/wp\/v2\/product_tag?post=9802"}],"curies":[{"name":"wp","href":"https:\/\/api.w.org\/{rel}","templated":true}]}}