{"id":9806,"date":"2026-04-06T11:29:57","date_gmt":"2026-04-06T11:29:57","guid":{"rendered":"https:\/\/electrobennjima.tn\/?post_type=product&#038;p=9806"},"modified":"2026-04-06T11:29:58","modified_gmt":"2026-04-06T11:29:58","slug":"four-mont-blanc-45l-noir","status":"publish","type":"product","link":"https:\/\/electrobennjima.tn\/en\/four-mont-blanc-45l-noir\/","title":{"rendered":"FOUR MONT BLANC 45L &#8211; NOIR"},"content":{"rendered":"<table id=\"product-attribute-specs-table\" class=\"data table additional-attributes\">\n<tbody>\n<tr>\n<th class=\"col label\" scope=\"row\">R\u00e9f\u00e9rence<\/th>\n<td class=\"col data\" data-th=\"gtin\">FOMF45N<\/td>\n<\/tr>\n<tr>\n<th class=\"col label\" scope=\"row\">Marque<\/th>\n<td class=\"col data\" data-th=\"Marque\">MONTBLANC<\/td>\n<\/tr>\n<tr>\n<th class=\"col label\" scope=\"row\">Afficheur<\/th>\n<td class=\"col data\" data-th=\"Afficheur \">Sans Afficheur<\/td>\n<\/tr>\n<tr>\n<th class=\"col label\" scope=\"row\">Autonettoyant<\/th>\n<td class=\"col data\" data-th=\"Autonettoyant\">Non<\/td>\n<\/tr>\n<tr>\n<th class=\"col label\" scope=\"row\">Chaleur Tournante<\/th>\n<td class=\"col data\" data-th=\"Chaleur Tournante\">Oui<\/td>\n<\/tr>\n<tr>\n<th class=\"col label\" scope=\"row\">Volume<\/th>\n<td class=\"col data\" data-th=\"Volume\">45 Litres<\/td>\n<\/tr>\n<tr>\n<th class=\"col label\" scope=\"row\">Classe \u00c9nerg\u00e9tique<\/th>\n<td class=\"col data\" data-th=\"Classe \u00c9nerg\u00e9tique\">Autres<\/td>\n<\/tr>\n<tr>\n<th class=\"col label\" scope=\"row\">\u00c9nergie Utilis\u00e9e<\/th>\n<td class=\"col data\" data-th=\"\u00c9nergie Utilis\u00e9e\">\u00c9lectrique<\/td>\n<\/tr>\n<tr>\n<th class=\"col label\" scope=\"row\">Syst\u00e8me d Allumage<\/th>\n<td class=\"col data\" data-th=\"Syst\u00e8me d Allumage\">Automatique<\/td>\n<\/tr>\n<tr>\n<th class=\"col label\" scope=\"row\">Largeur<\/th>\n<td class=\"col data\" data-th=\"Largeur\">Autres<\/td>\n<\/tr>\n<tr>\n<th class=\"col label\" scope=\"row\">Temp\u00e9rature<\/th>\n<td class=\"col data\" data-th=\"Temp\u00e9rature\">50 et 240 \u00b0C<\/td>\n<\/tr>\n<tr>\n<th class=\"col label\" scope=\"row\">Minuterie<\/th>\n<td class=\"col data\" data-th=\"Minuterie\">90 min<\/td>\n<\/tr>\n<tr>\n<th class=\"col label\" scope=\"row\">Puissance<\/th>\n<td class=\"col data\" data-th=\"Puissance\">Autres<\/td>\n<\/tr>\n<tr>\n<th class=\"col label\" scope=\"row\">Couleur<\/th>\n<td class=\"col data\" data-th=\"Couleur\">Noir<\/td>\n<\/tr>\n<tr>\n<th class=\"col label\" scope=\"row\">Garantie<\/th>\n<td class=\"col data\" data-th=\"Garantie\">1 an<\/td>\n<\/tr>\n<\/tbody>\n<\/table>","protected":false},"excerpt":{"rendered":"<p>R\u00e9f\u00e9rence FOMF45N Marque MONTBLANC Afficheur Sans Afficheur Autonettoyant Non Chaleur Tournante Oui Volume 45 Litres Classe \u00c9nerg\u00e9tique Autres \u00c9nergie Utilis\u00e9e \u00c9lectrique Syst\u00e8me d Allumage Automatique Largeur Autres Temp\u00e9rature 50 et 240 \u00b0C Minuterie 90 min Puissance Autres Couleur Noir Garantie 1 an<\/p>","protected":false},"featured_media":9807,"comment_status":"open","ping_status":"closed","template":"","meta":[],"product_brand":[23],"product_cat":[65],"product_tag":[],"class_list":{"0":"post-9806","1":"product","2":"type-product","3":"status-publish","4":"has-post-thumbnail","6":"product_brand-mont-blanc","7":"product_cat-four","9":"first","10":"instock","11":"shipping-taxable","12":"purchasable","13":"product-type-simple"},"_links":{"self":[{"href":"https:\/\/electrobennjima.tn\/en\/wp-json\/wp\/v2\/product\/9806","targetHints":{"allow":["GET"]}}],"collection":[{"href":"https:\/\/electrobennjima.tn\/en\/wp-json\/wp\/v2\/product"}],"about":[{"href":"https:\/\/electrobennjima.tn\/en\/wp-json\/wp\/v2\/types\/product"}],"replies":[{"embeddable":true,"href":"https:\/\/electrobennjima.tn\/en\/wp-json\/wp\/v2\/comments?post=9806"}],"wp:featuredmedia":[{"embeddable":true,"href":"https:\/\/electrobennjima.tn\/en\/wp-json\/wp\/v2\/media\/9807"}],"wp:attachment":[{"href":"https:\/\/electrobennjima.tn\/en\/wp-json\/wp\/v2\/media?parent=9806"}],"wp:term":[{"taxonomy":"product_brand","embeddable":true,"href":"https:\/\/electrobennjima.tn\/en\/wp-json\/wp\/v2\/product_brand?post=9806"},{"taxonomy":"product_cat","embeddable":true,"href":"https:\/\/electrobennjima.tn\/en\/wp-json\/wp\/v2\/product_cat?post=9806"},{"taxonomy":"product_tag","embeddable":true,"href":"https:\/\/electrobennjima.tn\/en\/wp-json\/wp\/v2\/product_tag?post=9806"}],"curies":[{"name":"wp","href":"https:\/\/api.w.org\/{rel}","templated":true}]}}