{"id":9808,"date":"2026-04-06T11:37:19","date_gmt":"2026-04-06T11:37:19","guid":{"rendered":"https:\/\/electrobennjima.tn\/?post_type=product&#038;p=9808"},"modified":"2026-04-06T11:37:19","modified_gmt":"2026-04-06T11:37:19","slug":"four-mont-blanc-electrique-45l-rouge","status":"publish","type":"product","link":"https:\/\/electrobennjima.tn\/en\/four-mont-blanc-electrique-45l-rouge\/","title":{"rendered":"FOUR MONT BLANC ELECTRIQUE 45L &#8211; ROUGE"},"content":{"rendered":"<table id=\"product-attribute-specs-table\" class=\"data table additional-attributes\">\n<tbody>\n<tr>\n<th class=\"col label\" scope=\"row\">R\u00e9f\u00e9rence<\/th>\n<td class=\"col data\" data-th=\"gtin\">FOMF45R<\/td>\n<\/tr>\n<tr>\n<th class=\"col label\" scope=\"row\">Marque<\/th>\n<td class=\"col data\" data-th=\"Marque\">MONTBLANC<\/td>\n<\/tr>\n<tr>\n<th class=\"col label\" scope=\"row\">Capacit\u00e9<\/th>\n<td class=\"col data\" data-th=\"Afficheur \">45 Litres<\/td>\n<\/tr>\n<tr>\n<th class=\"col label\" scope=\"row\"><strong>\u00a0Fonctions<\/strong><\/th>\n<td class=\"col data\" data-th=\"Autonettoyant\">6<\/td>\n<\/tr>\n<tr>\n<th class=\"col label\" scope=\"row\">Couleur<\/th>\n<td class=\"col data\" data-th=\"Chaleur Tournante\">Rouge<\/td>\n<\/tr>\n<tr>\n<th class=\"col label\" scope=\"row\">Garantie<\/th>\n<td class=\"col data\" data-th=\"Volume\">1 ans<\/td>\n<\/tr>\n<\/tbody>\n<\/table>","protected":false},"excerpt":{"rendered":"<p>R\u00e9f\u00e9rence FOMF45R Marque MONTBLANC Capacit\u00e9 45 Litres \u00a0Fonctions 6 Couleur Rouge Garantie 1 ans<\/p>","protected":false},"featured_media":9809,"comment_status":"open","ping_status":"closed","template":"","meta":[],"product_brand":[23],"product_cat":[65],"product_tag":[],"class_list":{"0":"post-9808","1":"product","2":"type-product","3":"status-publish","4":"has-post-thumbnail","6":"product_brand-mont-blanc","7":"product_cat-four","9":"first","10":"instock","11":"shipping-taxable","12":"purchasable","13":"product-type-simple"},"_links":{"self":[{"href":"https:\/\/electrobennjima.tn\/en\/wp-json\/wp\/v2\/product\/9808","targetHints":{"allow":["GET"]}}],"collection":[{"href":"https:\/\/electrobennjima.tn\/en\/wp-json\/wp\/v2\/product"}],"about":[{"href":"https:\/\/electrobennjima.tn\/en\/wp-json\/wp\/v2\/types\/product"}],"replies":[{"embeddable":true,"href":"https:\/\/electrobennjima.tn\/en\/wp-json\/wp\/v2\/comments?post=9808"}],"wp:featuredmedia":[{"embeddable":true,"href":"https:\/\/electrobennjima.tn\/en\/wp-json\/wp\/v2\/media\/9809"}],"wp:attachment":[{"href":"https:\/\/electrobennjima.tn\/en\/wp-json\/wp\/v2\/media?parent=9808"}],"wp:term":[{"taxonomy":"product_brand","embeddable":true,"href":"https:\/\/electrobennjima.tn\/en\/wp-json\/wp\/v2\/product_brand?post=9808"},{"taxonomy":"product_cat","embeddable":true,"href":"https:\/\/electrobennjima.tn\/en\/wp-json\/wp\/v2\/product_cat?post=9808"},{"taxonomy":"product_tag","embeddable":true,"href":"https:\/\/electrobennjima.tn\/en\/wp-json\/wp\/v2\/product_tag?post=9808"}],"curies":[{"name":"wp","href":"https:\/\/api.w.org\/{rel}","templated":true}]}}