{"id":9823,"date":"2026-04-06T13:53:58","date_gmt":"2026-04-06T13:53:58","guid":{"rendered":"https:\/\/electrobennjima.tn\/?post_type=product&#038;p=9823"},"modified":"2026-04-06T13:53:59","modified_gmt":"2026-04-06T13:53:59","slug":"four-proff-electrique-noir-6-programmes-avec-chaleur-tour","status":"publish","type":"product","link":"https:\/\/electrobennjima.tn\/en\/four-proff-electrique-noir-6-programmes-avec-chaleur-tour\/","title":{"rendered":"FOUR PROFF ELECTRIQUE NOIR 6 PROGRAMMES AVEC CHALEUR TOUR"},"content":{"rendered":"<table id=\"product-attribute-specs-table\" class=\"data table additional-attributes\">\n<tbody>\n<tr>\n<th class=\"col label\" scope=\"row\">R\u00e9f\u00e9rence<\/th>\n<td class=\"col data\" data-th=\"gtin\">FOPRM450B<\/td>\n<\/tr>\n<tr>\n<th class=\"col label\" scope=\"row\">Marque<\/th>\n<td class=\"col data\" data-th=\"Marque\">PROFF<\/td>\n<\/tr>\n<tr>\n<th class=\"col label\" scope=\"row\">Puissance<\/th>\n<td class=\"col data\" data-th=\"Gamme PC\">1400 Watts<\/td>\n<\/tr>\n<tr>\n<th class=\"col label\" scope=\"row\">Volume<\/th>\n<td class=\"col data\" data-th=\"Gamer\">\u00a045 Litres<\/td>\n<\/tr>\n<tr>\n<th class=\"col label\" scope=\"row\">Temp\u00e9rature<\/th>\n<td class=\"col data\" data-th=\"Syst\u00e8me d'exploitation\">R\u00e9glable jusqu&rsquo;\u00e0 230\u00b0C<\/td>\n<\/tr>\n<tr>\n<th class=\"col label\" scope=\"row\">Minuterie<\/th>\n<td class=\"col data\" data-th=\"Taille de l'\u00e9cran\">90 min<\/td>\n<\/tr>\n<tr>\n<th class=\"col label\" scope=\"row\">Couleur<\/th>\n<td class=\"col data\" data-th=\"Ecran\">Noir<\/td>\n<\/tr>\n<tr>\n<th class=\"col label\" scope=\"row\">\u00a0Garantie<\/th>\n<td class=\"col data\" data-th=\"Ecran Tactile\">1 an<\/td>\n<\/tr>\n<tr>\n<th class=\"col label\" scope=\"row\">Chaleur<\/th>\n<td class=\"col data\" data-th=\"R\u00e9solution d'\u00e9crans\">Tournante<\/td>\n<\/tr>\n<\/tbody>\n<\/table>","protected":false},"excerpt":{"rendered":"<p>R\u00e9f\u00e9rence FOPRM450B Marque PROFF Puissance 1400 Watts Volume \u00a045 Litres Temp\u00e9rature R\u00e9glable jusqu&rsquo;\u00e0 230\u00b0C Minuterie 90 min Couleur Noir \u00a0Garantie 1 an Chaleur Tournante<\/p>","protected":false},"featured_media":9824,"comment_status":"open","ping_status":"closed","template":"","meta":[],"product_brand":[573],"product_cat":[65],"product_tag":[],"class_list":{"0":"post-9823","1":"product","2":"type-product","3":"status-publish","4":"has-post-thumbnail","6":"product_brand-proff","7":"product_cat-four","9":"first","10":"instock","11":"shipping-taxable","12":"purchasable","13":"product-type-simple"},"_links":{"self":[{"href":"https:\/\/electrobennjima.tn\/en\/wp-json\/wp\/v2\/product\/9823","targetHints":{"allow":["GET"]}}],"collection":[{"href":"https:\/\/electrobennjima.tn\/en\/wp-json\/wp\/v2\/product"}],"about":[{"href":"https:\/\/electrobennjima.tn\/en\/wp-json\/wp\/v2\/types\/product"}],"replies":[{"embeddable":true,"href":"https:\/\/electrobennjima.tn\/en\/wp-json\/wp\/v2\/comments?post=9823"}],"wp:featuredmedia":[{"embeddable":true,"href":"https:\/\/electrobennjima.tn\/en\/wp-json\/wp\/v2\/media\/9824"}],"wp:attachment":[{"href":"https:\/\/electrobennjima.tn\/en\/wp-json\/wp\/v2\/media?parent=9823"}],"wp:term":[{"taxonomy":"product_brand","embeddable":true,"href":"https:\/\/electrobennjima.tn\/en\/wp-json\/wp\/v2\/product_brand?post=9823"},{"taxonomy":"product_cat","embeddable":true,"href":"https:\/\/electrobennjima.tn\/en\/wp-json\/wp\/v2\/product_cat?post=9823"},{"taxonomy":"product_tag","embeddable":true,"href":"https:\/\/electrobennjima.tn\/en\/wp-json\/wp\/v2\/product_tag?post=9823"}],"curies":[{"name":"wp","href":"https:\/\/api.w.org\/{rel}","templated":true}]}}