{"id":9829,"date":"2026-04-06T14:23:46","date_gmt":"2026-04-06T14:23:46","guid":{"rendered":"https:\/\/electrobennjima.tn\/?post_type=product&#038;p=9829"},"modified":"2026-04-06T14:23:46","modified_gmt":"2026-04-06T14:23:46","slug":"four-topmatic-numerique-to-1600","status":"publish","type":"product","link":"https:\/\/electrobennjima.tn\/en\/four-topmatic-numerique-to-1600\/","title":{"rendered":"FOUR TOPMATIC NUMERIQUE TO-1600"},"content":{"rendered":"<table id=\"product-attribute-specs-table\" class=\"data table additional-attributes\">\n<tbody>\n<tr>\n<th class=\"col label\" scope=\"row\">R\u00e9f\u00e9rence<\/th>\n<td class=\"col data\" data-th=\"gtin\">FO-TOPMATIC-1600<\/td>\n<\/tr>\n<tr>\n<th class=\"col label\" scope=\"row\">Marque<\/th>\n<td class=\"col data\" data-th=\"Marque\">Topmatic<\/td>\n<\/tr>\n<tr>\n<th class=\"col label\" scope=\"row\">Puissance<\/th>\n<td class=\"col data\" data-th=\"Gamme PC\">1600 w<\/td>\n<\/tr>\n<tr>\n<th class=\"col label\" scope=\"row\">Mat\u00e9riau<\/th>\n<td class=\"col data\" data-th=\"Gamer\">Acier, Aluminium, Verre<\/td>\n<\/tr>\n<tr>\n<th class=\"col label\" scope=\"row\">Alimentation<\/th>\n<td class=\"col data\" data-th=\"Syst\u00e8me d'exploitation\">220-240 \/ 50~60 Hz<\/td>\n<\/tr>\n<tr>\n<th class=\"col label\" scope=\"row\">Dimensions<\/th>\n<td class=\"col data\" data-th=\"Taille de l'\u00e9cran\">57x 35x 46 cm<\/td>\n<\/tr>\n<tr>\n<th class=\"col label\" scope=\"row\">Couleur<\/th>\n<td class=\"col data\" data-th=\"Ecran\">Noir<\/td>\n<\/tr>\n<tr>\n<th class=\"col label\" scope=\"row\">Garantie<\/th>\n<td class=\"col data\" data-th=\"Ecran Tactile\">1 an<\/td>\n<\/tr>\n<\/tbody>\n<\/table>","protected":false},"excerpt":{"rendered":"<p>R\u00e9f\u00e9rence FO-TOPMATIC-1600 Marque Topmatic Puissance 1600 w Mat\u00e9riau Acier, Aluminium, Verre Alimentation 220-240 \/ 50~60 Hz Dimensions 57x 35x 46 cm Couleur Noir Garantie 1 an<\/p>","protected":false},"featured_media":9831,"comment_status":"open","ping_status":"closed","template":"","meta":[],"product_brand":[124],"product_cat":[65],"product_tag":[],"class_list":{"0":"post-9829","1":"product","2":"type-product","3":"status-publish","4":"has-post-thumbnail","6":"product_brand-topmatic","7":"product_cat-four","9":"first","10":"instock","11":"shipping-taxable","12":"purchasable","13":"product-type-simple"},"_links":{"self":[{"href":"https:\/\/electrobennjima.tn\/en\/wp-json\/wp\/v2\/product\/9829","targetHints":{"allow":["GET"]}}],"collection":[{"href":"https:\/\/electrobennjima.tn\/en\/wp-json\/wp\/v2\/product"}],"about":[{"href":"https:\/\/electrobennjima.tn\/en\/wp-json\/wp\/v2\/types\/product"}],"replies":[{"embeddable":true,"href":"https:\/\/electrobennjima.tn\/en\/wp-json\/wp\/v2\/comments?post=9829"}],"wp:featuredmedia":[{"embeddable":true,"href":"https:\/\/electrobennjima.tn\/en\/wp-json\/wp\/v2\/media\/9831"}],"wp:attachment":[{"href":"https:\/\/electrobennjima.tn\/en\/wp-json\/wp\/v2\/media?parent=9829"}],"wp:term":[{"taxonomy":"product_brand","embeddable":true,"href":"https:\/\/electrobennjima.tn\/en\/wp-json\/wp\/v2\/product_brand?post=9829"},{"taxonomy":"product_cat","embeddable":true,"href":"https:\/\/electrobennjima.tn\/en\/wp-json\/wp\/v2\/product_cat?post=9829"},{"taxonomy":"product_tag","embeddable":true,"href":"https:\/\/electrobennjima.tn\/en\/wp-json\/wp\/v2\/product_tag?post=9829"}],"curies":[{"name":"wp","href":"https:\/\/api.w.org\/{rel}","templated":true}]}}