{"id":9832,"date":"2026-04-06T14:35:31","date_gmt":"2026-04-06T14:35:31","guid":{"rendered":"https:\/\/electrobennjima.tn\/?post_type=product&#038;p=9832"},"modified":"2026-04-06T14:35:32","modified_gmt":"2026-04-06T14:35:32","slug":"hotte-arthur-martin-digitale-90cm-digitale","status":"publish","type":"product","link":"https:\/\/electrobennjima.tn\/en\/hotte-arthur-martin-digitale-90cm-digitale\/","title":{"rendered":"HOTTE ARTHUR MARTIN DIGITALE 90CM &#8211; DIGITALE"},"content":{"rendered":"<table id=\"product-attribute-specs-table\" class=\"data table additional-attributes\">\n<tbody>\n<tr>\n<th class=\"col label\" scope=\"row\">R\u00e9f\u00e9rence<\/th>\n<td class=\"col data\" data-th=\"gtin\">AMH2072\/90B<\/td>\n<\/tr>\n<tr>\n<th class=\"col label\" scope=\"row\">Marque<\/th>\n<td class=\"col data\" data-th=\"Marque\">ARTHUR MARTIN<\/td>\n<\/tr>\n<tr>\n<th class=\"col label\" scope=\"row\">Largeur<\/th>\n<td class=\"col data\" data-th=\"Gamme PC\">90cm<\/td>\n<\/tr>\n<tr>\n<th class=\"col label\" scope=\"row\"><strong>Volume d&rsquo;aspiration<\/strong><\/th>\n<td class=\"col data\" data-th=\"Gamer\">750 m\u00b3\/h<\/td>\n<\/tr>\n<tr>\n<th class=\"col label\" scope=\"row\"><strong>Nombre de vitesses<\/strong><\/th>\n<td class=\"col data\" data-th=\"Syst\u00e8me d'exploitation\">3 vitesses<\/td>\n<\/tr>\n<tr>\n<th class=\"col label\" scope=\"row\"><strong>Commande Digitale<\/strong><\/th>\n<td class=\"col data\" data-th=\"Taille de l'\u00e9cran\">Filtre \u00e0 charbon int\u00e9gr\u00e9<\/td>\n<\/tr>\n<tr>\n<th class=\"col label\" scope=\"row\">Couleur<\/th>\n<td class=\"col data\" data-th=\"Ecran\">Noir<\/td>\n<\/tr>\n<tr>\n<th class=\"col label\" scope=\"row\">Garantie<\/th>\n<td class=\"col data\" data-th=\"Ecran Tactile\">1 an<\/td>\n<\/tr>\n<\/tbody>\n<\/table>","protected":false},"excerpt":{"rendered":"<p>R\u00e9f\u00e9rence AMH2072\/90B Marque ARTHUR MARTIN Largeur 90cm Volume d&rsquo;aspiration 750 m\u00b3\/h Nombre de vitesses 3 vitesses Commande Digitale Filtre \u00e0 charbon int\u00e9gr\u00e9 Couleur Noir Garantie 1 an<\/p>","protected":false},"featured_media":9833,"comment_status":"open","ping_status":"closed","template":"","meta":[],"product_brand":[243],"product_cat":[66],"product_tag":[],"class_list":{"0":"post-9832","1":"product","2":"type-product","3":"status-publish","4":"has-post-thumbnail","6":"product_brand-arthur-martin","7":"product_cat-hottes-aspirantes","9":"first","10":"instock","11":"shipping-taxable","12":"purchasable","13":"product-type-simple"},"_links":{"self":[{"href":"https:\/\/electrobennjima.tn\/en\/wp-json\/wp\/v2\/product\/9832","targetHints":{"allow":["GET"]}}],"collection":[{"href":"https:\/\/electrobennjima.tn\/en\/wp-json\/wp\/v2\/product"}],"about":[{"href":"https:\/\/electrobennjima.tn\/en\/wp-json\/wp\/v2\/types\/product"}],"replies":[{"embeddable":true,"href":"https:\/\/electrobennjima.tn\/en\/wp-json\/wp\/v2\/comments?post=9832"}],"wp:featuredmedia":[{"embeddable":true,"href":"https:\/\/electrobennjima.tn\/en\/wp-json\/wp\/v2\/media\/9833"}],"wp:attachment":[{"href":"https:\/\/electrobennjima.tn\/en\/wp-json\/wp\/v2\/media?parent=9832"}],"wp:term":[{"taxonomy":"product_brand","embeddable":true,"href":"https:\/\/electrobennjima.tn\/en\/wp-json\/wp\/v2\/product_brand?post=9832"},{"taxonomy":"product_cat","embeddable":true,"href":"https:\/\/electrobennjima.tn\/en\/wp-json\/wp\/v2\/product_cat?post=9832"},{"taxonomy":"product_tag","embeddable":true,"href":"https:\/\/electrobennjima.tn\/en\/wp-json\/wp\/v2\/product_tag?post=9832"}],"curies":[{"name":"wp","href":"https:\/\/api.w.org\/{rel}","templated":true}]}}