{"id":9834,"date":"2026-04-06T14:44:12","date_gmt":"2026-04-06T14:44:12","guid":{"rendered":"https:\/\/electrobennjima.tn\/?post_type=product&#038;p=9834"},"modified":"2026-04-06T14:44:12","modified_gmt":"2026-04-06T14:44:12","slug":"hotte-arthur-martin-pyramidal-60-inox","status":"publish","type":"product","link":"https:\/\/electrobennjima.tn\/en\/hotte-arthur-martin-pyramidal-60-inox\/","title":{"rendered":"HOTTE ARTHUR MARTIN PYRAMIDAL 60 &#8211; INOX"},"content":{"rendered":"<table id=\"product-attribute-specs-table\" class=\"data table additional-attributes\">\n<tbody>\n<tr>\n<th class=\"col label\" scope=\"row\">R\u00e9f\u00e9rence<\/th>\n<td class=\"col data\" data-th=\"gtin\">HOAMHP60IX<\/td>\n<\/tr>\n<tr>\n<th class=\"col label\" scope=\"row\">Marque<\/th>\n<td class=\"col data\" data-th=\"Marque\">ARTHUR MARTIN<\/td>\n<\/tr>\n<tr>\n<th class=\"col label\" scope=\"row\">Nombre de vitesse<\/th>\n<td class=\"col data\" data-th=\"Gamme PC\">3 vitesses<\/td>\n<\/tr>\n<tr>\n<th class=\"col label\" scope=\"row\">D\u00e9bit maximum d&rsquo;aspiration d&rsquo;air<\/th>\n<td class=\"col data\" data-th=\"Gamer\">600 m\u00b3\/h<\/td>\n<\/tr>\n<tr>\n<th class=\"col label\" scope=\"row\">Couleur<\/th>\n<td class=\"col data\" data-th=\"Syst\u00e8me d'exploitation\">Inox<\/td>\n<\/tr>\n<tr>\n<th class=\"col label\" scope=\"row\">Garantie<\/th>\n<td class=\"col data\" data-th=\"Taille de l'\u00e9cran\">1 an<\/td>\n<\/tr>\n<tr>\n<th class=\"col label\" scope=\"row\">Filtres \u00e0 graisse<\/th>\n<td class=\"col data\" data-th=\"Ecran\">Aluminium<\/td>\n<\/tr>\n<tr>\n<th class=\"col label\" scope=\"row\">Largeur<\/th>\n<td class=\"col data\" data-th=\"Ecran Tactile\">60 cm<\/td>\n<\/tr>\n<\/tbody>\n<\/table>","protected":false},"excerpt":{"rendered":"<p>R\u00e9f\u00e9rence HOAMHP60IX Marque ARTHUR MARTIN Nombre de vitesse 3 vitesses D\u00e9bit maximum d&rsquo;aspiration d&rsquo;air 600 m\u00b3\/h Couleur Inox Garantie 1 an Filtres \u00e0 graisse Aluminium Largeur 60 cm<\/p>","protected":false},"featured_media":9835,"comment_status":"open","ping_status":"closed","template":"","meta":[],"product_brand":[243],"product_cat":[66],"product_tag":[],"class_list":{"0":"post-9834","1":"product","2":"type-product","3":"status-publish","4":"has-post-thumbnail","6":"product_brand-arthur-martin","7":"product_cat-hottes-aspirantes","9":"first","10":"instock","11":"shipping-taxable","12":"purchasable","13":"product-type-simple"},"_links":{"self":[{"href":"https:\/\/electrobennjima.tn\/en\/wp-json\/wp\/v2\/product\/9834","targetHints":{"allow":["GET"]}}],"collection":[{"href":"https:\/\/electrobennjima.tn\/en\/wp-json\/wp\/v2\/product"}],"about":[{"href":"https:\/\/electrobennjima.tn\/en\/wp-json\/wp\/v2\/types\/product"}],"replies":[{"embeddable":true,"href":"https:\/\/electrobennjima.tn\/en\/wp-json\/wp\/v2\/comments?post=9834"}],"wp:featuredmedia":[{"embeddable":true,"href":"https:\/\/electrobennjima.tn\/en\/wp-json\/wp\/v2\/media\/9835"}],"wp:attachment":[{"href":"https:\/\/electrobennjima.tn\/en\/wp-json\/wp\/v2\/media?parent=9834"}],"wp:term":[{"taxonomy":"product_brand","embeddable":true,"href":"https:\/\/electrobennjima.tn\/en\/wp-json\/wp\/v2\/product_brand?post=9834"},{"taxonomy":"product_cat","embeddable":true,"href":"https:\/\/electrobennjima.tn\/en\/wp-json\/wp\/v2\/product_cat?post=9834"},{"taxonomy":"product_tag","embeddable":true,"href":"https:\/\/electrobennjima.tn\/en\/wp-json\/wp\/v2\/product_tag?post=9834"}],"curies":[{"name":"wp","href":"https:\/\/api.w.org\/{rel}","templated":true}]}}