{"id":9836,"date":"2026-04-06T14:56:04","date_gmt":"2026-04-06T14:56:04","guid":{"rendered":"https:\/\/electrobennjima.tn\/?post_type=product&#038;p=9836"},"modified":"2026-04-06T14:56:04","modified_gmt":"2026-04-06T14:56:04","slug":"hotte-auxtar-60-inox","status":"publish","type":"product","link":"https:\/\/electrobennjima.tn\/en\/hotte-auxtar-60-inox\/","title":{"rendered":"HOTTE AUXTAR 60 &#8211; INOX"},"content":{"rendered":"<table id=\"product-attribute-specs-table\" class=\"data table additional-attributes\">\n<tbody>\n<tr>\n<th class=\"col label\" scope=\"row\">R\u00e9f\u00e9rence<\/th>\n<td class=\"col data\" data-th=\"gtin\">HOAX60IX<\/td>\n<\/tr>\n<tr>\n<th class=\"col label\" scope=\"row\">Marque<\/th>\n<td class=\"col data\" data-th=\"Marque\">Auxtar<\/td>\n<\/tr>\n<tr>\n<th class=\"col label\" scope=\"row\"><b>Nombre de vitesses<\/b><\/th>\n<td class=\"col data\" data-th=\"Gamme PC\">3 vitesses<\/td>\n<\/tr>\n<tr>\n<th class=\"col label\" scope=\"row\"><strong><b>Mat\u00e9riaux<\/b><\/strong><\/th>\n<td class=\"col data\" data-th=\"Gamer\">Acier inoxydable<\/td>\n<\/tr>\n<tr>\n<th class=\"col label\" scope=\"row\"><b>\u00a0Dimension<\/b><\/th>\n<td class=\"col data\" data-th=\"Syst\u00e8me d'exploitation\">L x P x H : 60 x 50 x 13 cm<\/td>\n<\/tr>\n<tr>\n<th class=\"col label\" scope=\"row\"><b>Couleur<\/b><\/th>\n<td class=\"col data\" data-th=\"Taille de l'\u00e9cran\">Inox<\/td>\n<\/tr>\n<tr>\n<th class=\"col label\" scope=\"row\"><b>Garantie<\/b><\/th>\n<td class=\"col data\" data-th=\"Ecran\">1 an<\/td>\n<\/tr>\n<tr>\n<th class=\"col label\" scope=\"row\"><b>Mati\u00e8re de panneau<\/b><\/th>\n<td class=\"col data\" data-th=\"Ecran Tactile\">Verre<\/td>\n<\/tr>\n<tr>\n<th class=\"col label\" scope=\"row\">Type de hotte<\/th>\n<td class=\"col data\" data-th=\"R\u00e9solution d'\u00e9crans\">Casquette<\/td>\n<\/tr>\n<tr>\n<th class=\"col label\" scope=\"row\"><b>Diam\u00e8tre \u00e9vacuation<\/b><\/th>\n<td class=\"col data\" data-th=\"Processeur\">118 mm<\/td>\n<\/tr>\n<tr>\n<th class=\"col label\" scope=\"row\">\n<p style=\"font-weight: 400;\"><b><strong>Double moteur<\/strong><\/b><\/p>\n<\/th>\n<td class=\"col data\" data-th=\"Type Processeur\">Oui<\/td>\n<\/tr>\n<\/tbody>\n<\/table>","protected":false},"excerpt":{"rendered":"<p>R\u00e9f\u00e9rence HOAX60IX Marque Auxtar Nombre de vitesses 3 vitesses Mat\u00e9riaux Acier inoxydable \u00a0Dimension L x P x H : 60 x 50 x 13 cm Couleur Inox Garantie 1 an Mati\u00e8re de panneau Verre Type de hotte Casquette Diam\u00e8tre \u00e9vacuation 118 mm Double moteur Oui<\/p>","protected":false},"featured_media":9837,"comment_status":"open","ping_status":"closed","template":"","meta":[],"product_brand":[21],"product_cat":[66],"product_tag":[],"class_list":{"0":"post-9836","1":"product","2":"type-product","3":"status-publish","4":"has-post-thumbnail","6":"product_brand-auxstar","7":"product_cat-hottes-aspirantes","9":"first","10":"instock","11":"shipping-taxable","12":"purchasable","13":"product-type-simple"},"_links":{"self":[{"href":"https:\/\/electrobennjima.tn\/en\/wp-json\/wp\/v2\/product\/9836","targetHints":{"allow":["GET"]}}],"collection":[{"href":"https:\/\/electrobennjima.tn\/en\/wp-json\/wp\/v2\/product"}],"about":[{"href":"https:\/\/electrobennjima.tn\/en\/wp-json\/wp\/v2\/types\/product"}],"replies":[{"embeddable":true,"href":"https:\/\/electrobennjima.tn\/en\/wp-json\/wp\/v2\/comments?post=9836"}],"wp:featuredmedia":[{"embeddable":true,"href":"https:\/\/electrobennjima.tn\/en\/wp-json\/wp\/v2\/media\/9837"}],"wp:attachment":[{"href":"https:\/\/electrobennjima.tn\/en\/wp-json\/wp\/v2\/media?parent=9836"}],"wp:term":[{"taxonomy":"product_brand","embeddable":true,"href":"https:\/\/electrobennjima.tn\/en\/wp-json\/wp\/v2\/product_brand?post=9836"},{"taxonomy":"product_cat","embeddable":true,"href":"https:\/\/electrobennjima.tn\/en\/wp-json\/wp\/v2\/product_cat?post=9836"},{"taxonomy":"product_tag","embeddable":true,"href":"https:\/\/electrobennjima.tn\/en\/wp-json\/wp\/v2\/product_tag?post=9836"}],"curies":[{"name":"wp","href":"https:\/\/api.w.org\/{rel}","templated":true}]}}