{"id":9855,"date":"2026-04-07T07:43:08","date_gmt":"2026-04-07T07:43:08","guid":{"rendered":"https:\/\/electrobennjima.tn\/?post_type=product&#038;p=9855"},"modified":"2026-04-07T07:43:09","modified_gmt":"2026-04-07T07:43:09","slug":"hotte-enca-80cm-noir-verre-premium","status":"publish","type":"product","link":"https:\/\/electrobennjima.tn\/en\/hotte-enca-80cm-noir-verre-premium\/","title":{"rendered":"HOTTE ENCA 80CM &#8211; NOIR +VERRE PREMIUM"},"content":{"rendered":"<table id=\"product-attribute-specs-table\" class=\"data table additional-attributes\">\n<tbody>\n<tr>\n<th class=\"col label\" scope=\"row\">R\u00e9f\u00e9rence<\/th>\n<td class=\"col data\" data-th=\"gtin\">LAICA.808<\/td>\n<\/tr>\n<tr>\n<th class=\"col label\" scope=\"row\">Marque<\/th>\n<td class=\"col data\" data-th=\"Marque\">Enca<\/td>\n<\/tr>\n<tr>\n<th class=\"col label\" scope=\"row\">Type de hotte<\/th>\n<td class=\"col data\" data-th=\"Gamme PC\">encastrable PREMIUM<\/td>\n<\/tr>\n<tr>\n<th class=\"col label\" scope=\"row\"><strong>Largeur<\/strong><\/th>\n<td class=\"col data\" data-th=\"Gamer\">80cm<\/td>\n<\/tr>\n<tr>\n<th class=\"col label\" scope=\"row\"><strong>D\u00e9bit max<\/strong><\/th>\n<td class=\"col data\" data-th=\"Syst\u00e8me d'exploitation\">850 m\u00b3\/h<\/td>\n<\/tr>\n<tr>\n<th class=\"col label\" scope=\"row\"><strong>Nombre de vitesses<\/strong><\/th>\n<td class=\"col data\" data-th=\"Taille de l'\u00e9cran\">5 Vitesses<\/td>\n<\/tr>\n<tr>\n<th class=\"col label\" scope=\"row\"><strong>Niveau sonore<\/strong><\/th>\n<td class=\"col data\" data-th=\"Ecran\">48 \/ 66 dB<\/td>\n<\/tr>\n<tr>\n<th class=\"col label\" scope=\"row\"><strong>Filtre<\/strong><\/th>\n<td class=\"col data\" data-th=\"Ecran Tactile\">\u00e0 charbon<\/td>\n<\/tr>\n<tr>\n<th class=\"col label\" scope=\"row\"><strong>Couleur<\/strong><\/th>\n<td class=\"col data\" data-th=\"R\u00e9solution d'\u00e9crans\">Noir<\/td>\n<\/tr>\n<tr>\n<th class=\"col label\" scope=\"row\"><strong>Garantie<\/strong><\/th>\n<td class=\"col data\" data-th=\"Processeur\">2 ans<\/td>\n<\/tr>\n<tr>\n<th class=\"col label\" scope=\"row\"><strong>Finition<\/strong><\/th>\n<td class=\"col data\" data-th=\"Type Processeur\">Verre Noir<\/td>\n<\/tr>\n<\/tbody>\n<\/table>","protected":false},"excerpt":{"rendered":"<p>R\u00e9f\u00e9rence LAICA.808 Marque Enca Type de hotte encastrable PREMIUM Largeur 80cm D\u00e9bit max 850 m\u00b3\/h Nombre de vitesses 5 Vitesses Niveau sonore 48 \/ 66 dB Filtre \u00e0 charbon Couleur Noir Garantie 2 ans Finition Verre Noir<\/p>","protected":false},"featured_media":9856,"comment_status":"open","ping_status":"closed","template":"","meta":[],"product_brand":[575],"product_cat":[66],"product_tag":[],"class_list":{"0":"post-9855","1":"product","2":"type-product","3":"status-publish","4":"has-post-thumbnail","6":"product_brand-enca","7":"product_cat-hottes-aspirantes","9":"first","10":"instock","11":"shipping-taxable","12":"purchasable","13":"product-type-simple"},"_links":{"self":[{"href":"https:\/\/electrobennjima.tn\/en\/wp-json\/wp\/v2\/product\/9855","targetHints":{"allow":["GET"]}}],"collection":[{"href":"https:\/\/electrobennjima.tn\/en\/wp-json\/wp\/v2\/product"}],"about":[{"href":"https:\/\/electrobennjima.tn\/en\/wp-json\/wp\/v2\/types\/product"}],"replies":[{"embeddable":true,"href":"https:\/\/electrobennjima.tn\/en\/wp-json\/wp\/v2\/comments?post=9855"}],"wp:featuredmedia":[{"embeddable":true,"href":"https:\/\/electrobennjima.tn\/en\/wp-json\/wp\/v2\/media\/9856"}],"wp:attachment":[{"href":"https:\/\/electrobennjima.tn\/en\/wp-json\/wp\/v2\/media?parent=9855"}],"wp:term":[{"taxonomy":"product_brand","embeddable":true,"href":"https:\/\/electrobennjima.tn\/en\/wp-json\/wp\/v2\/product_brand?post=9855"},{"taxonomy":"product_cat","embeddable":true,"href":"https:\/\/electrobennjima.tn\/en\/wp-json\/wp\/v2\/product_cat?post=9855"},{"taxonomy":"product_tag","embeddable":true,"href":"https:\/\/electrobennjima.tn\/en\/wp-json\/wp\/v2\/product_tag?post=9855"}],"curies":[{"name":"wp","href":"https:\/\/api.w.org\/{rel}","templated":true}]}}