{"id":9905,"date":"2026-04-07T09:31:10","date_gmt":"2026-04-07T09:31:10","guid":{"rendered":"https:\/\/electrobennjima.tn\/?post_type=product&#038;p=9905"},"modified":"2026-04-07T09:31:10","modified_gmt":"2026-04-07T09:31:10","slug":"hotte-hoover-decorative-60cm-en-verre-noir","status":"publish","type":"product","link":"https:\/\/electrobennjima.tn\/en\/hotte-hoover-decorative-60cm-en-verre-noir\/","title":{"rendered":"HOTTE HOOVER DECORATIVE 60CM EN VERRE &#8211; NOIR"},"content":{"rendered":"<table id=\"product-attribute-specs-table\" class=\"data table additional-attributes\">\n<tbody>\n<tr>\n<th class=\"col label\" scope=\"row\">R\u00e9f\u00e9rence<\/th>\n<td class=\"col data\" data-th=\"DISPONIBILIT\u00c9\">HOHDG6CBHT<\/td>\n<\/tr>\n<tr>\n<th class=\"col label\" scope=\"row\">Marque<\/th>\n<td class=\"col data\" data-th=\"Marque\">Hoover<\/td>\n<\/tr>\n<tr>\n<th class=\"col label\" scope=\"row\"><strong>Largeur<\/strong><\/th>\n<td class=\"col data\" data-th=\"Type de Hotte\">60cm<\/td>\n<\/tr>\n<tr>\n<th class=\"col label\" scope=\"row\"><strong>vitesses<\/strong><\/th>\n<td class=\"col data\" data-th=\"Largeur\">3x<\/td>\n<\/tr>\n<tr>\n<th class=\"col label\" scope=\"row\"><strong>Puissance totale des lampes<\/strong><\/th>\n<td class=\"col data\" data-th=\"Profondeur\">4w<\/td>\n<\/tr>\n<tr>\n<th class=\"col label\" scope=\"row\"><strong>Contr\u00f4le\u00a0<\/strong><\/th>\n<td class=\"col data\" data-th=\"D\u00e9bit d'aspiration\">Tactile<\/td>\n<\/tr>\n<tr>\n<th class=\"col label\" scope=\"row\"><strong>Type de filtre \u00e0 graisse<\/strong><\/th>\n<td class=\"col data\" data-th=\"Puissance Lampe\">Multicouche<\/td>\n<\/tr>\n<tr>\n<th class=\"col label\" scope=\"row\"><strong>Couleur<\/strong><\/th>\n<td class=\"col data\" data-th=\"Nombre de vitesses\">Noir<\/td>\n<\/tr>\n<tr>\n<th class=\"col label\" scope=\"row\">Garantie<\/th>\n<td class=\"col data\" data-th=\"Type de Commande\">1 an<\/td>\n<\/tr>\n<tr>\n<th class=\"col label\" scope=\"row\">Type de hotte<\/th>\n<td class=\"col data\" data-th=\"Classe \u00c9nerg\u00e9tique\">D\u00e9corative<\/td>\n<\/tr>\n<\/tbody>\n<\/table>","protected":false},"excerpt":{"rendered":"<p>R\u00e9f\u00e9rence HOHDG6CBHT Marque Hoover Largeur 60cm vitesses 3x Puissance totale des lampes 4w Contr\u00f4le\u00a0 Tactile Type de filtre \u00e0 graisse Multicouche Couleur Noir Garantie 1 an Type de hotte D\u00e9corative<\/p>","protected":false},"featured_media":9906,"comment_status":"open","ping_status":"closed","template":"","meta":[],"product_brand":[98],"product_cat":[66],"product_tag":[],"class_list":{"0":"post-9905","1":"product","2":"type-product","3":"status-publish","4":"has-post-thumbnail","6":"product_brand-hoover","7":"product_cat-hottes-aspirantes","9":"first","10":"instock","11":"shipping-taxable","12":"purchasable","13":"product-type-simple"},"_links":{"self":[{"href":"https:\/\/electrobennjima.tn\/en\/wp-json\/wp\/v2\/product\/9905","targetHints":{"allow":["GET"]}}],"collection":[{"href":"https:\/\/electrobennjima.tn\/en\/wp-json\/wp\/v2\/product"}],"about":[{"href":"https:\/\/electrobennjima.tn\/en\/wp-json\/wp\/v2\/types\/product"}],"replies":[{"embeddable":true,"href":"https:\/\/electrobennjima.tn\/en\/wp-json\/wp\/v2\/comments?post=9905"}],"wp:featuredmedia":[{"embeddable":true,"href":"https:\/\/electrobennjima.tn\/en\/wp-json\/wp\/v2\/media\/9906"}],"wp:attachment":[{"href":"https:\/\/electrobennjima.tn\/en\/wp-json\/wp\/v2\/media?parent=9905"}],"wp:term":[{"taxonomy":"product_brand","embeddable":true,"href":"https:\/\/electrobennjima.tn\/en\/wp-json\/wp\/v2\/product_brand?post=9905"},{"taxonomy":"product_cat","embeddable":true,"href":"https:\/\/electrobennjima.tn\/en\/wp-json\/wp\/v2\/product_cat?post=9905"},{"taxonomy":"product_tag","embeddable":true,"href":"https:\/\/electrobennjima.tn\/en\/wp-json\/wp\/v2\/product_tag?post=9905"}],"curies":[{"name":"wp","href":"https:\/\/api.w.org\/{rel}","templated":true}]}}