{"id":9913,"date":"2026-04-07T09:44:08","date_gmt":"2026-04-07T09:44:08","guid":{"rendered":"https:\/\/electrobennjima.tn\/?post_type=product&#038;p=9913"},"modified":"2026-04-07T09:44:09","modified_gmt":"2026-04-07T09:44:09","slug":"hotte-mont-blanc-decorative-60cm-inox","status":"publish","type":"product","link":"https:\/\/electrobennjima.tn\/en\/hotte-mont-blanc-decorative-60cm-inox\/","title":{"rendered":"HOTTE MONT BLANC DECORATIVE 60CM &#8211; INOX"},"content":{"rendered":"<table id=\"product-attribute-specs-table\" class=\"data table additional-attributes\">\n<tbody>\n<tr>\n<th class=\"col label\" scope=\"row\">R\u00e9f\u00e9rence<\/th>\n<td class=\"col data\" data-th=\"Prix\">HO-HDI60X<\/td>\n<\/tr>\n<tr>\n<th class=\"col label\" scope=\"row\">Marque<\/th>\n<td class=\"col data\" data-th=\"R\u00e9f\u00e9rence:\">Mont blanc<\/td>\n<\/tr>\n<tr>\n<th class=\"col label\" scope=\"row\">Garantie<\/th>\n<td class=\"col data\" data-th=\"Garantie:\">1 an<\/td>\n<\/tr>\n<tr>\n<th class=\"col label\" scope=\"row\">Hotte<\/th>\n<td class=\"col data\" data-th=\"Hotte\">D\u00e9corative<\/td>\n<\/tr>\n<tr>\n<th class=\"col label\" scope=\"row\">Filtre<\/th>\n<td class=\"col data\" data-th=\"Filtre\">M\u00e9tallique<\/td>\n<\/tr>\n<tr>\n<th class=\"col label\" scope=\"row\">R\u00e9glages Vitesse<\/th>\n<td class=\"col data\" data-th=\"R\u00e9glages Vitesse\">x3<\/td>\n<\/tr>\n<tr>\n<th class=\"col label\" scope=\"row\">Volume Aspiration<\/th>\n<td class=\"col data\" data-th=\"Volume Aspiration\">368 m\u00b3\/h<\/td>\n<\/tr>\n<tr>\n<th class=\"col label\" scope=\"row\">Largeur<\/th>\n<td class=\"col data\" data-th=\"Largeur\">60 cm<\/td>\n<\/tr>\n<tr>\n<th class=\"col label\" scope=\"row\">Couleur:<\/th>\n<td class=\"col data\" data-th=\"Couleur:\">Inox<\/td>\n<\/tr>\n<\/tbody>\n<\/table>","protected":false},"excerpt":{"rendered":"<p>R\u00e9f\u00e9rence HO-HDI60X Marque Mont blanc Garantie 1 an Hotte D\u00e9corative Filtre M\u00e9tallique R\u00e9glages Vitesse x3 Volume Aspiration 368 m\u00b3\/h Largeur 60 cm Couleur: Inox<\/p>","protected":false},"featured_media":9914,"comment_status":"open","ping_status":"closed","template":"","meta":[],"product_brand":[23],"product_cat":[66],"product_tag":[],"class_list":{"0":"post-9913","1":"product","2":"type-product","3":"status-publish","4":"has-post-thumbnail","6":"product_brand-mont-blanc","7":"product_cat-hottes-aspirantes","9":"first","10":"instock","11":"shipping-taxable","12":"purchasable","13":"product-type-simple"},"_links":{"self":[{"href":"https:\/\/electrobennjima.tn\/en\/wp-json\/wp\/v2\/product\/9913","targetHints":{"allow":["GET"]}}],"collection":[{"href":"https:\/\/electrobennjima.tn\/en\/wp-json\/wp\/v2\/product"}],"about":[{"href":"https:\/\/electrobennjima.tn\/en\/wp-json\/wp\/v2\/types\/product"}],"replies":[{"embeddable":true,"href":"https:\/\/electrobennjima.tn\/en\/wp-json\/wp\/v2\/comments?post=9913"}],"wp:featuredmedia":[{"embeddable":true,"href":"https:\/\/electrobennjima.tn\/en\/wp-json\/wp\/v2\/media\/9914"}],"wp:attachment":[{"href":"https:\/\/electrobennjima.tn\/en\/wp-json\/wp\/v2\/media?parent=9913"}],"wp:term":[{"taxonomy":"product_brand","embeddable":true,"href":"https:\/\/electrobennjima.tn\/en\/wp-json\/wp\/v2\/product_brand?post=9913"},{"taxonomy":"product_cat","embeddable":true,"href":"https:\/\/electrobennjima.tn\/en\/wp-json\/wp\/v2\/product_cat?post=9913"},{"taxonomy":"product_tag","embeddable":true,"href":"https:\/\/electrobennjima.tn\/en\/wp-json\/wp\/v2\/product_tag?post=9913"}],"curies":[{"name":"wp","href":"https:\/\/api.w.org\/{rel}","templated":true}]}}