{"id":9919,"date":"2026-04-07T10:05:45","date_gmt":"2026-04-07T10:05:45","guid":{"rendered":"https:\/\/electrobennjima.tn\/?post_type=product&#038;p=9919"},"modified":"2026-04-07T10:05:45","modified_gmt":"2026-04-07T10:05:45","slug":"hotte-mont-blanc-decorative-noir","status":"publish","type":"product","link":"https:\/\/electrobennjima.tn\/en\/hotte-mont-blanc-decorative-noir\/","title":{"rendered":"HOTTE MONT BLANC DECORATIVE &#8211; NOIR"},"content":{"rendered":"<table id=\"product-attribute-specs-table\" class=\"data table additional-attributes\">\n<tbody>\n<tr>\n<th class=\"col label\" scope=\"row\">R\u00e9f\u00e9rence<\/th>\n<td class=\"col data\" data-th=\"DISPONIBILIT\u00c9\">HOHD60B60CM<\/td>\n<\/tr>\n<tr>\n<th class=\"col label\" scope=\"row\">Marque<\/th>\n<td class=\"col data\" data-th=\"Marque\">MONTBLANC<\/td>\n<\/tr>\n<tr>\n<th class=\"col label\" scope=\"row\">Type de Hotte<\/th>\n<td class=\"col data\" data-th=\"Type de Hotte\">D\u00e9corative<\/td>\n<\/tr>\n<tr>\n<th class=\"col label\" scope=\"row\">Largeur<\/th>\n<td class=\"col data\" data-th=\"Largeur\">60 cm<\/td>\n<\/tr>\n<tr>\n<th class=\"col label\" scope=\"row\">Profondeur<\/th>\n<td class=\"col data\" data-th=\"Profondeur\">Autres<\/td>\n<\/tr>\n<tr>\n<th class=\"col label\" scope=\"row\">D\u00e9bit d&rsquo;aspiration<\/th>\n<td class=\"col data\" data-th=\"D\u00e9bit d'aspiration\">450 m\u00b3\/h<\/td>\n<\/tr>\n<tr>\n<th class=\"col label\" scope=\"row\">Nombre de vitesses<\/th>\n<td class=\"col data\" data-th=\"Nombre de vitesses\">3 Vitesse<\/td>\n<\/tr>\n<tr>\n<th class=\"col label\" scope=\"row\">Type de Commande<\/th>\n<td class=\"col data\" data-th=\"Type de Commande\">Manuelle<\/td>\n<\/tr>\n<tr>\n<th class=\"col label\" scope=\"row\">Classe \u00c9nerg\u00e9tique<\/th>\n<td class=\"col data\" data-th=\"Classe \u00c9nerg\u00e9tique\">A+<\/td>\n<\/tr>\n<tr>\n<th class=\"col label\" scope=\"row\">Niveau Sonore<\/th>\n<td class=\"col data\" data-th=\"Niveau Sonore\">Autres<\/td>\n<\/tr>\n<tr>\n<th class=\"col label\" scope=\"row\">Couleur<\/th>\n<td class=\"col data\" data-th=\"Couleur\">Inox<\/td>\n<\/tr>\n<tr>\n<th class=\"col label\" scope=\"row\">Garantie<\/th>\n<td class=\"col data\" data-th=\"Garantie\">2 ans<\/td>\n<\/tr>\n<\/tbody>\n<\/table>","protected":false},"excerpt":{"rendered":"<p>R\u00e9f\u00e9rence HOHD60B60CM Marque MONTBLANC Type de Hotte D\u00e9corative Largeur 60 cm Profondeur Autres D\u00e9bit d&rsquo;aspiration 450 m\u00b3\/h Nombre de vitesses 3 Vitesse Type de Commande Manuelle Classe \u00c9nerg\u00e9tique A+ Niveau Sonore Autres Couleur Inox Garantie 2 ans<\/p>","protected":false},"featured_media":9920,"comment_status":"open","ping_status":"closed","template":"","meta":[],"product_brand":[23],"product_cat":[66],"product_tag":[],"class_list":{"0":"post-9919","1":"product","2":"type-product","3":"status-publish","4":"has-post-thumbnail","6":"product_brand-mont-blanc","7":"product_cat-hottes-aspirantes","9":"first","10":"instock","11":"shipping-taxable","12":"purchasable","13":"product-type-simple"},"_links":{"self":[{"href":"https:\/\/electrobennjima.tn\/en\/wp-json\/wp\/v2\/product\/9919","targetHints":{"allow":["GET"]}}],"collection":[{"href":"https:\/\/electrobennjima.tn\/en\/wp-json\/wp\/v2\/product"}],"about":[{"href":"https:\/\/electrobennjima.tn\/en\/wp-json\/wp\/v2\/types\/product"}],"replies":[{"embeddable":true,"href":"https:\/\/electrobennjima.tn\/en\/wp-json\/wp\/v2\/comments?post=9919"}],"wp:featuredmedia":[{"embeddable":true,"href":"https:\/\/electrobennjima.tn\/en\/wp-json\/wp\/v2\/media\/9920"}],"wp:attachment":[{"href":"https:\/\/electrobennjima.tn\/en\/wp-json\/wp\/v2\/media?parent=9919"}],"wp:term":[{"taxonomy":"product_brand","embeddable":true,"href":"https:\/\/electrobennjima.tn\/en\/wp-json\/wp\/v2\/product_brand?post=9919"},{"taxonomy":"product_cat","embeddable":true,"href":"https:\/\/electrobennjima.tn\/en\/wp-json\/wp\/v2\/product_cat?post=9919"},{"taxonomy":"product_tag","embeddable":true,"href":"https:\/\/electrobennjima.tn\/en\/wp-json\/wp\/v2\/product_tag?post=9919"}],"curies":[{"name":"wp","href":"https:\/\/api.w.org\/{rel}","templated":true}]}}