{"id":9925,"date":"2026-04-07T10:16:05","date_gmt":"2026-04-07T10:16:05","guid":{"rendered":"https:\/\/electrobennjima.tn\/?post_type=product&#038;p=9925"},"modified":"2026-04-07T10:16:05","modified_gmt":"2026-04-07T10:16:05","slug":"hotte-mont-blanc-noir","status":"publish","type":"product","link":"https:\/\/electrobennjima.tn\/en\/hotte-mont-blanc-noir\/","title":{"rendered":"HOTTE MONT BLANC &#8211; NOIR"},"content":{"rendered":"<table id=\"product-attribute-specs-table\" class=\"data table additional-attributes\">\n<tbody>\n<tr>\n<th class=\"col label\" scope=\"row\">R\u00e9f\u00e9rence<\/th>\n<td class=\"col data\" data-th=\"DISPONIBILIT\u00c9\">HA60B60CM<\/td>\n<\/tr>\n<tr>\n<th class=\"col label\" scope=\"row\">Marque<\/th>\n<td class=\"col data\" data-th=\"Marque\">MONTBLANC<\/td>\n<\/tr>\n<tr>\n<th class=\"col label\" scope=\"row\">Type de hotte<\/th>\n<td class=\"col data\" data-th=\"Type de Hotte\">D\u00e9corative<\/td>\n<\/tr>\n<tr>\n<th class=\"col label\" scope=\"row\">Largeur<\/th>\n<td class=\"col data\" data-th=\"Largeur\">60CM<\/td>\n<\/tr>\n<tr>\n<th class=\"col label\" scope=\"row\">vitesses<\/th>\n<td class=\"col data\" data-th=\"Profondeur\">3<\/td>\n<\/tr>\n<tr>\n<th class=\"col label\" scope=\"row\">Commande tactile<\/th>\n<td class=\"col data\" data-th=\"D\u00e9bit d'aspiration\">Oui<\/td>\n<\/tr>\n<tr>\n<th class=\"col label\" scope=\"row\">Filtre m\u00e9tallique lavable<\/th>\n<td class=\"col data\" data-th=\"Nombre de vitesses\"><strong>670 m3\/H<\/strong><\/td>\n<\/tr>\n<tr>\n<th class=\"col label\" scope=\"row\">Lampe LED<\/th>\n<td class=\"col data\" data-th=\"Type de Commande\">Oui<\/td>\n<\/tr>\n<tr>\n<th class=\"col label\" scope=\"row\">\u00c9cran tactile<\/th>\n<td class=\"col data\" data-th=\"Classe \u00c9nerg\u00e9tique\">Oui<\/td>\n<\/tr>\n<tr>\n<th class=\"col label\" scope=\"row\">Couleur<\/th>\n<td class=\"col data\" data-th=\"Niveau Sonore\">Noir<\/td>\n<\/tr>\n<tr>\n<th class=\"col label\" scope=\"row\">Garantie<\/th>\n<td class=\"col data\" data-th=\"Couleur\">1 an<\/td>\n<\/tr>\n<\/tbody>\n<\/table>","protected":false},"excerpt":{"rendered":"<p>R\u00e9f\u00e9rence HA60B60CM Marque MONTBLANC Type de hotte D\u00e9corative Largeur 60CM vitesses 3 Commande tactile Oui Filtre m\u00e9tallique lavable 670 m3\/H Lampe LED Oui \u00c9cran tactile Oui Couleur Noir Garantie 1 an<\/p>","protected":false},"featured_media":9926,"comment_status":"open","ping_status":"closed","template":"","meta":[],"product_brand":[23],"product_cat":[66],"product_tag":[],"class_list":{"0":"post-9925","1":"product","2":"type-product","3":"status-publish","4":"has-post-thumbnail","6":"product_brand-mont-blanc","7":"product_cat-hottes-aspirantes","9":"first","10":"instock","11":"shipping-taxable","12":"purchasable","13":"product-type-simple"},"_links":{"self":[{"href":"https:\/\/electrobennjima.tn\/en\/wp-json\/wp\/v2\/product\/9925","targetHints":{"allow":["GET"]}}],"collection":[{"href":"https:\/\/electrobennjima.tn\/en\/wp-json\/wp\/v2\/product"}],"about":[{"href":"https:\/\/electrobennjima.tn\/en\/wp-json\/wp\/v2\/types\/product"}],"replies":[{"embeddable":true,"href":"https:\/\/electrobennjima.tn\/en\/wp-json\/wp\/v2\/comments?post=9925"}],"wp:featuredmedia":[{"embeddable":true,"href":"https:\/\/electrobennjima.tn\/en\/wp-json\/wp\/v2\/media\/9926"}],"wp:attachment":[{"href":"https:\/\/electrobennjima.tn\/en\/wp-json\/wp\/v2\/media?parent=9925"}],"wp:term":[{"taxonomy":"product_brand","embeddable":true,"href":"https:\/\/electrobennjima.tn\/en\/wp-json\/wp\/v2\/product_brand?post=9925"},{"taxonomy":"product_cat","embeddable":true,"href":"https:\/\/electrobennjima.tn\/en\/wp-json\/wp\/v2\/product_cat?post=9925"},{"taxonomy":"product_tag","embeddable":true,"href":"https:\/\/electrobennjima.tn\/en\/wp-json\/wp\/v2\/product_tag?post=9925"}],"curies":[{"name":"wp","href":"https:\/\/api.w.org\/{rel}","templated":true}]}}