{"id":9928,"date":"2026-04-07T10:27:14","date_gmt":"2026-04-07T10:27:14","guid":{"rendered":"https:\/\/electrobennjima.tn\/?post_type=product&#038;p=9928"},"modified":"2026-04-07T10:27:14","modified_gmt":"2026-04-07T10:27:14","slug":"hotte-mont-blanc-inclinee-inox-noir","status":"publish","type":"product","link":"https:\/\/electrobennjima.tn\/en\/hotte-mont-blanc-inclinee-inox-noir\/","title":{"rendered":"HOTTE MONT  BLANC INCLINEE  \/ INOX-NOIR"},"content":{"rendered":"<table id=\"product-attribute-specs-table\" class=\"data table additional-attributes\">\n<tbody>\n<tr>\n<th class=\"col label\" scope=\"row\">R\u00e9f\u00e9rence<\/th>\n<td class=\"col data\" data-th=\"DISPONIBILIT\u00c9\">HOHDI60BLX60CM<\/td>\n<\/tr>\n<tr>\n<th class=\"col label\" scope=\"row\">Marque<\/th>\n<td class=\"col data\" data-th=\"Marque\">MONTBLANC<\/td>\n<\/tr>\n<tr>\n<th class=\"col label\" scope=\"row\"><strong>Largeur<\/strong><\/th>\n<td class=\"col data\" data-th=\"Type de Hotte\">60CM<\/td>\n<\/tr>\n<tr>\n<th class=\"col label\" scope=\"row\"><strong>D\u00e9bit d&rsquo;aspiration<\/strong><\/th>\n<td class=\"col data\" data-th=\"Largeur\">650m\u00b3\/h<\/td>\n<\/tr>\n<tr>\n<th class=\"col label\" scope=\"row\"><strong>Commande\u00a0<\/strong><\/th>\n<td class=\"col data\" data-th=\"Profondeur\">Tactile<\/td>\n<\/tr>\n<tr>\n<th class=\"col label\" scope=\"row\"><strong>Nombre de Vitesses<\/strong><\/th>\n<td class=\"col data\" data-th=\"D\u00e9bit d'aspiration\">3 Vitesses<\/td>\n<\/tr>\n<tr>\n<th class=\"col label\" scope=\"row\"><strong>Lampe<\/strong><\/th>\n<td class=\"col data\" data-th=\"Nombre de vitesses\">Led<\/td>\n<\/tr>\n<tr>\n<th class=\"col label\" scope=\"row\"><strong>Couleur<\/strong><\/th>\n<td class=\"col data\" data-th=\"Type de Commande\">Noir et inox<\/td>\n<\/tr>\n<tr>\n<th class=\"col label\" scope=\"row\">Garantie<\/th>\n<td class=\"col data\" data-th=\"Classe \u00c9nerg\u00e9tique\">2 ans<\/td>\n<\/tr>\n<tr>\n<th class=\"col label\" scope=\"row\"><strong>\u00a0Filtre m\u00e9tallique<\/strong><\/th>\n<td class=\"col data\" data-th=\"Niveau Sonore\">lavable<\/td>\n<\/tr>\n<\/tbody>\n<\/table>","protected":false},"excerpt":{"rendered":"<p>R\u00e9f\u00e9rence HOHDI60BLX60CM Marque MONTBLANC Largeur 60CM D\u00e9bit d&rsquo;aspiration 650m\u00b3\/h Commande\u00a0 Tactile Nombre de Vitesses 3 Vitesses Lampe Led Couleur Noir et inox Garantie 2 ans \u00a0Filtre m\u00e9tallique lavable<\/p>","protected":false},"featured_media":9929,"comment_status":"open","ping_status":"closed","template":"","meta":[],"product_brand":[23],"product_cat":[66],"product_tag":[],"class_list":{"0":"post-9928","1":"product","2":"type-product","3":"status-publish","4":"has-post-thumbnail","6":"product_brand-mont-blanc","7":"product_cat-hottes-aspirantes","9":"first","10":"instock","11":"shipping-taxable","12":"purchasable","13":"product-type-simple"},"_links":{"self":[{"href":"https:\/\/electrobennjima.tn\/en\/wp-json\/wp\/v2\/product\/9928","targetHints":{"allow":["GET"]}}],"collection":[{"href":"https:\/\/electrobennjima.tn\/en\/wp-json\/wp\/v2\/product"}],"about":[{"href":"https:\/\/electrobennjima.tn\/en\/wp-json\/wp\/v2\/types\/product"}],"replies":[{"embeddable":true,"href":"https:\/\/electrobennjima.tn\/en\/wp-json\/wp\/v2\/comments?post=9928"}],"wp:featuredmedia":[{"embeddable":true,"href":"https:\/\/electrobennjima.tn\/en\/wp-json\/wp\/v2\/media\/9929"}],"wp:attachment":[{"href":"https:\/\/electrobennjima.tn\/en\/wp-json\/wp\/v2\/media?parent=9928"}],"wp:term":[{"taxonomy":"product_brand","embeddable":true,"href":"https:\/\/electrobennjima.tn\/en\/wp-json\/wp\/v2\/product_brand?post=9928"},{"taxonomy":"product_cat","embeddable":true,"href":"https:\/\/electrobennjima.tn\/en\/wp-json\/wp\/v2\/product_cat?post=9928"},{"taxonomy":"product_tag","embeddable":true,"href":"https:\/\/electrobennjima.tn\/en\/wp-json\/wp\/v2\/product_tag?post=9928"}],"curies":[{"name":"wp","href":"https:\/\/api.w.org\/{rel}","templated":true}]}}