{"id":9935,"date":"2026-04-07T10:38:03","date_gmt":"2026-04-07T10:38:03","guid":{"rendered":"https:\/\/electrobennjima.tn\/?post_type=product&#038;p=9935"},"modified":"2026-04-07T10:38:03","modified_gmt":"2026-04-07T10:38:03","slug":"hotte-premium-pyramide-60cm-noir","status":"publish","type":"product","link":"https:\/\/electrobennjima.tn\/en\/hotte-premium-pyramide-60cm-noir\/","title":{"rendered":"HOTTE PREMIUM PYRAMIDE 60CM &#8211; NOIR"},"content":{"rendered":"<table id=\"product-attribute-specs-table\" class=\"data table additional-attributes\">\n<tbody>\n<tr>\n<th class=\"col label\" scope=\"row\">R\u00e9f\u00e9rence:<\/th>\n<td class=\"col data\" data-th=\"Prix\">CELNA.60B<\/td>\n<\/tr>\n<tr>\n<th class=\"col label\" scope=\"row\">Marque<\/th>\n<td class=\"col data\" data-th=\"R\u00e9f\u00e9rence:\">Premium<\/td>\n<\/tr>\n<tr>\n<th class=\"col label\" scope=\"row\">Garantie<\/th>\n<td class=\"col data\" data-th=\"Garantie:\">1 an<\/td>\n<\/tr>\n<tr>\n<th class=\"col label\" scope=\"row\">Hotte<\/th>\n<td class=\"col data\" data-th=\"Hotte\">Pyramide<\/td>\n<\/tr>\n<tr>\n<th class=\"col label\" scope=\"row\">Filtre<\/th>\n<td class=\"col data\" data-th=\"Filtre\">\u00e0 Charbon<\/td>\n<\/tr>\n<tr>\n<th class=\"col label\" scope=\"row\">R\u00e9glages Vitesse<\/th>\n<td class=\"col data\" data-th=\"R\u00e9glages Vitesse\">x3<\/td>\n<\/tr>\n<tr>\n<th class=\"col label\" scope=\"row\">Volume Aspiration<\/th>\n<td class=\"col data\" data-th=\"Volume Aspiration\">400 m\u00b3\/h<\/td>\n<\/tr>\n<tr>\n<th class=\"col label\" scope=\"row\">Largeur<\/th>\n<td class=\"col data\" data-th=\"Largeur\">60 cm<\/td>\n<\/tr>\n<tr>\n<th class=\"col label\" scope=\"row\">Couleur:<\/th>\n<td class=\"col data\" data-th=\"Couleur:\">Noir<\/td>\n<\/tr>\n<\/tbody>\n<\/table>","protected":false},"excerpt":{"rendered":"<p>R\u00e9f\u00e9rence: CELNA.60B Marque Premium Garantie 1 an Hotte Pyramide Filtre \u00e0 Charbon R\u00e9glages Vitesse x3 Volume Aspiration 400 m\u00b3\/h Largeur 60 cm Couleur: Noir<\/p>","protected":false},"featured_media":9936,"comment_status":"open","ping_status":"closed","template":"","meta":[],"product_brand":[201],"product_cat":[66],"product_tag":[],"class_list":{"0":"post-9935","1":"product","2":"type-product","3":"status-publish","4":"has-post-thumbnail","6":"product_brand-premium","7":"product_cat-hottes-aspirantes","9":"first","10":"instock","11":"shipping-taxable","12":"purchasable","13":"product-type-simple"},"_links":{"self":[{"href":"https:\/\/electrobennjima.tn\/en\/wp-json\/wp\/v2\/product\/9935","targetHints":{"allow":["GET"]}}],"collection":[{"href":"https:\/\/electrobennjima.tn\/en\/wp-json\/wp\/v2\/product"}],"about":[{"href":"https:\/\/electrobennjima.tn\/en\/wp-json\/wp\/v2\/types\/product"}],"replies":[{"embeddable":true,"href":"https:\/\/electrobennjima.tn\/en\/wp-json\/wp\/v2\/comments?post=9935"}],"wp:featuredmedia":[{"embeddable":true,"href":"https:\/\/electrobennjima.tn\/en\/wp-json\/wp\/v2\/media\/9936"}],"wp:attachment":[{"href":"https:\/\/electrobennjima.tn\/en\/wp-json\/wp\/v2\/media?parent=9935"}],"wp:term":[{"taxonomy":"product_brand","embeddable":true,"href":"https:\/\/electrobennjima.tn\/en\/wp-json\/wp\/v2\/product_brand?post=9935"},{"taxonomy":"product_cat","embeddable":true,"href":"https:\/\/electrobennjima.tn\/en\/wp-json\/wp\/v2\/product_cat?post=9935"},{"taxonomy":"product_tag","embeddable":true,"href":"https:\/\/electrobennjima.tn\/en\/wp-json\/wp\/v2\/product_tag?post=9935"}],"curies":[{"name":"wp","href":"https:\/\/api.w.org\/{rel}","templated":true}]}}