{"id":9955,"date":"2026-04-07T11:37:23","date_gmt":"2026-04-07T11:37:23","guid":{"rendered":"https:\/\/electrobennjima.tn\/?post_type=product&#038;p=9955"},"modified":"2026-04-07T11:37:24","modified_gmt":"2026-04-07T11:37:24","slug":"plaque-arthur-martin-5-feux-verre-noir","status":"publish","type":"product","link":"https:\/\/electrobennjima.tn\/en\/plaque-arthur-martin-5-feux-verre-noir\/","title":{"rendered":"PLAQUE ARTHUR MARTIN 5 FEUX &#8211; VERRE NOIR"},"content":{"rendered":"<table id=\"product-attribute-specs-table\" class=\"data table additional-attributes\">\n<tbody>\n<tr>\n<th class=\"col label\" scope=\"row\">R\u00e9f\u00e9rence<\/th>\n<td class=\"col data\" data-th=\"gtin\">PLAMP75B<\/td>\n<\/tr>\n<tr>\n<th class=\"col label\" scope=\"row\">Marque<\/th>\n<td class=\"col data\" data-th=\"Marque\">Arthur martin<\/td>\n<\/tr>\n<tr>\n<th class=\"col label\" scope=\"row\">Largeur<\/th>\n<td class=\"col data\" data-th=\"Type de Pose\">70cm<\/td>\n<\/tr>\n<tr>\n<th class=\"col label\" scope=\"row\">Nombre de bruleurs<\/th>\n<td class=\"col data\" data-th=\"Nombre de Foyers\">5 Bruleurs<\/td>\n<\/tr>\n<tr>\n<th class=\"col label\" scope=\"row\">Commande Frontale<\/th>\n<td class=\"col data\" data-th=\"\u00c9nergie Utilis\u00e9e\">S\u00e9curit\u00e9 Thermocouple<\/td>\n<\/tr>\n<tr>\n<th class=\"col label\" scope=\"row\">Couleur<\/th>\n<td class=\"col data\" data-th=\"Type de Plaque\">Verre noir<\/td>\n<\/tr>\n<tr>\n<th class=\"col label\" scope=\"row\">Type de plaque<\/th>\n<td class=\"col data\" data-th=\"Thermocouple\">encastrable<\/td>\n<\/tr>\n<tr>\n<th class=\"col label\" scope=\"row\"><strong>Grille en Fonte<\/strong><\/th>\n<td class=\"col data\" data-th=\"Grilles\">Oui<\/td>\n<\/tr>\n<\/tbody>\n<\/table>","protected":false},"excerpt":{"rendered":"<p>R\u00e9f\u00e9rence PLAMP75B Marque Arthur martin Largeur 70cm Nombre de bruleurs 5 Bruleurs Commande Frontale S\u00e9curit\u00e9 Thermocouple Couleur Verre noir Type de plaque encastrable Grille en Fonte Oui<\/p>","protected":false},"featured_media":9956,"comment_status":"open","ping_status":"closed","template":"","meta":[],"product_brand":[243],"product_cat":[62],"product_tag":[],"class_list":{"0":"post-9955","1":"product","2":"type-product","3":"status-publish","4":"has-post-thumbnail","6":"product_brand-arthur-martin","7":"product_cat-plaques-de-cuisson","9":"first","10":"instock","11":"shipping-taxable","12":"purchasable","13":"product-type-simple"},"_links":{"self":[{"href":"https:\/\/electrobennjima.tn\/en\/wp-json\/wp\/v2\/product\/9955","targetHints":{"allow":["GET"]}}],"collection":[{"href":"https:\/\/electrobennjima.tn\/en\/wp-json\/wp\/v2\/product"}],"about":[{"href":"https:\/\/electrobennjima.tn\/en\/wp-json\/wp\/v2\/types\/product"}],"replies":[{"embeddable":true,"href":"https:\/\/electrobennjima.tn\/en\/wp-json\/wp\/v2\/comments?post=9955"}],"wp:featuredmedia":[{"embeddable":true,"href":"https:\/\/electrobennjima.tn\/en\/wp-json\/wp\/v2\/media\/9956"}],"wp:attachment":[{"href":"https:\/\/electrobennjima.tn\/en\/wp-json\/wp\/v2\/media?parent=9955"}],"wp:term":[{"taxonomy":"product_brand","embeddable":true,"href":"https:\/\/electrobennjima.tn\/en\/wp-json\/wp\/v2\/product_brand?post=9955"},{"taxonomy":"product_cat","embeddable":true,"href":"https:\/\/electrobennjima.tn\/en\/wp-json\/wp\/v2\/product_cat?post=9955"},{"taxonomy":"product_tag","embeddable":true,"href":"https:\/\/electrobennjima.tn\/en\/wp-json\/wp\/v2\/product_tag?post=9955"}],"curies":[{"name":"wp","href":"https:\/\/api.w.org\/{rel}","templated":true}]}}